{"id":3308,"date":"2021-03-02T21:49:42","date_gmt":"2021-03-02T21:49:42","guid":{"rendered":"https:\/\/urbex.direct\/product\/house-of-wheelchairs\/"},"modified":"2022-01-27T08:43:07","modified_gmt":"2022-01-27T08:43:07","slug":"dom-na-kolkach","status":"publish","type":"product","link":"https:\/\/urbex.direct\/pl\/product\/house-of-wheelchairs\/","title":{"rendered":"Dom w\u00f3zk\u00f3w inwalidzkich"},"content":{"rendered":"","protected":false},"excerpt":{"rendered":"<p>Sprzeda\u017c i renowacja<\/p>","protected":false},"featured_media":3305,"template":"","meta":[],"product_brand":[],"product_cat":[210,221],"product_tag":[41,44],"class_list":{"0":"post-3308","1":"product","2":"type-product","3":"status-publish","4":"has-post-thumbnail","6":"product_cat-germany","7":"product_cat-saxony-anhalt","8":"product_tag-coordinaten","9":"product_tag-geenurbex","11":"first","12":"outofstock","13":"downloadable","14":"taxable","15":"shipping-taxable","16":"purchasable","17":"product-type-simple"},"jetpack_sharing_enabled":true,"_links":{"self":[{"href":"https:\/\/urbex.direct\/pl\/wp-json\/wp\/v2\/product\/3308","targetHints":{"allow":["GET"]}}],"collection":[{"href":"https:\/\/urbex.direct\/pl\/wp-json\/wp\/v2\/product"}],"about":[{"href":"https:\/\/urbex.direct\/pl\/wp-json\/wp\/v2\/types\/product"}],"wp:featuredmedia":[{"embeddable":true,"href":"https:\/\/urbex.direct\/pl\/wp-json\/wp\/v2\/media\/3305"}],"wp:attachment":[{"href":"https:\/\/urbex.direct\/pl\/wp-json\/wp\/v2\/media?parent=3308"}],"wp:term":[{"taxonomy":"product_brand","embeddable":true,"href":"https:\/\/urbex.direct\/pl\/wp-json\/wp\/v2\/product_brand?post=3308"},{"taxonomy":"product_cat","embeddable":true,"href":"https:\/\/urbex.direct\/pl\/wp-json\/wp\/v2\/product_cat?post=3308"},{"taxonomy":"product_tag","embeddable":true,"href":"https:\/\/urbex.direct\/pl\/wp-json\/wp\/v2\/product_tag?post=3308"}],"curies":[{"name":"wp","href":"https:\/\/api.w.org\/{rel}","templated":true}]}}