{"id":32487,"date":"2021-09-29T23:17:48","date_gmt":"2021-09-29T22:17:48","guid":{"rendered":"https:\/\/urbex.direct\/product\/theatre-abandonne\/"},"modified":"2023-11-16T22:07:14","modified_gmt":"2023-11-16T22:07:14","slug":"theatre-abandonne","status":"publish","type":"product","link":"https:\/\/urbex.direct\/pl\/product\/theatre-abandonne\/","title":{"rendered":"Th\u00e9\u00e2tre Abandonn\u00e9"},"content":{"rendered":"","protected":false},"excerpt":{"rendered":"<p>Zburzony<\/p>","protected":false},"featured_media":50616,"template":"","meta":[],"product_brand":[],"product_cat":[227,226,1009],"product_tag":[44],"class_list":{"0":"post-32487","1":"product","2":"type-product","3":"status-publish","4":"has-post-thumbnail","6":"product_cat-auvergne-rhone-alps","7":"product_cat-france","8":"product_cat-rhone-69","9":"product_tag-geenurbex","11":"first","12":"outofstock","13":"downloadable","14":"taxable","15":"shipping-taxable","16":"purchasable","17":"product-type-simple"},"jetpack_sharing_enabled":true,"_links":{"self":[{"href":"https:\/\/urbex.direct\/pl\/wp-json\/wp\/v2\/product\/32487","targetHints":{"allow":["GET"]}}],"collection":[{"href":"https:\/\/urbex.direct\/pl\/wp-json\/wp\/v2\/product"}],"about":[{"href":"https:\/\/urbex.direct\/pl\/wp-json\/wp\/v2\/types\/product"}],"wp:featuredmedia":[{"embeddable":true,"href":"https:\/\/urbex.direct\/pl\/wp-json\/wp\/v2\/media\/50616"}],"wp:attachment":[{"href":"https:\/\/urbex.direct\/pl\/wp-json\/wp\/v2\/media?parent=32487"}],"wp:term":[{"taxonomy":"product_brand","embeddable":true,"href":"https:\/\/urbex.direct\/pl\/wp-json\/wp\/v2\/product_brand?post=32487"},{"taxonomy":"product_cat","embeddable":true,"href":"https:\/\/urbex.direct\/pl\/wp-json\/wp\/v2\/product_cat?post=32487"},{"taxonomy":"product_tag","embeddable":true,"href":"https:\/\/urbex.direct\/pl\/wp-json\/wp\/v2\/product_tag?post=32487"}],"curies":[{"name":"wp","href":"https:\/\/api.w.org\/{rel}","templated":true}]}}