{"id":14649,"date":"2021-07-03T16:22:08","date_gmt":"2021-07-03T15:22:08","guid":{"rendered":"https:\/\/urbex.direct\/?post_type=product&#038;p=14649"},"modified":"2025-05-16T23:36:20","modified_gmt":"2025-05-16T22:36:20","slug":"mapa-lokalizacji-liege","status":"publish","type":"product","link":"https:\/\/urbex.direct\/pl\/product\/location-map-be-liege\/","title":{"rendered":"Urbex Map Belgium: Liege (dost\u0119p na 1 lub 2 lata)"},"content":{"rendered":"<p>Mapa zawiera nast\u0119puj\u0105ce lokalizacje: <ul><li>Agnus Dei<\/li><li>Usine CHR<\/li><li>Epaves du baron<\/li><li>Niebieski Ko\u015bci\u00f3\u0142 Chrystusa<\/li><li>Bunkier CDF<\/li><li>Charbonnage du Renard<\/li><li>Chateau de la Montagne<\/li><li>Chateau Elise<\/li><li>Chateau Louva<\/li><li>Chateau Robe Rouge<\/li><li>Ch\u00e2teau Montagne<\/li><li>Pok\u00f3j kontrolny L<\/li><li>Pok\u00f3j kontrolny S<\/li><li>Eglise S<\/li><li>Fabryka S<\/li><li>Ferme du Sergeant<\/li><li>Zalany gara\u017c<\/li><li>Fort De La Chartreuse<\/li><li>Het Trein Seinhuis \/ La bo\u00eete de signalisation du train<\/li><li>HFB<\/li><li>Kamienio\u0142om Indiana Jones<\/li><li>Ma\u0142y Zielony Dom<\/li><li>Samotny kemping<\/li><li>Lost Mig<\/li><li>Zagubiony tenis<\/li><li>Maison aux Chapeaux<\/li><li>Maison Boveroth<\/li><li>Maison de la Dessinatrice<\/li><li>Maison du Banquier<\/li><li>Maison du B\u00fbcheron<\/li><li>Maison Mafiusso<\/li><li>Maison Mini<\/li><li>Maison River<\/li><li>Maison Sualem<\/li><li>Maison Tuur<\/li><li>Manoir Limo<\/li><li>Monastere Antoinette<\/li><li>Stara stacja benzynowa<\/li><li>Old Iron CS<\/li><li>Pinokkio \/ Fabryka Wapienia<\/li><li>Wi\u0119zienie H11<\/li><li>Racing Hotel F<\/li><li>Radar Love<\/li><li>Wy\u015bcig na dachu<\/li><li>Ruine A<\/li><li>Ruiny zamku d&#039;Ambleve<\/li><li>Schooltje R<\/li><li>Stacja Montzen<\/li><li>Usine Truffaut<\/li><li>Usine Vieille Montagne<\/li><li>Villa Mistral<\/li><li>Villa Recteur Dubuisson<\/li><li>Miejsce pracy Woodpacker<\/li><li>Fabryka We\u0142ny<\/li><li>Lokomotywa warsztatowa<\/li><li>BMW Forest<\/li><li>Usine Razor<\/li><li>Maison Alfa Romeo<\/li><li>Tunel WW2<\/li><li>Armia samochod\u00f3w<\/li><li>Energie Centrale JC \/ Elektrownia JC<\/li><li>Crash Cars<\/li><li>Ko\u015bci\u00f3\u0142 manekin\u00f3w<\/li><li>Maison Maria Rossa<\/li><li>Szko\u0142a Graffiti<\/li><li>Kostnica 2.0<\/li><li>Le Chinois<\/li><li>Maison de la chaussure verte<\/li><li>Gare Fantome \/ Spooktreinen<\/li><li>Trumna Morgeu<\/li><li>Chateau SS<\/li><li>Four \u00e0 Chaux H<\/li><li>Eglise de Medecine<\/li><li>Chateau Vincent<\/li><li>Domek dla lalek Maison<\/li><li>Piscine Primus<\/li><li>Usine HSL<\/li><li>Autobus Dame Blanche<\/li><li>Pantser Car<\/li><li>Maison Burning Man<\/li><li>Kamienio\u0142om Blue Lake<\/li><li>Hasard Cheratte \/ Charbonnage du Hasard<\/li><li>Kajak Piscine<\/li><li>Jeep Shed<\/li><li>Maison Pink Teddy<\/li><li>Gospodarstwo z problemem<\/li><li>Kolorowe ruiny kaplicy<\/li><li>Descente aux Enfers<\/li><li>Gara\u017c Illu<\/li><li>Utopiony gara\u017c<\/li><li>Ecole Fouarage<\/li><li>Maison Loax<\/li><li>Maison Anouchka<\/li><li>Zielona \u015awi\u0105tynia<\/li><li>\u015awi\u0119ta cisza<\/li><li>Maison de repos D ]<\/li><li>Maison de l'architecte<\/li><li>H\u00f4tel de la b<\/li><\/ul><\/p>","protected":false},"excerpt":{"rendered":"<p>Ta mapa urbex zawiera wszystkie lokalizacje eksploracji miejskiej (urbex) w<strong> Belgia, Liege.<\/strong> <\/p>\n<p>Ta mapa zagubionych miejsc b\u0119dzie aktualizowana i dost\u0119pna przez co najmniej 365 dni od zakupu. Ta mapa zawiera obecnie 98 najbardziej unikalnych miejskich lokalizacji w Belgii: Liege i jest dost\u0119pna z dowolnego miejsca dzi\u0119ki naszej \u0142atwej w u\u017cyciu mapie<strong>. <\/p>\n<p><\/strong><strong>Je\u015bli posiadasz ju\u017c ten pakiet, mo\u017cesz uzyska\u0107 do niego dost\u0119p poprzez <a href=\"\/pl\/moje-konto\/obszar-czlonkowski\/43905\/zawartosc-mojego-czlonkostwa\/\">Moje mapy &gt; Widok.<\/a><\/strong> <\/p>\n<p><a href=\"#tab-description\">Lista wszystkich lokalizacji Urbex na tej mapie.<\/a><\/p>","protected":false},"featured_media":48128,"template":"","meta":[],"product_brand":[],"product_cat":[197,201,322,1134],"product_tag":[323],"class_list":{"0":"post-14649","1":"product","2":"type-product","3":"status-publish","4":"has-post-thumbnail","6":"product_cat-belgium","7":"product_cat-liege","8":"product_cat-location-packs","9":"product_cat-maps-belgium","10":"product_tag-locationpack","12":"first","13":"instock","14":"taxable","15":"shipping-taxable","16":"purchasable","17":"product-type-variable"},"jetpack_sharing_enabled":true,"_links":{"self":[{"href":"https:\/\/urbex.direct\/pl\/wp-json\/wp\/v2\/product\/14649","targetHints":{"allow":["GET"]}}],"collection":[{"href":"https:\/\/urbex.direct\/pl\/wp-json\/wp\/v2\/product"}],"about":[{"href":"https:\/\/urbex.direct\/pl\/wp-json\/wp\/v2\/types\/product"}],"wp:featuredmedia":[{"embeddable":true,"href":"https:\/\/urbex.direct\/pl\/wp-json\/wp\/v2\/media\/48128"}],"wp:attachment":[{"href":"https:\/\/urbex.direct\/pl\/wp-json\/wp\/v2\/media?parent=14649"}],"wp:term":[{"taxonomy":"product_brand","embeddable":true,"href":"https:\/\/urbex.direct\/pl\/wp-json\/wp\/v2\/product_brand?post=14649"},{"taxonomy":"product_cat","embeddable":true,"href":"https:\/\/urbex.direct\/pl\/wp-json\/wp\/v2\/product_cat?post=14649"},{"taxonomy":"product_tag","embeddable":true,"href":"https:\/\/urbex.direct\/pl\/wp-json\/wp\/v2\/product_tag?post=14649"}],"curies":[{"name":"wp","href":"https:\/\/api.w.org\/{rel}","templated":true}]}}