{"id":14648,"date":"2021-07-03T16:19:30","date_gmt":"2021-07-03T15:19:30","guid":{"rendered":"https:\/\/urbex.direct\/?post_type=product&#038;p=14648"},"modified":"2025-05-16T23:36:26","modified_gmt":"2025-05-16T22:36:26","slug":"location-map-be-antwerp","status":"publish","type":"product","link":"https:\/\/urbex.direct\/pl\/product\/location-map-be-antwerp\/","title":{"rendered":"Urbex Map Belgium: Antwerpia (dost\u0119p na 1 lub 2 lata)"},"content":{"rendered":"<p>Mapa zawiera nast\u0119puj\u0105ce lokalizacje:<ul><li>Huis Duivenkot<\/li><li>Maison Heroine<\/li><li>Cite Du Dragon<\/li><li>De Oude Pastorie<\/li><li>Fai da Te<\/li><li>Farma Pothoek<\/li><li>Kasteel &#039; t Goorhof<\/li><li>Maison 1,8 Million<\/li><li>Maison Antenne \/ Villa Rummikub<\/li><li>Maison FNG<\/li><li>Maison Hannelore<\/li><li>Maison Jacqueline<\/li><li>Maison Neerbuul<\/li><li>Maison Pieni Puu<\/li><li>Maison Raj<\/li><li>Maison Torget<\/li><li>Ostatnia pozosta\u0142o\u015b\u0107<\/li><li>Usine Gribu \/ Lost Karting<\/li><li>Villa Cabrestante<\/li><li>Villa Dreambaby<\/li><li>Villa Stolp<\/li><li>Villa Malanska<\/li><li>Maison Palieter<\/li><li>Sauna<\/li><li>Zagubiony Brewey<\/li><li>Stodo\u0142a 13<\/li><li>Maison Watson<\/li><li>Mi\u0142o\u015b\u0107 do \u017cuk\u00f3w<\/li><li>Maison Jaune<\/li><li>Hotel Taupe<\/li><li>Maison Polbez<\/li><li>Skytech Helicopters<\/li><li>Chateau DB<\/li><li>Chateau G<\/li><li>Maison Heidelberg \/ Zaginiona drukarnia<\/li><li>Zagubiony Mercedes<\/li><li>Wrak statku I<\/li><li>Wrak statku II<\/li><li>Chalet White Spiders<\/li><li>Schronisko dla zagubionych zwierz\u0105t<\/li><li>Kazerne T<\/li><li>Maison Stoet<\/li><li>Ch\u0142opiec w szkole<\/li><li>Filature Robotique<\/li><li>Le Pigeonnier<\/li><li>Silos<\/li><li>Maison Gramophone<\/li><li>Fort Six<\/li><li>Grill Bar<\/li><li>Maison MO<\/li><li>L&#039;abattoir militaire<\/li><li>Domek dla ma\u0142ych ptak\u00f3w<\/li><li>Ko\u015bci\u00f3\u0142 szcz\u0105tk\u00f3w<\/li><li>Fort S<\/li><li>Eglise SB \/ Kapel SB<\/li><li>Klasztor L<\/li><li>\u017bywno\u015b\u0107 ognista<\/li><li>Timeless Twist<\/li><li>Fort B<\/li><li>Bunkry w lesie \/ Bunkry w lesie<\/li><li>Ostatnie danie<\/li><li>Dom w lesie<\/li><li>Long Farm<\/li><li>Ferme Retour vers le Pass\u00e9<\/li><li>Dom w ukrytym lesie<\/li><li>Maison Squirrel<\/li><li>Klasztor Rozpadu M<\/li><li>Maison Classico<\/li><li>Maison Laboratoire<\/li><\/ul><\/p>","protected":false},"excerpt":{"rendered":"<p>Ta mapa urbex zawiera wszystkie lokalizacje eksploracji miejskiej (urbex) w<strong> Belgia, Antwerpia.<\/strong> Ta mapa zagubionych miejsc b\u0119dzie aktualizowana i dost\u0119pna przez co najmniej 365 dni od zakupu.<\/p>\n<p>Ta mapa zawiera obecnie 69 najbardziej unikalnych lokalizacji do zwiedzania w Belgii: Antwerpia i jest dost\u0119pna z dowolnego miejsca dzi\u0119ki naszej \u0142atwej w u\u017cyciu mapie<strong>.<\/p>\n<p><\/strong><strong>Je\u015bli posiadasz ju\u017c ten pakiet, mo\u017cesz uzyska\u0107 do niego dost\u0119p poprzez <a href=\"\/pl\/moje-konto\/obszar-czlonkowski\/43905\/zawartosc-mojego-czlonkostwa\/\">Moje mapy &gt; Widok.<\/a><\/strong><strong><\/p>\n<p><\/strong><a href=\"#tab-description\">Lista wszystkich lokalizacji Urbex na tej mapie.<\/a><\/p>","protected":false},"featured_media":48134,"template":"","meta":[],"product_brand":[],"product_cat":[198,197,322,1134],"product_tag":[323],"class_list":{"0":"post-14648","1":"product","2":"type-product","3":"status-publish","4":"has-post-thumbnail","6":"product_cat-antwerp","7":"product_cat-belgium","8":"product_cat-location-packs","9":"product_cat-maps-belgium","10":"product_tag-locationpack","12":"first","13":"instock","14":"taxable","15":"shipping-taxable","16":"purchasable","17":"product-type-variable"},"jetpack_sharing_enabled":true,"_links":{"self":[{"href":"https:\/\/urbex.direct\/pl\/wp-json\/wp\/v2\/product\/14648","targetHints":{"allow":["GET"]}}],"collection":[{"href":"https:\/\/urbex.direct\/pl\/wp-json\/wp\/v2\/product"}],"about":[{"href":"https:\/\/urbex.direct\/pl\/wp-json\/wp\/v2\/types\/product"}],"wp:featuredmedia":[{"embeddable":true,"href":"https:\/\/urbex.direct\/pl\/wp-json\/wp\/v2\/media\/48134"}],"wp:attachment":[{"href":"https:\/\/urbex.direct\/pl\/wp-json\/wp\/v2\/media?parent=14648"}],"wp:term":[{"taxonomy":"product_brand","embeddable":true,"href":"https:\/\/urbex.direct\/pl\/wp-json\/wp\/v2\/product_brand?post=14648"},{"taxonomy":"product_cat","embeddable":true,"href":"https:\/\/urbex.direct\/pl\/wp-json\/wp\/v2\/product_cat?post=14648"},{"taxonomy":"product_tag","embeddable":true,"href":"https:\/\/urbex.direct\/pl\/wp-json\/wp\/v2\/product_tag?post=14648"}],"curies":[{"name":"wp","href":"https:\/\/api.w.org\/{rel}","templated":true}]}}