{"id":14645,"date":"2021-07-03T16:08:21","date_gmt":"2021-07-03T15:08:21","guid":{"rendered":"https:\/\/urbex.direct\/?post_type=product&#038;p=14645"},"modified":"2025-05-16T23:36:45","modified_gmt":"2025-05-16T22:36:45","slug":"mapa-lokalizacji-be-hainaut","status":"publish","type":"product","link":"https:\/\/urbex.direct\/pl\/product\/location-map-be-hainaut\/","title":{"rendered":"Urbex Mapa Belgia: Hainaut (dost\u0119p na 1 lub 2 lata)"},"content":{"rendered":"<p>Mapa zawiera nast\u0119puj\u0105ce lokalizacje: <ul><li>Ferme Minerva<\/li><li>Czas filmu<\/li><li>Big Red 2.0 \/ Turbine IM<\/li><li>Au Pain Perdu<\/li><li>Barrack X<\/li><li>Briquetterie d&#039;Ere<\/li><li>Carlo Beton<\/li><li>Carriere North<\/li><li>Charbonnage du Gouffre<\/li><li>Chateau de la Morliere\/ Chateau des Muscles<\/li><li>Ko\u015bci\u00f3\u0142 Kruka<\/li><li>Cockerie Marchienne<\/li><li>Wie\u017ca ci\u015bnie\u0144 Cockerie<\/li><li>Eglise Belvedaire<\/li><li>Garage Margoulin \/ Garage Renault<\/li><li>Graveyard SL<\/li><li>Szpital Dorcas<\/li><li>Interbeton<\/li><li>Maison Bastin<\/li><li>Maison Chat<\/li><li>Maison Damascus<\/li><li>Maison Scrabble<\/li><li>Manoir aux Marionnettes<\/li><li>Piscine Mosq<\/li><li>Pont d&#039;Allain<\/li><li>Elektrownia C2<\/li><li>Remise Monceau<\/li><li>Resto Hubert<\/li><li>Szopa C<\/li><li>Soufflet-Leblond<\/li><li>St.-Ghislain<\/li><li>Tunele kana\u0142owe<\/li><li>Usine AGC<\/li><li>Usine Bobins Rouges<\/li><li>Usine Chimique Belgique<\/li><li>Usine Gustav Boel<\/li><li>Usine Perrin<\/li><li>Usine Verre Vert<\/li><li>Villa F<\/li><li>Villa Lion Nouvelle<\/li><li>Mokre psy<\/li><li>Twoje jest moje<\/li><li>Charbonnage FT<\/li><li>Nains Jaune<\/li><li>Luvtrucks \/ Zagubieni Patrioci<\/li><li>Villa Leopold<\/li><li>Usine Jaguar<\/li><li>Lost Stable<\/li><li>Gwiezdne wojny<\/li><li>Maison Diana<\/li><li>Usine Xyloborus<\/li><li>Club Libertine<\/li><li>Green Seat Lounge<\/li><li>Kopalnia Blue Lagoon<\/li><li>Maison Du D\u00e9funt Oubli\u00e9<\/li><li>Chapelle du MG<\/li><li>Spalony klub\/Resto<\/li><li>Puste sale<\/li><li>Maison Volvo<\/li><li>House of Escher<\/li><li>G Bottle Factory<\/li><li>Zagubione tramwaje<\/li><li>5 Ford&#039; s<\/li><li>Dyspozytor poci\u0105gu<\/li><li>Fronderie J<\/li><li>Holy Disco<\/li><li>Potterie Chopin<\/li><li>Speedy Bastos<\/li><li>Lost Spa and Welness<\/li><li>Water House<\/li><li>Ogr\u00f3d starych samochod\u00f3w<\/li><li>Old Train Bridge 2.0<\/li><li>L&#039;Eglise Blue<\/li><li>Kostnica<\/li><li>Filature Accidental<\/li><li>Maison Gr\u00e9goire<\/li><li>Chateau Donkey<\/li><li>Fioletowe okna<\/li><li>Chateau Halloween<\/li><li>Le Domaine Oubli\u00e9<\/li><li>Chateau de Beaumonde \/ Manoir Banquette \/ Manoir Bench<\/li><li>Upadek Piscine<\/li><li>Usine imprimer<\/li><li>Maison Caravan<\/li><li>Maison Rum<\/li><li>The White Shed<\/li><li>Blue Powerplant<\/li><li>Boutique d&#039;antiquit\u00e9s<\/li><li>Maison Aristochat<\/li><li>Le Petit Martinet<\/li><li>Maison du cirque<\/li><li>Maison TV<\/li><li>Ch\u00e2teau Tristesse<\/li><li>Old Club O<\/li><li>Villa Man<\/li><li>The Morgue 3.0 \/ Petite Morgue T<\/li><li>Ecole Cha<\/li><li>Maison Forgotten Cars<\/li><li>Charbonnage du Lev<\/li><li>Rzeka Four \u00e0 Chaux<\/li><li>Fabryka Le\u015bna \/ Usine for\u00eat<\/li><li>Maison Moviemaker<\/li><li>Zapomniana ulica<\/li><li>Stare wie\u017ce g\u00f3rnicze<\/li><li>Carriere G<\/li><li>Usine Shelt \/ Fabryka Powrotu do Natury<\/li><li>Manoir Amityville<\/li><li>Kolejna fabryka stali<\/li><li>Z\u0142ote biuro<\/li><li>Browar JS<\/li><li>Maison Benviers<\/li><li>Szko\u0142a si\u0119 sko\u0144czy\u0142a<\/li><li>Yellow Sleeper<\/li><li>2 Zaro\u015bni\u0119te gazomierze<\/li><li>House Chopper<\/li><li>Czarny poci\u0105g<\/li><li>Manoir Cles<\/li><li>Maison Swastika<\/li><li>Rusty Car Serre<\/li><li>Villa Fusils \/ Gunhouse<\/li><li>Ferme Ruin<\/li><li>Labo Syndical<\/li><li>Villa Etoile<\/li><li>Auberge du Foret<\/li><li>Ferme Brul\u00e9<\/li><li>Ecole Color\u00e9<\/li><li>Usine Blade Runner<\/li><li>Bar \u00e0 chaises rouges \/ Red Chair Bar<\/li><\/ul><\/p>","protected":false},"excerpt":{"rendered":"<p>Ta mapa urbex zawiera wszystkie lokalizacje eksploracji miejskiej (urbex) w<strong> Belgia, Hainaut.<\/strong> Ta mapa zagubionych miejsc b\u0119dzie aktualizowana i dost\u0119pna przez co najmniej 365 dni od zakupu. <\/p>\n<p>This map has currently 128 of the most unique urban exploring locations in Belgium: Hainaut and is accessible from anywhere with our easy to use map<strong>. <\/p>\n<p><\/strong><strong>Je\u015bli posiadasz ju\u017c ten pakiet, mo\u017cesz uzyska\u0107 do niego dost\u0119p poprzez <a href=\"\/pl\/moje-konto\/obszar-czlonkowski\/43905\/zawartosc-mojego-czlonkostwa\/\">Moje mapy &gt; Widok.<\/a><\/strong> <\/p>\n<p><a href=\"#tab-description\">Lista wszystkich lokalizacji Urbex na tej mapie.<\/a><\/p>","protected":false},"featured_media":48127,"template":"","meta":[],"product_brand":[],"product_cat":[197,199,322,1134],"product_tag":[323],"class_list":{"0":"post-14645","1":"product","2":"type-product","3":"status-publish","4":"has-post-thumbnail","6":"product_cat-belgium","7":"product_cat-hainaut","8":"product_cat-location-packs","9":"product_cat-maps-belgium","10":"product_tag-locationpack","12":"first","13":"instock","14":"taxable","15":"shipping-taxable","16":"purchasable","17":"product-type-variable"},"jetpack_sharing_enabled":true,"_links":{"self":[{"href":"https:\/\/urbex.direct\/pl\/wp-json\/wp\/v2\/product\/14645","targetHints":{"allow":["GET"]}}],"collection":[{"href":"https:\/\/urbex.direct\/pl\/wp-json\/wp\/v2\/product"}],"about":[{"href":"https:\/\/urbex.direct\/pl\/wp-json\/wp\/v2\/types\/product"}],"wp:featuredmedia":[{"embeddable":true,"href":"https:\/\/urbex.direct\/pl\/wp-json\/wp\/v2\/media\/48127"}],"wp:attachment":[{"href":"https:\/\/urbex.direct\/pl\/wp-json\/wp\/v2\/media?parent=14645"}],"wp:term":[{"taxonomy":"product_brand","embeddable":true,"href":"https:\/\/urbex.direct\/pl\/wp-json\/wp\/v2\/product_brand?post=14645"},{"taxonomy":"product_cat","embeddable":true,"href":"https:\/\/urbex.direct\/pl\/wp-json\/wp\/v2\/product_cat?post=14645"},{"taxonomy":"product_tag","embeddable":true,"href":"https:\/\/urbex.direct\/pl\/wp-json\/wp\/v2\/product_tag?post=14645"}],"curies":[{"name":"wp","href":"https:\/\/api.w.org\/{rel}","templated":true}]}}