{"id":14644,"date":"2021-07-03T16:05:14","date_gmt":"2021-07-03T15:05:14","guid":{"rendered":"https:\/\/urbex.direct\/?post_type=product&#038;p=14644"},"modified":"2025-05-16T23:37:14","modified_gmt":"2025-05-16T22:37:14","slug":"mapa-lokalizacji-be-limburg","status":"publish","type":"product","link":"https:\/\/urbex.direct\/pl\/product\/location-map-be-limburg\/","title":{"rendered":"Urbex Map Belgium: Limburgia (dost\u0119p na 1 lub 2 lata)"},"content":{"rendered":"<p>Mapa zawiera nast\u0119puj\u0105ce lokalizacje: <ul><li>Chateau Rochendael<\/li><li>Bumper Cars<\/li><li>Ferme Framtida<\/li><li>Gara\u017c Buga<\/li><li>Greenplace<\/li><li>Lost Seagulls - Poligon treningowy!<\/li><li>Maison BK33<\/li><li>Maison Verte<\/li><li>Maison Felix Le Chat<\/li><li>Maison Genzer<\/li><li>Maison Putih<\/li><li>Maison Relekwie<\/li><li>Maison Reunus<\/li><li>Maison Simone<\/li><li>Maison Vuori<\/li><li>Maison Welles<\/li><li>M\u00f3j motylkowy dom<\/li><li>Stary most kolejowy<\/li><li>Ruine Raktuves<\/li><li>Scholteshof \/ Restauracja S<\/li><li>Farma Anio\u0142\u00f3w<\/li><li>Dom Thierie<\/li><li>Maison Clercx<\/li><li>Ta\u0144cz\u0105ca kula<\/li><li>Farma K<\/li><li>Czarny autobus<\/li><li>Doktor Samuraj<\/li><li>Ma\u0142y bunkier<\/li><li>Hidden Ruine<\/li><li>Maison Harry Potter<\/li><li>Maison Moriarthi<\/li><li>Watertoren Nr 23 \/ Wie\u017ca ci\u015bnie\u0144 Nr 23<\/li><li>Ogr\u00f3d zaginionych pojazd\u00f3w<\/li><li>Mercedes z d\u017cungli<\/li><li>Cmentarz ob\u0142\u0105kanych \/ Krankzinnigen Begraafplaats<\/li><li>Zagubiony Jeep<\/li><li>Minecooler<\/li><li>Ecole H<\/li><li>Cafe K \/ Lost Vegas 2.0<\/li><li>Usine Gelatin<\/li><li>Charrette Fun\u00e9raire<\/li><li>Maison Scooby Doo<\/li><li>Eglise Swastika<\/li><li>Rusthuis H \/ Maison de Retraite H<\/li><li>Samoch\u00f3d pod drzewem<\/li><li>Villa Rich \/ Villa Paul<\/li><li>Piscine Cygnes<\/li><li>Magasin du Papier Peint<\/li><li>Lustro Manoir<\/li><li>Maison Wallpainting<\/li><li>Opuszczony klub pi\u0142karski<\/li><li>Black Farm<\/li><li>Maison Missionary<\/li><li>Maison Tracteur<\/li><li>Zupe\u0142nie nowy dentysta<\/li><li>Maison Faesen<\/li><li>Cmentarz koparek<\/li><li>Usine Sap<\/li><li>Statki \u017ceglugi \u015br\u00f3dl\u0105dowej \/ Bateaux de navigation int\u00e9rieure<\/li><li>Maison Fire and Decay<\/li><li>Chateau Blue Curtains<\/li><\/ul><\/p>","protected":false},"excerpt":{"rendered":"<p>Ta mapa urbex zawiera wszystkie lokalizacje eksploracji miejskiej (urbex) w<strong> Belgia, Limburgia <\/strong>\u00a0<\/p>\n<p>Ta mapa zagubionych miejsc b\u0119dzie aktualizowana i dost\u0119pna przez co najmniej 365 dni od zakupu. <\/p>\n<p>This map has currently 61 of the most unique urban exploring locations in Belgium: Limburg and is accessible from anywhere with our easy to use map<strong>. <\/p>\n<p><\/strong><strong>Je\u015bli posiadasz ju\u017c ten pakiet, mo\u017cesz uzyska\u0107 do niego dost\u0119p poprzez <a href=\"\/pl\/moje-konto\/obszar-czlonkowski\/43905\/zawartosc-mojego-czlonkostwa\/\">Moje mapy &gt; Widok.<\/a><\/strong> <\/p>\n<p><a href=\"#tab-description\">Lista wszystkich lokalizacji Urbex na tej mapie.<\/a><\/p>","protected":false},"featured_media":48138,"template":"","meta":[],"product_brand":[],"product_cat":[197,200,322,1134],"product_tag":[323],"class_list":{"0":"post-14644","1":"product","2":"type-product","3":"status-publish","4":"has-post-thumbnail","6":"product_cat-belgium","7":"product_cat-limburg-be","8":"product_cat-location-packs","9":"product_cat-maps-belgium","10":"product_tag-locationpack","12":"first","13":"instock","14":"taxable","15":"shipping-taxable","16":"purchasable","17":"product-type-variable"},"jetpack_sharing_enabled":true,"_links":{"self":[{"href":"https:\/\/urbex.direct\/pl\/wp-json\/wp\/v2\/product\/14644","targetHints":{"allow":["GET"]}}],"collection":[{"href":"https:\/\/urbex.direct\/pl\/wp-json\/wp\/v2\/product"}],"about":[{"href":"https:\/\/urbex.direct\/pl\/wp-json\/wp\/v2\/types\/product"}],"wp:featuredmedia":[{"embeddable":true,"href":"https:\/\/urbex.direct\/pl\/wp-json\/wp\/v2\/media\/48138"}],"wp:attachment":[{"href":"https:\/\/urbex.direct\/pl\/wp-json\/wp\/v2\/media?parent=14644"}],"wp:term":[{"taxonomy":"product_brand","embeddable":true,"href":"https:\/\/urbex.direct\/pl\/wp-json\/wp\/v2\/product_brand?post=14644"},{"taxonomy":"product_cat","embeddable":true,"href":"https:\/\/urbex.direct\/pl\/wp-json\/wp\/v2\/product_cat?post=14644"},{"taxonomy":"product_tag","embeddable":true,"href":"https:\/\/urbex.direct\/pl\/wp-json\/wp\/v2\/product_tag?post=14644"}],"curies":[{"name":"wp","href":"https:\/\/api.w.org\/{rel}","templated":true}]}}