{"id":14643,"date":"2021-07-03T16:00:30","date_gmt":"2021-07-03T15:00:30","guid":{"rendered":"https:\/\/urbex.direct\/?post_type=product&#038;p=14643"},"modified":"2025-05-16T23:37:19","modified_gmt":"2025-05-16T22:37:19","slug":"mapa-lokalizacji-namur","status":"publish","type":"product","link":"https:\/\/urbex.direct\/pl\/product\/location-map-be-namur\/","title":{"rendered":"Urbex Map Belgium: Namur (dost\u0119p na 1 lub 2 lata)"},"content":{"rendered":"<p>Mapa zawiera nast\u0119puj\u0105ce lokalizacje: <ul><li>Maison en lisi\u00e8re de for\u00eat<\/li><li>Cafe Bird<\/li><li>Hangar Du Baron<\/li><li>Chateau Blanchisserie<\/li><li>Ko\u015bci\u00f3\u0142 SV<\/li><li>Stacja naziemna<\/li><li>Artysta Instituteur Chasseur<\/li><li>Maison Colombine<\/li><li>Royal Station<\/li><li>Usine Lucky Luke<\/li><li>Usine PRB<\/li><li>Maison Warisoulx<\/li><li>Poci\u0105gi WW2<\/li><li>Chapelle aux Orties<\/li><li>Cmentarz Volkswagena \/ La Foret aux Volkswagen Coccinelle<\/li><li>Krzes\u0142a na drzewie<\/li><li>Fort C<\/li><li>Maison Chapeau Buse<\/li><li>Pension de la Cascade<\/li><li>Poci\u0105g parowy<\/li><li>Usine Biker<\/li><li>Lost Harbour<\/li><li>Manoir de la Par<\/li><li>L'ancienne \u00e9cole des enfants<\/li><li>Samochody kolekcjonerskie<\/li><li>Four \u00e0 chaux<\/li><li>House Of Cards \/ Maison Tarot<\/li><li>Ardoiserie de b<\/li><li>Opuszczony obiekt kolejowy<\/li><li>Usine des Articles M\u00e9nagers<\/li><li>Krzes\u0142a Maison<\/li><li>Ruiny Wielkiego Zamku<\/li><li>Upiorny Fort S<\/li><li>Piscine Bonsoir \/ Piscine Ivoire<\/li><li>The Decay Barn<\/li><li>Chateau Miele<\/li><li>Rozpocz\u0119cie Kaplicy Rozpadu<\/li><li>Messy Grill<\/li><li>Zapomniana \u0142\u00f3d\u017a<\/li><li>Biwakowanie w lesie<\/li><li>Ferme Inter<\/li><li>Green Car House<\/li><li>Ruine T<\/li><li>Nazistowski schron kolejowy \/ Ghost Tracks<\/li><li>Pub Bleu<\/li><li>Ecole Plastic<\/li><\/ul><\/p>","protected":false},"excerpt":{"rendered":"<p>Ta mapa urbex zawiera wszystkie lokalizacje eksploracji miejskiej (urbex) w<strong> Belgia, Namur.<\/strong> Ta mapa zagubionych miejsc b\u0119dzie aktualizowana i dost\u0119pna przez co najmniej 365 dni od zakupu. <\/p>\n<p>This map has currently 46 of the most unique urban exploring locations in Belgium: Namur and is accessible from anywhere with our easy to use map<strong>. <\/p>\n<p><\/strong><strong>Je\u015bli posiadasz ju\u017c ten pakiet, mo\u017cesz uzyska\u0107 do niego dost\u0119p poprzez <a href=\"\/pl\/moje-konto\/obszar-czlonkowski\/43905\/zawartosc-mojego-czlonkostwa\/\">Moje mapy &gt; Widok.<\/a><\/strong> <\/p>\n<p><a href=\"#tab-description\">Lista wszystkich lokalizacji Urbex na tej mapie.<\/a><\/p>","protected":false},"featured_media":48136,"template":"","meta":[],"product_brand":[],"product_cat":[197,322,1134,203],"product_tag":[323],"class_list":{"0":"post-14643","1":"product","2":"type-product","3":"status-publish","4":"has-post-thumbnail","6":"product_cat-belgium","7":"product_cat-location-packs","8":"product_cat-maps-belgium","9":"product_cat-namur","10":"product_tag-locationpack","12":"first","13":"instock","14":"taxable","15":"shipping-taxable","16":"purchasable","17":"product-type-variable"},"jetpack_sharing_enabled":true,"_links":{"self":[{"href":"https:\/\/urbex.direct\/pl\/wp-json\/wp\/v2\/product\/14643","targetHints":{"allow":["GET"]}}],"collection":[{"href":"https:\/\/urbex.direct\/pl\/wp-json\/wp\/v2\/product"}],"about":[{"href":"https:\/\/urbex.direct\/pl\/wp-json\/wp\/v2\/types\/product"}],"wp:featuredmedia":[{"embeddable":true,"href":"https:\/\/urbex.direct\/pl\/wp-json\/wp\/v2\/media\/48136"}],"wp:attachment":[{"href":"https:\/\/urbex.direct\/pl\/wp-json\/wp\/v2\/media?parent=14643"}],"wp:term":[{"taxonomy":"product_brand","embeddable":true,"href":"https:\/\/urbex.direct\/pl\/wp-json\/wp\/v2\/product_brand?post=14643"},{"taxonomy":"product_cat","embeddable":true,"href":"https:\/\/urbex.direct\/pl\/wp-json\/wp\/v2\/product_cat?post=14643"},{"taxonomy":"product_tag","embeddable":true,"href":"https:\/\/urbex.direct\/pl\/wp-json\/wp\/v2\/product_tag?post=14643"}],"curies":[{"name":"wp","href":"https:\/\/api.w.org\/{rel}","templated":true}]}}