{"id":14642,"date":"2021-07-03T15:53:56","date_gmt":"2021-07-03T14:53:56","guid":{"rendered":"https:\/\/urbex.direct\/?post_type=product&#038;p=14642"},"modified":"2025-05-16T23:37:24","modified_gmt":"2025-05-16T22:37:24","slug":"mapa-lokalizacji-we-flandrii-zachodniej","status":"publish","type":"product","link":"https:\/\/urbex.direct\/pl\/product\/location-map-be-west-flanders\/","title":{"rendered":"Urbex Map Belgium: Flandria Zachodnia (dost\u0119p na 1 lub 2 lata)"},"content":{"rendered":"<p>Mapa zawiera nast\u0119puj\u0105ce lokalizacje: <ul><li>Kaplica Szkielet\u00f3w<\/li><li>Villa Decay<\/li><li>Farma Hugo<\/li><li>Farma Piedra<\/li><li>Ferme Opel<\/li><li>Strona g\u0142\u00f3wna Mathilde Schroyens<\/li><li>Huisje Poesje Melk<\/li><li>Huize Georgette<\/li><li>Maison 1927<\/li><li>Maison Albert<\/li><li>Maison de Grand Georges<\/li><li>Maison Djinkiewinkie<\/li><li>Maison Ebola<\/li><li>Maison Horne<\/li><li>Maison Muelle<\/li><li>Maison Sas<\/li><li>Maison sur le Point<\/li><li>Maison V8<\/li><li>Manoir Trois Ponts<\/li><li>Nedarbojas<\/li><li>Stare Ypres<\/li><li>Zielony autobus<\/li><li>Nowy dentysta<\/li><li>Usine Leopard<\/li><li>Villa Acebo<\/li><li>Villa Battre<\/li><li>Villa Beuk<\/li><li>Villa Easy<\/li><li>Wujek Sam<\/li><li>Dom Bo\u017cy<\/li><li>Maison Djevalo<\/li><li>Maison Citroen<\/li><li>Maison Martha<\/li><li>Lost School P<\/li><li>Mini Watt \/ Stone Age<\/li><li>Maison Grape<\/li><li>Hummer Limo<\/li><li>Maison Gabriel<\/li><li>Lost Hangar<\/li><li>Usine Barrel<\/li><li>Cmentarz czaszek<\/li><li>Usine IZ<\/li><li>Szko\u0142a rozk\u0142adu<\/li><li>Forest Villa's<\/li><li>Camping Sea<\/li><li>Peters Workshop<\/li><li>Eglise Nunes Bleues<\/li><li>Villa Permis<\/li><li>Hotel Pigeon<\/li><li>Piscine KB<\/li><li>Dom czarownicy \/ Maison de la sorci\u00e8re<\/li><li>Cmentarz B1000<\/li><li>Sala teatralna \/ Salle de F\u00eate<\/li><li>Bunkry O<\/li><li>Bunkry O 2<\/li><li>Eglise Nunes Noir \/ Zwarte Nonnen Klooster<\/li><li>Maison Mystique<\/li><li>\u00c9cole des pompiers<\/li><li>Ferme Dentist<\/li><li>Rozpadaj\u0105ce si\u0119 schronienie obozowe<\/li><li>Maison Boardgame \/ Maison Tint<\/li><li>Maison avec atelier bleu<\/li><li>Manoir Lake<\/li><li>Maison Truckstop<\/li><li>Maison Ballerina<\/li><li>Ferme Prairie<\/li><li>Ferme Rooster<\/li><li>Maison Burried Alive<\/li><li>Retaurant Roue<\/li><li>Niedoko\u0144czony nawiedzony dom<\/li><li>Ruiny rzeki<\/li><li>Parking Snackbar<\/li><li>Ferme Costa<\/li><li>Bunkier na pla\u017cy<\/li><li>Half Brewery<\/li><li>Du\u017cy sklep<\/li><li>The Clock Farm<\/li><li>Maison Motard<\/li><li>Plac zabaw dla dzieci<\/li><li>Deer House<\/li><li>Noworodek na farmie<\/li><li>Maison Corner<\/li><li>Villa Cube<\/li><li>Szko\u0142a rolnicza<\/li><li>Maison Hazel<\/li><li>Mosscape<\/li><li>Producent pantofli \/ Producent pantofli<\/li><li>Maison Forgotten Washroom<\/li><li>Ferme Zarren<\/li><li>Little chalet in the forest<\/li><li>Maison Monster<\/li><\/ul><\/p>","protected":false},"excerpt":{"rendered":"<p>Ta mapa urbex zawiera wszystkie lokalizacje eksploracji miejskiej (urbex) w<strong> Belgia, Flandria Zachodnia.<\/strong> Ta mapa zagubionych miejsc b\u0119dzie aktualizowana i dost\u0119pna przez co najmniej 365 dni od zakupu. Ta mapa zawiera obecnie 91 najbardziej unikalnych miejskich lokalizacji w Belgii: Flandria Zachodnia i jest dost\u0119pna z dowolnego miejsca dzi\u0119ki naszej \u0142atwej w u\u017cyciu mapie<strong>. <\/strong><strong>Je\u015bli posiadasz ju\u017c ten pakiet, mo\u017cesz uzyska\u0107 do niego dost\u0119p poprzez <a href=\"\/pl\/moje-konto\/obszar-czlonkowski\/43905\/zawartosc-mojego-czlonkostwa\/\">Moje mapy &gt; Widok.<\/a><\/strong> <a href=\"#tab-description\">Lista wszystkich lokalizacji Urbex na tej mapie.<\/a><\/p>","protected":false},"featured_media":48130,"template":"","meta":[],"product_brand":[],"product_cat":[197,322,1134,207],"product_tag":[323],"class_list":{"0":"post-14642","1":"product","2":"type-product","3":"status-publish","4":"has-post-thumbnail","6":"product_cat-belgium","7":"product_cat-location-packs","8":"product_cat-maps-belgium","9":"product_cat-west-flanders","10":"product_tag-locationpack","12":"first","13":"instock","14":"taxable","15":"shipping-taxable","16":"purchasable","17":"product-type-variable"},"jetpack_sharing_enabled":true,"_links":{"self":[{"href":"https:\/\/urbex.direct\/pl\/wp-json\/wp\/v2\/product\/14642","targetHints":{"allow":["GET"]}}],"collection":[{"href":"https:\/\/urbex.direct\/pl\/wp-json\/wp\/v2\/product"}],"about":[{"href":"https:\/\/urbex.direct\/pl\/wp-json\/wp\/v2\/types\/product"}],"wp:featuredmedia":[{"embeddable":true,"href":"https:\/\/urbex.direct\/pl\/wp-json\/wp\/v2\/media\/48130"}],"wp:attachment":[{"href":"https:\/\/urbex.direct\/pl\/wp-json\/wp\/v2\/media?parent=14642"}],"wp:term":[{"taxonomy":"product_brand","embeddable":true,"href":"https:\/\/urbex.direct\/pl\/wp-json\/wp\/v2\/product_brand?post=14642"},{"taxonomy":"product_cat","embeddable":true,"href":"https:\/\/urbex.direct\/pl\/wp-json\/wp\/v2\/product_cat?post=14642"},{"taxonomy":"product_tag","embeddable":true,"href":"https:\/\/urbex.direct\/pl\/wp-json\/wp\/v2\/product_tag?post=14642"}],"curies":[{"name":"wp","href":"https:\/\/api.w.org\/{rel}","templated":true}]}}