{"id":14638,"date":"2021-07-03T15:38:22","date_gmt":"2021-07-03T14:38:22","guid":{"rendered":"https:\/\/urbex.direct\/?post_type=product&#038;p=14638"},"modified":"2025-06-17T20:21:09","modified_gmt":"2025-06-17T19:21:09","slug":"mapa-lokalizacji-belgia-wszystkie-regiony","status":"publish","type":"product","link":"https:\/\/urbex.direct\/pl\/product\/location-map-belgium-all-regions\/","title":{"rendered":"Urbex Map Belgium: Wszystkie regiony (dost\u0119p na 1 lub 2 lata)"},"content":{"rendered":"<h1 class=\"wp-block-heading\">Poruszaj si\u0119 po belgijskich miejscach do eksploracji miast<\/h1>\n\n\n\n<p>Czy jeste\u015b poszukiwaczem przyg\u00f3d? Zawsze szukasz wyj\u0105tkowych do\u015bwiadcze\u0144, kt\u00f3re zaspokoj\u0105 Tw\u00f3j g\u0142\u00f3d przyg\u00f3d? Nie szukaj dalej ni\u017c nasza belgijska mapa lokalizacji Urbex, zawieraj\u0105ca wszystkie ukryte miejskie lokalizacje eksploracyjne w ca\u0142ym kraju, w tym aktualizacje, i \u0142atwa w nawigacji na telefonie, tablecie lub komputerze.<\/p>\n\n\n\n<h2 class=\"wp-block-heading\">Odkryj ukryte miejskie pere\u0142ki w ca\u0142ej Belgii<\/h2>\n\n\n\n<p>Dzi\u0119ki naszej mapie lokalizacji Urbex mo\u017cesz odkrywa\u0107 fascynuj\u0105cy \u015bwiat eksploracji miejskiej w Belgii, od niesamowitych i niszczej\u0105cych opuszczonych budynk\u00f3w, fabryk i teren\u00f3w przemys\u0142owych, po ukryte podziemne tunele i zapomniane miejsca historyczne. Nasza mapa obejmuje wszystkie lokalizacje, kt\u00f3re s\u0105 trudne do znalezienia i niedost\u0119pne w tradycyjny spos\u00f3b, co pozwala zaspokoi\u0107 ducha przygody i odkrywa\u0107 miejsca, o kt\u00f3rych istnieniu nigdy nie wiedzia\u0142e\u015b.<\/p>\n\n\n\n<h2 class=\"wp-block-heading\">Uwolnij swoje wn\u0119trze odkrywcy dzi\u0119ki naszej mapie lokalizacji Urbex<\/h2>\n\n\n\n<p>Nasza mapa lokalizacji Urbex jest niezb\u0119dna dla ka\u017cdego miejskiego odkrywcy, niezale\u017cnie od tego, czy jeste\u015b do\u015bwiadczonym profesjonalist\u0105, czy dopiero zaczynasz. Dzi\u0119ki wszystkim lokalizacjom w jednym miejscu mo\u017cesz \u0142atwo zaplanowa\u0107 kolejn\u0105 przygod\u0119 i odkry\u0107 nowe miejsca do odkrycia. Niezale\u017cnie od tego, czy szukasz adrenaliny, czy po prostu chcesz poczu\u0107 dreszczyk emocji zwi\u0105zany z odkrywaniem ukrytych pere\u0142ek, nasza mapa lokalizacji Urbex jest idealnym narz\u0119dziem dla Ciebie.<\/p>\n\n\n\n<h2 class=\"wp-block-heading\">Poznaj opuszczone miejsca w Belgii jak nigdy dot\u0105d<\/h2>\n\n\n\n<p>Nasza mapa lokalizacji Urbex zabierze Ci\u0119 w podr\u00f3\u017c po ukrytym i zapomnianym \u015bwiecie miejskiej eksploracji. Od opuszczonych fabryk i teren\u00f3w przemys\u0142owych, po opuszczone szpitale i zapomniane zamki - nasza mapa pozwala pozna\u0107 te miejsca jak nigdy dot\u0105d. Dzi\u0119ki regularnym aktualizacjom i \u0142atwej nawigacji mo\u017cesz odkrywa\u0107 te miejsca z pewno\u015bci\u0105 siebie, wiedz\u0105c, \u017ce masz najbardziej aktualne informacje na wyci\u0105gni\u0119cie r\u0119ki.<\/p>","protected":false},"excerpt":{"rendered":"<p>Ta mapa urbex zawiera wszystkie lokalizacje eksploracji miejskiej (urbex) w<strong> Belgia, Wszystkie regiony.<\/strong> Ta mapa zagubionych miejsc b\u0119dzie aktualizowana i dost\u0119pna przez co najmniej 365 dni od zakupu.<\/p>\n<p class=\"p1\">This map has currently 717 of the most unique urban exploring locations in Belgium: All Regions and is accessible from anywhere with our easy to use map<strong>.<\/p>\n<p><\/strong><strong>Je\u015bli posiadasz ju\u017c ten pakiet, mo\u017cesz uzyska\u0107 do niego dost\u0119p poprzez <a href=\"\/pl\/moje-konto\/obszar-czlonkowski\/43905\/zawartosc-mojego-czlonkostwa\/\">Moje mapy &gt; Widok.<\/a><\/strong><\/p>","protected":false},"featured_media":48133,"template":"","meta":[],"product_brand":[],"product_cat":[198,197,204,205,199,201,200,322,202,1134,203,206,207],"product_tag":[323],"class_list":{"0":"post-14638","1":"product","2":"type-product","3":"status-publish","4":"has-post-thumbnail","6":"product_cat-antwerp","7":"product_cat-belgium","8":"product_cat-east-flanders","9":"product_cat-flemish-brabant","10":"product_cat-hainaut","11":"product_cat-liege","12":"product_cat-limburg-be","13":"product_cat-location-packs","14":"product_cat-luxembourg-be","15":"product_cat-maps-belgium","16":"product_cat-namur","17":"product_cat-walloon-brabant","18":"product_cat-west-flanders","19":"product_tag-locationpack","21":"first","22":"instock","23":"taxable","24":"shipping-taxable","25":"purchasable","26":"product-type-variable"},"jetpack_sharing_enabled":true,"_links":{"self":[{"href":"https:\/\/urbex.direct\/pl\/wp-json\/wp\/v2\/product\/14638","targetHints":{"allow":["GET"]}}],"collection":[{"href":"https:\/\/urbex.direct\/pl\/wp-json\/wp\/v2\/product"}],"about":[{"href":"https:\/\/urbex.direct\/pl\/wp-json\/wp\/v2\/types\/product"}],"wp:featuredmedia":[{"embeddable":true,"href":"https:\/\/urbex.direct\/pl\/wp-json\/wp\/v2\/media\/48133"}],"wp:attachment":[{"href":"https:\/\/urbex.direct\/pl\/wp-json\/wp\/v2\/media?parent=14638"}],"wp:term":[{"taxonomy":"product_brand","embeddable":true,"href":"https:\/\/urbex.direct\/pl\/wp-json\/wp\/v2\/product_brand?post=14638"},{"taxonomy":"product_cat","embeddable":true,"href":"https:\/\/urbex.direct\/pl\/wp-json\/wp\/v2\/product_cat?post=14638"},{"taxonomy":"product_tag","embeddable":true,"href":"https:\/\/urbex.direct\/pl\/wp-json\/wp\/v2\/product_tag?post=14638"}],"curies":[{"name":"wp","href":"https:\/\/api.w.org\/{rel}","templated":true}]}}