{"id":5714,"date":"2021-03-03T15:06:17","date_gmt":"2021-03-03T15:06:17","guid":{"rendered":"https:\/\/urbex.direct\/?page_id=5714"},"modified":"2022-06-26T19:59:57","modified_gmt":"2022-06-26T18:59:57","slug":"faq","status":"publish","type":"page","link":"https:\/\/urbex.direct\/pl\/faq\/","title":{"rendered":"FAQ"},"content":{"rendered":"<div data-elementor-type=\"wp-post\" data-elementor-id=\"5714\" class=\"elementor elementor-5714\" data-elementor-post-type=\"page\">\n\t\t\t\t\t\t<section class=\"elementor-section elementor-top-section elementor-element elementor-element-d7d8b56 elementor-section-boxed elementor-section-height-default elementor-section-height-default\" data-id=\"d7d8b56\" data-element_type=\"section\" data-settings=\"{&quot;background_background&quot;:&quot;classic&quot;}\">\n\t\t\t\t\t\t\t<div class=\"elementor-background-overlay\"><\/div>\n\t\t\t\t\t\t\t<div class=\"elementor-container elementor-column-gap-default\">\n\t\t\t\t\t<div class=\"elementor-column elementor-col-100 elementor-top-column elementor-element elementor-element-fd69444\" data-id=\"fd69444\" data-element_type=\"column\">\n\t\t\t<div class=\"elementor-widget-wrap elementor-element-populated\">\n\t\t\t\t\t\t<div class=\"elementor-element elementor-element-abcc2f2 elementor-widget elementor-widget-heading\" data-id=\"abcc2f2\" data-element_type=\"widget\" data-widget_type=\"heading.default\">\n\t\t\t\t<div class=\"elementor-widget-container\">\n\t\t\t\t\t<h1 class=\"elementor-heading-title elementor-size-default\">Cz\u0119sto Zadawane Pytania<\/h1>\t\t\t\t<\/div>\n\t\t\t\t<\/div>\n\t\t\t\t\t<\/div>\n\t\t<\/div>\n\t\t\t\t\t<\/div>\n\t\t<\/section>\n\t\t\t\t<section class=\"elementor-section elementor-top-section elementor-element elementor-element-0749e79 elementor-section-boxed elementor-section-height-default elementor-section-height-default\" data-id=\"0749e79\" data-element_type=\"section\">\n\t\t\t\t\t\t<div class=\"elementor-container elementor-column-gap-default\">\n\t\t\t\t\t<div class=\"elementor-column elementor-col-100 elementor-top-column elementor-element elementor-element-b13e86e\" data-id=\"b13e86e\" data-element_type=\"column\">\n\t\t\t<div class=\"elementor-widget-wrap elementor-element-populated\">\n\t\t\t\t\t\t<div class=\"elementor-element elementor-element-5a5753d elementor-widget elementor-widget-spacer\" data-id=\"5a5753d\" data-element_type=\"widget\" data-widget_type=\"spacer.default\">\n\t\t\t\t<div class=\"elementor-widget-container\">\n\t\t\t\t\t\t\t<div class=\"elementor-spacer\">\n\t\t\t<div class=\"elementor-spacer-inner\"><\/div>\n\t\t<\/div>\n\t\t\t\t\t\t<\/div>\n\t\t\t\t<\/div>\n\t\t\t\t\t<\/div>\n\t\t<\/div>\n\t\t\t\t\t<\/div>\n\t\t<\/section>\n\t\t\t\t<section class=\"elementor-section elementor-top-section elementor-element elementor-element-0ce9217 elementor-section-boxed elementor-section-height-default elementor-section-height-default\" data-id=\"0ce9217\" data-element_type=\"section\">\n\t\t\t\t\t\t<div class=\"elementor-container elementor-column-gap-default\">\n\t\t\t\t\t<div class=\"elementor-column elementor-col-100 elementor-top-column elementor-element elementor-element-c70982d\" data-id=\"c70982d\" data-element_type=\"column\">\n\t\t\t<div class=\"elementor-widget-wrap elementor-element-populated\">\n\t\t\t\t\t\t<div class=\"elementor-element elementor-element-42b7a98 elementor-widget elementor-widget-shortcode\" data-id=\"42b7a98\" data-element_type=\"widget\" data-widget_type=\"shortcode.default\">\n\t\t\t\t<div class=\"elementor-widget-container\">\n\t\t\t\t\t\t\t<div class=\"elementor-shortcode\"><style>#sp-ea-43122 .spcollapsing { height: 0; overflow: hidden; transition-property: height;transition-duration: 300ms;}#sp-ea-43122.sp-easy-accordion>.sp-ea-single {margin-bottom: 10px; border: 1px solid #e2e2e2; }#sp-ea-43122.sp-easy-accordion>.sp-ea-single>.ea-header a {color: #444;}#sp-ea-43122.sp-easy-accordion>.sp-ea-single>.sp-collapse>.ea-body {background: #fff; color: #444;}#sp-ea-43122.sp-easy-accordion>.sp-ea-single {background: #eee;}#sp-ea-43122.sp-easy-accordion>.sp-ea-single>.ea-header a .ea-expand-icon { float: left; color: #444;font-size: 16px;}<\/style><div id=\"sp_easy_accordion-1758515176\"><div id=\"sp-ea-43122\" class=\"sp-ea-one sp-easy-accordion\" data-ea-active=\"ea-click\" data-ea-mode=\"vertical\" data-preloader=\"\" data-scroll-active-item=\"\" data-offset-to-scroll=\"0\"><div class=\"ea-card sp-ea-single\"><h3 class=\"ea-header\"><a class=\"collapsed\" id=\"ea-header-431220\" role=\"button\" data-sptoggle=\"spcollapse\" data-sptarget=\"#collapse431220\" aria-controls=\"collapse431220\" href=\"#\" aria-expanded=\"false\" tabindex=\"0\"><i aria-hidden=\"true\" role=\"presentation\" class=\"ea-expand-icon eap-icon-ea-expand-plus\"><\/i> Czy musz\u0119 uzyska\u0107 pozwolenie na odwiedzenie danej lokalizacji?<\/a><\/h3><div class=\"sp-collapse spcollapse spcollapse\" id=\"collapse431220\" data-parent=\"#sp-ea-43122\" role=\"region\" aria-labelledby=\"ea-header-431220\"> <div class=\"ea-body\"><p>Niestety nie udost\u0119pniamy lokalizacji za pozwoleniem. Podajemy tylko adres, a reszta zale\u017cy od ciebie. Pami\u0119taj, \u017ce miejsca mog\u0105 by\u0107 w\u0142asno\u015bci\u0105 innych os\u00f3b i zawsze powiniene\u015b uzyska\u0107 pozwolenie od prawowitego w\u0142a\u015bciciela.<\/p><p>Jeste\u015bmy tylko \"ksi\u0105\u017ck\u0105 adresow\u0105\" dla miejskich lokalizacji.<\/p><\/div><\/div><\/div><div class=\"ea-card sp-ea-single\"><h3 class=\"ea-header\"><a class=\"collapsed\" id=\"ea-header-431221\" role=\"button\" data-sptoggle=\"spcollapse\" data-sptarget=\"#collapse431221\" aria-controls=\"collapse431221\" href=\"#\" aria-expanded=\"false\" tabindex=\"0\"><i aria-hidden=\"true\" role=\"presentation\" class=\"ea-expand-icon eap-icon-ea-expand-plus\"><\/i> Czy p\u0142atno\u015b\u0107 jest bezpieczna?<\/a><\/h3><div class=\"sp-collapse spcollapse spcollapse\" id=\"collapse431221\" data-parent=\"#sp-ea-43122\" role=\"region\" aria-labelledby=\"ea-header-431221\"> <div class=\"ea-body\"><p>Kr\u00f3tka odpowied\u017a brzmi: tak!<\/p><p>Nasza strona internetowa jest zabezpieczona certyfikatem SSL. Po kasie zostaniesz przekierowany do naszego zaufanego procesora p\u0142atno\u015bci Mollie.<\/p><p>Akceptowane przez nas metody p\u0142atno\u015bci to:<\/p><ul><li>iDeal<\/li><li>CreditCard (Visa, Mastercard, American Express, Maestro, PostEpay, Cartes Bancaires)<\/li><li>Apple Pay<\/li><li>Bancontact<\/li><li>Bankowo\u015b\u0107 SOFORT<\/li><li>Giropay<\/li><li>Przelewy24<\/li><li>Przycisk p\u0142atno\u015bci KBC\/CBC<\/li><li>Belfius Direct Net<\/li><li>EPS<\/li><\/ul><\/div><\/div><\/div><div class=\"ea-card sp-ea-single\"><h3 class=\"ea-header\"><a class=\"collapsed\" id=\"ea-header-431222\" role=\"button\" data-sptoggle=\"spcollapse\" data-sptarget=\"#collapse431222\" aria-controls=\"collapse431222\" href=\"#\" aria-expanded=\"false\" tabindex=\"0\"><i aria-hidden=\"true\" role=\"presentation\" class=\"ea-expand-icon eap-icon-ea-expand-plus\"><\/i> Kiedy otrzymam map\u0119<\/a><\/h3><div class=\"sp-collapse spcollapse spcollapse\" id=\"collapse431222\" data-parent=\"#sp-ea-43122\" role=\"region\" aria-labelledby=\"ea-header-431222\"> <div class=\"ea-body\"><p>Dostajesz dost\u0119p do mapy natychmiast po p\u0142atno\u015bci. Mo\u017cesz wy\u015bwietli\u0107 map\u0119 w dowolnym momencie z komputera, laptopa, tabletu lub telefonu za po\u015brednictwem <a href=\"\/pl\/moje-konto\/\" target=\"_blank\" rel=\"noopener\">Moje konto<\/a> I <a href=\"\/pl\/moje-konto\/memberships\/\" target=\"_blank\" rel=\"noopener\">Moje mapy<\/a>.<\/p><p>Je\u015bli masz problemy z dost\u0119pem do mapy, zawsze mo\u017cesz skontaktowa\u0107 si\u0119 z nasz\u0105 obs\u0142ug\u0105 24\/7 za po\u015brednictwem czatu w dolnym rogu.<\/p><\/div><\/div><\/div><div class=\"ea-card sp-ea-single\"><h3 class=\"ea-header\"><a class=\"collapsed\" id=\"ea-header-431223\" role=\"button\" data-sptoggle=\"spcollapse\" data-sptarget=\"#collapse431223\" aria-controls=\"collapse431223\" href=\"#\" aria-expanded=\"false\" tabindex=\"0\"><i aria-hidden=\"true\" role=\"presentation\" class=\"ea-expand-icon eap-icon-ea-expand-plus\"><\/i> Kiedy otrzymam wsp\u00f3\u0142rz\u0119dne<\/a><\/h3><div class=\"sp-collapse spcollapse spcollapse\" id=\"collapse431223\" data-parent=\"#sp-ea-43122\" role=\"region\" aria-labelledby=\"ea-header-431223\"> <div class=\"ea-body\"><p>Otrzymujesz dost\u0119p do wsp\u00f3\u0142rz\u0119dnych natychmiast po p\u0142atno\u015bci. Mo\u017cesz pobra\u0107 je na stronie \u201eDzi\u0119kuj\u0119\u201d, otrzymasz je w e-mailu po kilku minutach i mo\u017cesz uzyska\u0107 do nich dost\u0119p <a href=\"\/pl\/moje-konto\/\" target=\"_blank\" rel=\"noopener\">Moje konto.<\/a><\/p><p>Wsp\u00f3\u0142rz\u0119dne s\u0105 prezentowane w pliku .txt. Mo\u017cesz skopiowa\u0107 i wklei\u0107 te liczby do wybranej aplikacji nawigacyjnej.<\/p><p>Je\u015bli masz jakie\u015b problemy z dost\u0119pem do wsp\u00f3\u0142rz\u0119dnych, zawsze mo\u017cesz skontaktowa\u0107 si\u0119 z nasz\u0105 obs\u0142ug\u0105 24\/7 za po\u015brednictwem czatu w dolnym rogu.<\/p><\/div><\/div><\/div><div class=\"ea-card sp-ea-single\"><h3 class=\"ea-header\"><a class=\"collapsed\" id=\"ea-header-431224\" role=\"button\" data-sptoggle=\"spcollapse\" data-sptarget=\"#collapse431224\" aria-controls=\"collapse431224\" href=\"#\" aria-expanded=\"false\" tabindex=\"0\"><i aria-hidden=\"true\" role=\"presentation\" class=\"ea-expand-icon eap-icon-ea-expand-plus\"><\/i> Wszystko o mapach<\/a><\/h3><div class=\"sp-collapse spcollapse spcollapse\" id=\"collapse431224\" data-parent=\"#sp-ea-43122\" role=\"region\" aria-labelledby=\"ea-header-431224\"> <div class=\"ea-body\"><p>Dostajesz dost\u0119p do mapy natychmiast po p\u0142atno\u015bci. Mo\u017cesz wy\u015bwietli\u0107 map\u0119 w dowolnym momencie z komputera, laptopa, tabletu lub telefonu za po\u015brednictwem <a href=\"\/pl\/moje-konto\/\" target=\"_blank\" rel=\"noopener\">Moje konto<\/a> I <a href=\"\/pl\/moje-konto\/memberships\/\" target=\"_blank\" rel=\"noopener\">Moje mapy<\/a>.<\/p><p>Nasze mapy s\u0105 prezentowane na intuicyjnej mapie, na kt\u00f3rej mo\u017cna \u0142atwo znale\u017a\u0107 swoj\u0105 lokalizacj\u0119 i wyszuka\u0107 i przej\u015b\u0107 do opuszczonych lokalizacji za pomoc\u0105 Map Google lub Mapy Apple. Masz r\u00f3wnie\u017c mo\u017cliwo\u015b\u0107 przegl\u0105dania i kopiowania wsp\u00f3\u0142rz\u0119dnych bezpo\u015brednio w systemie nawigacji samochod\u00f3w.<\/p><p>Jak wygl\u0105da mapa? Zale\u017cy to od regionu, ale jest to przyk\u0142ad dla Belgii.<\/p><p><img fetchpriority=\"high\" decoding=\"async\" class=\"alignnone size-medium wp-image-43153\" src=\"https:\/\/urbex.direct\/wp-content\/uploads\/2022\/06\/2022-06-26-20_38_52-Belgie-alle-provincies-Makkelijk-Urbex-300x225.png\" alt=\"\" width=\"300\" height=\"225\" srcset=\"https:\/\/urbex.direct\/wp-content\/uploads\/2022\/06\/2022-06-26-20_38_52-Belgie-alle-provincies-Makkelijk-Urbex-300x225.png 300w, https:\/\/urbex.direct\/wp-content\/uploads\/2022\/06\/2022-06-26-20_38_52-Belgie-alle-provincies-Makkelijk-Urbex-150x113.png 150w, https:\/\/urbex.direct\/wp-content\/uploads\/2022\/06\/2022-06-26-20_38_52-Belgie-alle-provincies-Makkelijk-Urbex-16x12.png 16w, https:\/\/urbex.direct\/wp-content\/uploads\/2022\/06\/2022-06-26-20_38_52-Belgie-alle-provincies-Makkelijk-Urbex-600x451.png 600w, https:\/\/urbex.direct\/wp-content\/uploads\/2022\/06\/2022-06-26-20_38_52-Belgie-alle-provincies-Makkelijk-Urbex.png 763w\" sizes=\"(max-width: 300px) 100vw, 300px\" \/><\/p><p>Je\u015bli masz problemy z dost\u0119pem do mapy, zawsze mo\u017cesz skontaktowa\u0107 si\u0119 z nasz\u0105 obs\u0142ug\u0105 24\/7 za po\u015brednictwem czatu w dolnym rogu.<\/p><\/div><\/div><\/div><div class=\"ea-card sp-ea-single\"><h3 class=\"ea-header\"><a class=\"collapsed\" id=\"ea-header-431225\" role=\"button\" data-sptoggle=\"spcollapse\" data-sptarget=\"#collapse431225\" aria-controls=\"collapse431225\" href=\"#\" aria-expanded=\"false\" tabindex=\"0\"><i aria-hidden=\"true\" role=\"presentation\" class=\"ea-expand-icon eap-icon-ea-expand-plus\"><\/i> Wszystko o wsp\u00f3\u0142rz\u0119dnych<\/a><\/h3><div class=\"sp-collapse spcollapse spcollapse\" id=\"collapse431225\" data-parent=\"#sp-ea-43122\" role=\"region\" aria-labelledby=\"ea-header-431225\"> <div class=\"ea-body\"><p>Otrzymujesz dost\u0119p do wsp\u00f3\u0142rz\u0119dnych natychmiast po p\u0142atno\u015bci. Mo\u017cesz pobra\u0107 je na stronie \u201eDzi\u0119kuj\u0119\u201d, otrzymasz je w e-mailu po kilku minutach i mo\u017cesz uzyska\u0107 do nich dost\u0119p <a href=\"\/pl\/moje-konto\/\" target=\"_blank\" rel=\"noopener\">Moje konto.<\/a><\/p><p>Wsp\u00f3\u0142rz\u0119dne s\u0105 prezentowane w pliku .txt. Mo\u017cesz skopiowa\u0107 i wklei\u0107 te liczby do wybranej aplikacji nawigacyjnej.<\/p><p>Plik wsp\u00f3\u0142rz\u0119dnej wygl\u0105da tak:<\/p><p><img decoding=\"async\" class=\"alignnone size-medium wp-image-43159\" src=\"https:\/\/urbex.direct\/wp-content\/uploads\/2022\/06\/2022-06-26-20_43_03-Edit-Accordion-Group-FAQ-\u2039-Urbex-Direct-\u2014-WordPress-300x161.png\" alt=\"\" width=\"300\" height=\"161\" srcset=\"https:\/\/urbex.direct\/wp-content\/uploads\/2022\/06\/2022-06-26-20_43_03-Edit-Accordion-Group-FAQ-\u2039-Urbex-Direct-\u2014-WordPress-300x161.png 300w, https:\/\/urbex.direct\/wp-content\/uploads\/2022\/06\/2022-06-26-20_43_03-Edit-Accordion-Group-FAQ-\u2039-Urbex-Direct-\u2014-WordPress-150x80.png 150w, https:\/\/urbex.direct\/wp-content\/uploads\/2022\/06\/2022-06-26-20_43_03-Edit-Accordion-Group-FAQ-\u2039-Urbex-Direct-\u2014-WordPress-18x10.png 18w, https:\/\/urbex.direct\/wp-content\/uploads\/2022\/06\/2022-06-26-20_43_03-Edit-Accordion-Group-FAQ-\u2039-Urbex-Direct-\u2014-WordPress.png 371w\" sizes=\"(max-width: 300px) 100vw, 300px\" \/><\/p><p>Nawigacj\u0119 mo\u017cna zrobi\u0107 w ten spos\u00f3b:<\/p><p><img decoding=\"async\" class=\"alignnone size-medium wp-image-43160\" src=\"https:\/\/urbex.direct\/wp-content\/uploads\/2022\/06\/2022-06-26-20_43_44-57\u00b00433.3_N-2\u00b04711.4_E-Google-Maps-265x300.png\" alt=\"\" width=\"265\" height=\"300\" srcset=\"https:\/\/urbex.direct\/wp-content\/uploads\/2022\/06\/2022-06-26-20_43_44-57\u00b00433.3_N-2\u00b04711.4_E-Google-Maps-265x300.png 265w, https:\/\/urbex.direct\/wp-content\/uploads\/2022\/06\/2022-06-26-20_43_44-57\u00b00433.3_N-2\u00b04711.4_E-Google-Maps-150x170.png 150w, https:\/\/urbex.direct\/wp-content\/uploads\/2022\/06\/2022-06-26-20_43_44-57\u00b00433.3_N-2\u00b04711.4_E-Google-Maps-11x12.png 11w, https:\/\/urbex.direct\/wp-content\/uploads\/2022\/06\/2022-06-26-20_43_44-57\u00b00433.3_N-2\u00b04711.4_E-Google-Maps.png 384w\" sizes=\"(max-width: 265px) 100vw, 265px\" \/><\/p><p>Je\u015bli masz jakie\u015b problemy z dost\u0119pem do wsp\u00f3\u0142rz\u0119dnych, zawsze mo\u017cesz skontaktowa\u0107 si\u0119 z nasz\u0105 obs\u0142ug\u0105 24\/7 za po\u015brednictwem czatu w dolnym rogu.<\/p><\/div><\/div><\/div><div class=\"ea-card sp-ea-single\"><h3 class=\"ea-header\"><a class=\"collapsed\" id=\"ea-header-431226\" role=\"button\" data-sptoggle=\"spcollapse\" data-sptarget=\"#collapse431226\" aria-controls=\"collapse431226\" href=\"#\" aria-expanded=\"false\" tabindex=\"0\"><i aria-hidden=\"true\" role=\"presentation\" class=\"ea-expand-icon eap-icon-ea-expand-plus\"><\/i> Czy mo\u017cemy wymieni\u0107 lokalizacje<\/a><\/h3><div class=\"sp-collapse spcollapse spcollapse\" id=\"collapse431226\" data-parent=\"#sp-ea-43122\" role=\"region\" aria-labelledby=\"ea-header-431226\"> <div class=\"ea-body\"><p>Tak prosz\u0119!<\/p><p>Aby nasza baza danych eksploruj\u0105ca by\u0142a jeszcze wi\u0119ksza ni\u017c ju\u017c, chcemy wsp\u00f3\u0142pracowa\u0107 z Tob\u0105.<\/p><p>Czy masz lokalizacj\u0119, kt\u00f3rej nie ma jeszcze w naszej bazie danych? Wype\u0142nij formularz na\u00a0<a href=\"https:\/\/urbex.direct\/pl\/lokalizacje-wymiany\/\">Lokalizacje wymiany<\/a>\u00a0Strona i otrzymasz bezp\u0142atn\u0105 lokalizacj\u0119.<\/p><\/div><\/div><\/div><div class=\"ea-card sp-ea-single\"><h3 class=\"ea-header\"><a class=\"collapsed\" id=\"ea-header-431227\" role=\"button\" data-sptoggle=\"spcollapse\" data-sptarget=\"#collapse431227\" aria-controls=\"collapse431227\" href=\"#\" aria-expanded=\"false\" tabindex=\"0\"><i aria-hidden=\"true\" role=\"presentation\" class=\"ea-expand-icon eap-icon-ea-expand-plus\"><\/i> Czy mog\u0119 otrzyma\u0107 zwrot pieni\u0119dzy<\/a><\/h3><div class=\"sp-collapse spcollapse spcollapse\" id=\"collapse431227\" data-parent=\"#sp-ea-43122\" role=\"region\" aria-labelledby=\"ea-header-431227\"> <div class=\"ea-body\"><p>Daj nam zna\u0107, je\u015bli lokalizacja nie jest dost\u0119pna, poniewa\u017c zosta\u0142a odnowiona lub zosta\u0142a rozebrana. Daj nam zna\u0107 na czacie z jakim\u015b dowodem FOTO, a my wymienimy z Tob\u0105 now\u0105 lokalizacj\u0119 (wybrany).<\/p><p>Niestety z ka\u017cdym innym powodem ni\u017c te nie mo\u017cemy da\u0107 Ci nowej lokalizacji.<\/p><\/div><\/div><\/div><div class=\"ea-card sp-ea-single\"><h3 class=\"ea-header\"><a class=\"collapsed\" id=\"ea-header-431228\" role=\"button\" data-sptoggle=\"spcollapse\" data-sptarget=\"#collapse431228\" aria-controls=\"collapse431228\" href=\"#\" aria-expanded=\"false\" tabindex=\"0\"><i aria-hidden=\"true\" role=\"presentation\" class=\"ea-expand-icon eap-icon-ea-expand-plus\"><\/i> O Urbex Direct<\/a><\/h3><div class=\"sp-collapse spcollapse spcollapse\" id=\"collapse431228\" data-parent=\"#sp-ea-43122\" role=\"region\" aria-labelledby=\"ea-header-431228\"> <div class=\"ea-body\"><p>Urbex Direct zosta\u0142 stworzony dla odkrywc\u00f3w przez odkrywc\u00f3w. Mamy wiele lat mi\u0119dzynarodowego do\u015bwiadczenia w odkrywaniu miast i chcemy dzieli\u0107 si\u0119 nasz\u0105 wiedz\u0105 z lud\u017ami o podobnych my\u015blach.<\/p><p>Urbex Direct jest zarejestrowan\u0105 firm\u0105 w Izbie Handlowej w Holandii i organach podatkowych.<\/p><\/div><\/div><\/div><div class=\"ea-card sp-ea-single\"><h3 class=\"ea-header\"><a class=\"collapsed\" id=\"ea-header-431229\" role=\"button\" data-sptoggle=\"spcollapse\" data-sptarget=\"#collapse431229\" aria-controls=\"collapse431229\" href=\"#\" aria-expanded=\"false\" tabindex=\"0\"><i aria-hidden=\"true\" role=\"presentation\" class=\"ea-expand-icon eap-icon-ea-expand-plus\"><\/i> Czy mam pozwolenie na wizyt\u0119 ...?<\/a><\/h3><div class=\"sp-collapse spcollapse spcollapse\" id=\"collapse431229\" data-parent=\"#sp-ea-43122\" role=\"region\" aria-labelledby=\"ea-header-431229\"> <div class=\"ea-body\"><p>Zale\u017cy. Mo\u017cesz przegl\u0105da\u0107 i robi\u0107 zdj\u0119cia miejskiej lokalizacji odkrywania z Public Road bez uzyskania pozwolenia. Je\u015bli chcesz wprowadzi\u0107 lokalizacj\u0119, zalecamy uzyskanie zgody w\u0142a\u015bciciela. Nie podajemy tych informacji przez wi\u0119kszo\u015b\u0107 czasu.<\/p><\/div><\/div><\/div><div class=\"ea-card sp-ea-single\"><h3 class=\"ea-header\"><a class=\"collapsed\" id=\"ea-header-4312210\" role=\"button\" data-sptoggle=\"spcollapse\" data-sptarget=\"#collapse4312210\" aria-controls=\"collapse4312210\" href=\"#\" aria-expanded=\"false\" tabindex=\"0\"><i aria-hidden=\"true\" role=\"presentation\" class=\"ea-expand-icon eap-icon-ea-expand-plus\"><\/i> Jestem w\u0142a\u015bcicielem tej lokalizacji i chc\u0119 j\u0105 usun\u0105\u0107<\/a><\/h3><div class=\"sp-collapse spcollapse spcollapse\" id=\"collapse4312210\" data-parent=\"#sp-ea-43122\" role=\"region\" aria-labelledby=\"ea-header-4312210\"> <div class=\"ea-body\"><p>Mi\u0142o mi ci\u0119 pozna\u0107! Skontaktuj si\u0119 z nami za po\u015brednictwem czatu w dolnym rogu z dowodem, a z przyjemno\u015bci\u0105 skontaktujemy si\u0119 z naszymi ostatnimi odkrywcami, \u017ce nie powinni odwiedza\u0107 Twojej lokalizacji, poniewa\u017c nie jest porzucona.<\/p><\/div><\/div><\/div><div class=\"ea-card sp-ea-single\"><h3 class=\"ea-header\"><a class=\"collapsed\" id=\"ea-header-4312211\" role=\"button\" data-sptoggle=\"spcollapse\" data-sptarget=\"#collapse4312211\" aria-controls=\"collapse4312211\" href=\"#\" aria-expanded=\"false\" tabindex=\"0\"><i aria-hidden=\"true\" role=\"presentation\" class=\"ea-expand-icon eap-icon-ea-expand-plus\"><\/i> Nie mog\u0119 znale\u017a\u0107 tej lokalizacji, czy j\u0105 masz<\/a><\/h3><div class=\"sp-collapse spcollapse spcollapse\" id=\"collapse4312211\" data-parent=\"#sp-ea-43122\" role=\"region\" aria-labelledby=\"ea-header-4312211\"> <div class=\"ea-body\"><p>Tak!<\/p><p>Mamy prawie wszystkie lokalizacje, podaj nam jego szczeg\u00f3\u0142y (nazwa, zdj\u0119cia, adres URL z innych wymian lokalizacji i lub film\u00f3w).<\/p><\/div><\/div><\/div><\/div><\/div><\/div>\n\t\t\t\t\t\t<\/div>\n\t\t\t\t<\/div>\n\t\t\t\t\t<\/div>\n\t\t<\/div>\n\t\t\t\t\t<\/div>\n\t\t<\/section>\n\t\t\t\t<\/div>","protected":false},"excerpt":{"rendered":"<p>Kim jeste\u015bmy? Nasza misja Kliknij przycisk edycji, aby zmieni\u0107 ten tekst. Lorem ipsum dolor sit amet, adipiscing elit. Kliknij przycisk edycji, aby zmieni\u0107 ten tekst. Lorem ipsum dolor sit amet, consectetur adipiscing elit. Ut elit tellus, luctus nec ullamcorper mattis, pulvinar dapibus leo. Niezwyk\u0142e do\u015bwiadczenia Kliknij przycisk edycji, aby zmieni\u0107 ten tekst. Lorem ipsum ...<\/p>\n<p class=\"read-more\"> <a class=\"\" href=\"https:\/\/websitedemos.net\/outdoor-adventure-02\/about\/\"> <span class=\"screen-reader-text\">O<\/span> Czytaj wi\u0119cej \"<\/a><\/p>","protected":false},"author":1,"featured_media":0,"parent":0,"menu_order":0,"comment_status":"closed","ping_status":"closed","template":"elementor_header_footer","meta":{"footnotes":""},"class_list":["post-5714","page","type-page","status-publish","hentry"],"jetpack_sharing_enabled":true,"_links":{"self":[{"href":"https:\/\/urbex.direct\/pl\/wp-json\/wp\/v2\/pages\/5714","targetHints":{"allow":["GET"]}}],"collection":[{"href":"https:\/\/urbex.direct\/pl\/wp-json\/wp\/v2\/pages"}],"about":[{"href":"https:\/\/urbex.direct\/pl\/wp-json\/wp\/v2\/types\/page"}],"author":[{"embeddable":true,"href":"https:\/\/urbex.direct\/pl\/wp-json\/wp\/v2\/users\/1"}],"replies":[{"embeddable":true,"href":"https:\/\/urbex.direct\/pl\/wp-json\/wp\/v2\/comments?post=5714"}],"version-history":[{"count":0,"href":"https:\/\/urbex.direct\/pl\/wp-json\/wp\/v2\/pages\/5714\/revisions"}],"wp:attachment":[{"href":"https:\/\/urbex.direct\/pl\/wp-json\/wp\/v2\/media?parent=5714"}],"curies":[{"name":"wp","href":"https:\/\/api.w.org\/{rel}","templated":true}]}}