{"id":15530,"date":"2021-08-09T22:59:13","date_gmt":"2021-08-09T21:59:13","guid":{"rendered":"https:\/\/urbex.direct\/?page_id=15530"},"modified":"2022-08-31T18:11:28","modified_gmt":"2022-08-31T17:11:28","slug":"lokalizacja-luxembourg-wszystkie-regiony","status":"publish","type":"page","link":"https:\/\/urbex.direct\/pl\/location-pack-luxembourg-all-regions\/","title":{"rendered":"Location Pack &#8211; Luxembourg (all regions)"},"content":{"rendered":"<div class=\"woocommerce\">\n\t\t\t<div class=\"woocommerce-info wc-memberships-restriction-message wc-memberships-message wc-memberships-content-restricted-message\">\n\t\t\t\tAby uzyska\u0107 dost\u0119p do tej strony, nale\u017cy zakupi\u0107 <span class=\"wc-memberships-products-grant-access\"><a href=\"https:\/\/urbex.direct\/pl\/product\/location-map-luxembourg-all-regions\/?attribute_pa_one-or-two-year-acces=one-year-access\">Urbex Map Luxembourg (dost\u0119p na 1 lub 2 lata) - roczny dost\u0119p<\/a> lub <a href=\"https:\/\/urbex.direct\/pl\/product\/location-map-luxembourg-all-regions\/?attribute_pa_one-or-two-year-acces=two-years-access\">Urbex Map Luxembourg (dost\u0119p na 1 lub 2 lata) - dost\u0119p na dwa lata<\/a><\/span>.\t\t    <\/div>\n\t\t<\/div>","protected":false},"excerpt":{"rendered":"<div class=\"woocommerce\">\n<div class=\"woocommerce-info wc-memberships-restriction-message wc-memberships-message wc-memberships-content-restricted-message\">\n\t\t\t\tAby uzyska\u0107 dost\u0119p do tej strony, nale\u017cy zakupi\u0107 <span class=\"wc-memberships-products-grant-access\"><a href=\"https:\/\/urbex.direct\/pl\/product\/location-map-luxembourg-all-regions\/?attribute_pa_one-or-two-year-acces=one-year-access\">Urbex Map Luxembourg (dost\u0119p na 1 lub 2 lata) - roczny dost\u0119p<\/a> lub <a href=\"https:\/\/urbex.direct\/pl\/product\/location-map-luxembourg-all-regions\/?attribute_pa_one-or-two-year-acces=two-years-access\">Urbex Map Luxembourg (dost\u0119p na 1 lub 2 lata) - dost\u0119p na dwa lata<\/a><\/span>.\t\t    <\/div>\n<\/p><\/div>","protected":false},"author":1,"featured_media":0,"parent":0,"menu_order":0,"comment_status":"closed","ping_status":"closed","template":"template-canvas.php","meta":{"footnotes":""},"class_list":["post-15530","page","type-page","status-publish","hentry","membership-content","access-restricted"],"jetpack_sharing_enabled":true,"_links":{"self":[{"href":"https:\/\/urbex.direct\/pl\/wp-json\/wp\/v2\/pages\/15530","targetHints":{"allow":["GET"]}}],"collection":[{"href":"https:\/\/urbex.direct\/pl\/wp-json\/wp\/v2\/pages"}],"about":[{"href":"https:\/\/urbex.direct\/pl\/wp-json\/wp\/v2\/types\/page"}],"author":[{"embeddable":true,"href":"https:\/\/urbex.direct\/pl\/wp-json\/wp\/v2\/users\/1"}],"replies":[{"embeddable":true,"href":"https:\/\/urbex.direct\/pl\/wp-json\/wp\/v2\/comments?post=15530"}],"version-history":[{"count":0,"href":"https:\/\/urbex.direct\/pl\/wp-json\/wp\/v2\/pages\/15530\/revisions"}],"wp:attachment":[{"href":"https:\/\/urbex.direct\/pl\/wp-json\/wp\/v2\/media?parent=15530"}],"curies":[{"name":"wp","href":"https:\/\/api.w.org\/{rel}","templated":true}]}}