{"id":9120,"date":"2021-03-26T14:59:48","date_gmt":"2021-03-26T14:59:48","guid":{"rendered":"https:\/\/urbex.direct\/product\/citroen-garage\/"},"modified":"2026-01-27T17:42:32","modified_gmt":"2026-01-27T17:42:32","slug":"citroen-garage","status":"publish","type":"product","link":"https:\/\/urbex.direct\/it\/product\/citroen-garage\/","title":{"rendered":"Garage Citro\u00ebn"},"content":{"rendered":"<p>La struttura non \u00e8 ancora pronta e non \u00e8 stata costruita per le auto.<\/p>","protected":false},"excerpt":{"rendered":"<p>La struttura non \u00e8 ancora pronta e non \u00e8 stata costruita per le auto.<\/p>","protected":false},"featured_media":3546,"template":"","meta":[],"product_brand":[],"product_cat":[265,259],"product_tag":[41],"class_list":{"0":"post-9120","1":"product","2":"type-product","3":"status-publish","4":"has-post-thumbnail","6":"product_cat-north-holland","7":"product_cat-the-netherlands","8":"product_tag-coordinaten","10":"first","11":"instock","12":"downloadable","13":"taxable","14":"shipping-taxable","15":"purchasable","16":"product-type-simple"},"jetpack_sharing_enabled":true,"_links":{"self":[{"href":"https:\/\/urbex.direct\/it\/wp-json\/wp\/v2\/product\/9120","targetHints":{"allow":["GET"]}}],"collection":[{"href":"https:\/\/urbex.direct\/it\/wp-json\/wp\/v2\/product"}],"about":[{"href":"https:\/\/urbex.direct\/it\/wp-json\/wp\/v2\/types\/product"}],"wp:featuredmedia":[{"embeddable":true,"href":"https:\/\/urbex.direct\/it\/wp-json\/wp\/v2\/media\/3546"}],"wp:attachment":[{"href":"https:\/\/urbex.direct\/it\/wp-json\/wp\/v2\/media?parent=9120"}],"wp:term":[{"taxonomy":"product_brand","embeddable":true,"href":"https:\/\/urbex.direct\/it\/wp-json\/wp\/v2\/product_brand?post=9120"},{"taxonomy":"product_cat","embeddable":true,"href":"https:\/\/urbex.direct\/it\/wp-json\/wp\/v2\/product_cat?post=9120"},{"taxonomy":"product_tag","embeddable":true,"href":"https:\/\/urbex.direct\/it\/wp-json\/wp\/v2\/product_tag?post=9120"}],"curies":[{"name":"wp","href":"https:\/\/api.w.org\/{rel}","templated":true}]}}