{"id":801,"date":"2021-03-02T20:48:44","date_gmt":"2021-03-02T20:48:44","guid":{"rendered":"https:\/\/urbex.direct\/product\/bloso-hofstade\/"},"modified":"2026-03-21T08:35:52","modified_gmt":"2026-03-21T08:35:52","slug":"bloso-hofstade","status":"publish","type":"product","link":"https:\/\/urbex.direct\/it\/product\/bloso-hofstade\/","title":{"rendered":"Hofstade Bloso \/ Piscine Bloso"},"content":{"rendered":"","protected":false},"excerpt":{"rendered":"<p>Il Bloso Domein Hofstade, inaugurato nel 1937, \u00e8 stato il pi\u00f9 grande parco aperto d'Europa. L'area ha assunto maggiori funzioni nel corso degli anni ed \u00e8 stata affidata ai coniugi Duitser per la prima volta nel corso del secondo dopoguerra. A partire dal 1990, lo zwembad \u00e8 stato sfruttato e completamente sovrastimato dalla natura. Questo significa un'atmosfera di prestigio e rustica.<\/p>","protected":false},"featured_media":795,"template":"","meta":[],"product_brand":[],"product_cat":[197,205],"product_tag":[41],"class_list":{"0":"post-801","1":"product","2":"type-product","3":"status-publish","4":"has-post-thumbnail","6":"product_cat-belgium","7":"product_cat-flemish-brabant","8":"product_tag-coordinaten","10":"first","11":"instock","12":"downloadable","13":"taxable","14":"shipping-taxable","15":"purchasable","16":"product-type-simple"},"jetpack_sharing_enabled":true,"_links":{"self":[{"href":"https:\/\/urbex.direct\/it\/wp-json\/wp\/v2\/product\/801","targetHints":{"allow":["GET"]}}],"collection":[{"href":"https:\/\/urbex.direct\/it\/wp-json\/wp\/v2\/product"}],"about":[{"href":"https:\/\/urbex.direct\/it\/wp-json\/wp\/v2\/types\/product"}],"wp:featuredmedia":[{"embeddable":true,"href":"https:\/\/urbex.direct\/it\/wp-json\/wp\/v2\/media\/795"}],"wp:attachment":[{"href":"https:\/\/urbex.direct\/it\/wp-json\/wp\/v2\/media?parent=801"}],"wp:term":[{"taxonomy":"product_brand","embeddable":true,"href":"https:\/\/urbex.direct\/it\/wp-json\/wp\/v2\/product_brand?post=801"},{"taxonomy":"product_cat","embeddable":true,"href":"https:\/\/urbex.direct\/it\/wp-json\/wp\/v2\/product_cat?post=801"},{"taxonomy":"product_tag","embeddable":true,"href":"https:\/\/urbex.direct\/it\/wp-json\/wp\/v2\/product_tag?post=801"}],"curies":[{"name":"wp","href":"https:\/\/api.w.org\/{rel}","templated":true}]}}