{"id":62125,"date":"2025-03-17T20:45:44","date_gmt":"2025-03-17T20:45:44","guid":{"rendered":"https:\/\/urbex.direct\/?post_type=product&#038;p=62125"},"modified":"2025-03-18T19:50:43","modified_gmt":"2025-03-18T19:50:43","slug":"mappa-di-caccia-ai-fantasmi-3-0","status":"publish","type":"product","link":"https:\/\/urbex.direct\/it\/product\/ghost-hunting-map-3-0\/","title":{"rendered":"Mappa della caccia ai fantasmi 3.0"},"content":{"rendered":"","protected":false},"excerpt":{"rendered":"<p data-start=\"56\" data-end=\"173\"><strong data-start=\"56\" data-end=\"167\">La guida definitiva ai luoghi del paranormale in Belgio, Paesi Bassi e Germania<\/strong> \ud83d\udc7b\ud83d\uddfa\ufe0f<\/p>\n<p data-start=\"175\" data-end=\"468\">Pronti per una nuova avventura paranormale? <strong data-start=\"213\" data-end=\"238\">Mappa della caccia ai fantasmi 3.0<\/strong> \u00e8 qui, ed \u00e8 la mappa pi\u00f9 completa e dettagliata che possiate mai trovare! Questa mappa, unica nel suo genere, vi guider\u00e0 alla scoperta del <strong data-start=\"355\" data-end=\"398\">i luoghi pi\u00f9 inquietanti e misteriosi<\/strong> attraverso il Belgio, i Paesi Bassi e le zone di confine della Germania. \ud83c\udf0d\u2728<\/p>\n<p data-start=\"470\" data-end=\"790\">Con oltre <strong data-start=\"480\" data-end=\"507\">70+ punti caldi paranormali<\/strong>\u00e8 possibile intraprendere un viaggio in luoghi che sono stati accuratamente studiati da <strong data-start=\"586\" data-end=\"616\">cacciatori di fantasmi professionisti<\/strong> e appassionati hobbisti. Questa mappa \u00e8 stata sapientemente realizzata da un team di ricercatori del paranormale, per assicurarvi di visitare solo i luoghi pi\u00f9 intriganti e spettrali! \ud83d\udc40\ud83d\udd0d<\/p>\n<h3 data-start=\"792\" data-end=\"823\">Perch\u00e9 questa mappa \u00e8 cos\u00ec speciale?<\/h3>\n<ul data-start=\"824\" data-end=\"1061\">\n<li data-start=\"824\" data-end=\"889\"><strong data-start=\"826\" data-end=\"846\">31 nuove sedi<\/strong>\u00a0da non perdere!<\/li>\n<li data-start=\"890\" data-end=\"996\"><strong data-start=\"892\" data-end=\"908\">42 posizioni<\/strong> delle edizioni precedenti (V1 e V2) sono state aggiunte di nuovo, in modo da non perdere nulla. \ud83d\udd04<\/li>\n<\/ul>\n<p data-start=\"1063\" data-end=\"1202\">Allora, cosa state aspettando? Prendete la vostra attrezzatura, portate i vostri amici e avventuratevi in luoghi dove storia e soprannaturale si scontrano. \ud83d\udc80\ud83c\udf2b\ufe0f<\/p>\n<p data-start=\"1204\" data-end=\"1281\"><strong data-start=\"1204\" data-end=\"1229\">Mappa della caccia ai fantasmi 3.0<\/strong> \u00e8 un must per ogni serio cacciatore di fantasmi!<\/p>","protected":false},"featured_media":62142,"template":"","meta":[],"product_brand":[],"product_cat":[322,1134,1136],"product_tag":[834,323],"class_list":{"0":"post-62125","1":"product","2":"type-product","3":"status-publish","4":"has-post-thumbnail","6":"product_cat-location-packs","7":"product_cat-maps-belgium","8":"product_cat-maps-the-netherlands","9":"product_tag-excellence","10":"product_tag-locationpack","12":"first","13":"instock","14":"taxable","15":"shipping-taxable","16":"purchasable","17":"product-type-simple"},"jetpack_sharing_enabled":true,"_links":{"self":[{"href":"https:\/\/urbex.direct\/it\/wp-json\/wp\/v2\/product\/62125","targetHints":{"allow":["GET"]}}],"collection":[{"href":"https:\/\/urbex.direct\/it\/wp-json\/wp\/v2\/product"}],"about":[{"href":"https:\/\/urbex.direct\/it\/wp-json\/wp\/v2\/types\/product"}],"wp:featuredmedia":[{"embeddable":true,"href":"https:\/\/urbex.direct\/it\/wp-json\/wp\/v2\/media\/62142"}],"wp:attachment":[{"href":"https:\/\/urbex.direct\/it\/wp-json\/wp\/v2\/media?parent=62125"}],"wp:term":[{"taxonomy":"product_brand","embeddable":true,"href":"https:\/\/urbex.direct\/it\/wp-json\/wp\/v2\/product_brand?post=62125"},{"taxonomy":"product_cat","embeddable":true,"href":"https:\/\/urbex.direct\/it\/wp-json\/wp\/v2\/product_cat?post=62125"},{"taxonomy":"product_tag","embeddable":true,"href":"https:\/\/urbex.direct\/it\/wp-json\/wp\/v2\/product_tag?post=62125"}],"curies":[{"name":"wp","href":"https:\/\/api.w.org\/{rel}","templated":true}]}}