{"id":62025,"date":"2025-03-22T13:24:00","date_gmt":"2025-03-22T13:24:00","guid":{"rendered":"https:\/\/urbex.direct\/product\/yellow-brewery-browar-zolty\/"},"modified":"2025-03-19T20:27:18","modified_gmt":"2025-03-19T20:27:18","slug":"yellow-brewery-browar-zolty","status":"publish","type":"product","link":"https:\/\/urbex.direct\/it\/product\/yellow-brewery-browar-zolty\/","title":{"rendered":"Yellow Brewery \/ Browar \u017b\u00f3\u0142ty"},"content":{"rendered":"<p>Coordinate Urbex<\/p>","protected":false},"excerpt":{"rendered":"<p>Coordinate Urbex<\/p>","protected":false},"featured_media":62024,"template":"","meta":[],"product_brand":[],"product_cat":[273,272],"product_tag":[],"class_list":{"0":"post-62025","1":"product","2":"type-product","3":"status-publish","4":"has-post-thumbnail","6":"product_cat-ermland-mazurie-2","7":"product_cat-poland","9":"first","10":"instock","11":"downloadable","12":"taxable","13":"shipping-taxable","14":"purchasable","15":"product-type-simple"},"jetpack_sharing_enabled":true,"_links":{"self":[{"href":"https:\/\/urbex.direct\/it\/wp-json\/wp\/v2\/product\/62025","targetHints":{"allow":["GET"]}}],"collection":[{"href":"https:\/\/urbex.direct\/it\/wp-json\/wp\/v2\/product"}],"about":[{"href":"https:\/\/urbex.direct\/it\/wp-json\/wp\/v2\/types\/product"}],"wp:featuredmedia":[{"embeddable":true,"href":"https:\/\/urbex.direct\/it\/wp-json\/wp\/v2\/media\/62024"}],"wp:attachment":[{"href":"https:\/\/urbex.direct\/it\/wp-json\/wp\/v2\/media?parent=62025"}],"wp:term":[{"taxonomy":"product_brand","embeddable":true,"href":"https:\/\/urbex.direct\/it\/wp-json\/wp\/v2\/product_brand?post=62025"},{"taxonomy":"product_cat","embeddable":true,"href":"https:\/\/urbex.direct\/it\/wp-json\/wp\/v2\/product_cat?post=62025"},{"taxonomy":"product_tag","embeddable":true,"href":"https:\/\/urbex.direct\/it\/wp-json\/wp\/v2\/product_tag?post=62025"}],"curies":[{"name":"wp","href":"https:\/\/api.w.org\/{rel}","templated":true}]}}