{"id":61339,"date":"2025-02-25T13:19:00","date_gmt":"2025-02-25T13:19:00","guid":{"rendered":"https:\/\/urbex.direct\/product\/coulorfull-church-kolorowy-kosciol\/"},"modified":"2025-02-23T14:30:15","modified_gmt":"2025-02-23T14:30:15","slug":"chiesa-di-coulorfull-kolorowy-kosciol","status":"publish","type":"product","link":"https:\/\/urbex.direct\/it\/product\/coulorfull-church-kolorowy-kosciol\/","title":{"rendered":"Chiesa di Coulorfull \/ Kolorowy ko\u015bci\u00f3\u0142"},"content":{"rendered":"<p>Coordinate Urbex<\/p>","protected":false},"excerpt":{"rendered":"<p>Coordinate Urbex<\/p>","protected":false},"featured_media":61338,"template":"","meta":[],"product_brand":[],"product_cat":[1386,272],"product_tag":[],"class_list":{"0":"post-61339","1":"product","2":"type-product","3":"status-publish","4":"has-post-thumbnail","6":"product_cat-podkarpackie","7":"product_cat-poland","9":"first","10":"instock","11":"downloadable","12":"taxable","13":"shipping-taxable","14":"purchasable","15":"product-type-simple"},"jetpack_sharing_enabled":true,"_links":{"self":[{"href":"https:\/\/urbex.direct\/it\/wp-json\/wp\/v2\/product\/61339","targetHints":{"allow":["GET"]}}],"collection":[{"href":"https:\/\/urbex.direct\/it\/wp-json\/wp\/v2\/product"}],"about":[{"href":"https:\/\/urbex.direct\/it\/wp-json\/wp\/v2\/types\/product"}],"wp:featuredmedia":[{"embeddable":true,"href":"https:\/\/urbex.direct\/it\/wp-json\/wp\/v2\/media\/61338"}],"wp:attachment":[{"href":"https:\/\/urbex.direct\/it\/wp-json\/wp\/v2\/media?parent=61339"}],"wp:term":[{"taxonomy":"product_brand","embeddable":true,"href":"https:\/\/urbex.direct\/it\/wp-json\/wp\/v2\/product_brand?post=61339"},{"taxonomy":"product_cat","embeddable":true,"href":"https:\/\/urbex.direct\/it\/wp-json\/wp\/v2\/product_cat?post=61339"},{"taxonomy":"product_tag","embeddable":true,"href":"https:\/\/urbex.direct\/it\/wp-json\/wp\/v2\/product_tag?post=61339"}],"curies":[{"name":"wp","href":"https:\/\/api.w.org\/{rel}","templated":true}]}}