{"id":60330,"date":"2024-12-30T11:30:58","date_gmt":"2024-12-30T11:30:58","guid":{"rendered":"https:\/\/urbex.direct\/?post_type=product&#038;p=60330"},"modified":"2025-05-27T20:14:57","modified_gmt":"2025-05-27T19:14:57","slug":"urbex-map-spagna-tutte-le-regioni-1-anno-di-accesso","status":"publish","type":"product","link":"https:\/\/urbex.direct\/it\/product\/urbex-map-spain-all-regions-1-year-access\/","title":{"rendered":"Urbex Map Spagna Tutte le regioni (1 anno o 2 accessi)"},"content":{"rendered":"<p>Questa mappa contiene le seguenti localit\u00e0: <ul><li>Casa del Medico<\/li><li>Bunkeranlage<\/li><li>Albergo Miramar<\/li><li>Villa Olivera<\/li><li>Discoteca Lapsus<\/li><li>Mas Carles<\/li><li>Castillo Jov\u00e9<\/li><li>C-65 Ristorante \/ Resto R<\/li><li>Castillo Torre<\/li><li>Fabbrica di tabacco<\/li><li>Preventorio Sabinosa<\/li><li>Karting<\/li><li>Albergo Les Ferreses<\/li><li>Palazzo Celeste<\/li><li>Balneario Termas la Puda<\/li><li>Colonia Cementera<\/li><li>El pueblo del Japon\u00e9s \/ Citt\u00e0 del Giappone<\/li><li>Base militare Loran<\/li><li>Puti Club de Carretera<\/li><li>Plaza de Toros<\/li><li>Fabrica AP<\/li><li>Hostal del Gato Momificado<\/li><li>Masia del Soldado<\/li><li>Ruina Can Busquets<\/li><li>Gasolinera A<\/li><li>Coches mimetizados con la Naturaleza \/ Auto mimetizzate<\/li><li>Albergo Panik<\/li><li>Villa dei Ciervos<\/li><li>Villa Josefa<\/li><li>Casa Lila<\/li><li>La gestione del crimine<\/li><li>El Moli Vell<\/li><li>Antiguo Matadero Tordera<\/li><li>Castillo Mas Rissech<\/li><li>Masia de las Fantas<\/li><li>Villa dei 100 anni<\/li><li>Teneria Moderna Franco Espa\u00f1ola<\/li><li>Il desiderio dell'artista<\/li><li>Villa del Conde<\/li><li>Estacionamiento Abandonado<\/li><li>Textil La Blava<\/li><li>Club Nautico<\/li><li>Radio Liberty<\/li><li>Villa della Mariona<\/li><li>L'ottico delle soglie<\/li><li>Acquapark Sitges<\/li><li>Cementera de la Gran Cupula<\/li><li>Stazione di Vallcarca<\/li><li>Discoteca Central<\/li><li>Ciudad de los Muchachos<\/li><li>Fabbrica di arance Gualda<\/li><li>Chalet de la rata Muerta<\/li><li>Colonia Textil<\/li><li>Villaggio perduto A<\/li><li>Casa del Piano<\/li><li>Casa Carro Blanco<\/li><li>Colonia Minera<\/li><li>Iglesia Perfecto<\/li><li>Citroen 2cv<\/li><li>Masia Numero 20<\/li><li>Masia del 1817<\/li><li>Mansi\u00f3n con estanque<\/li><li>Mutua abbandonata<\/li><li>Piscine con Futbolin<\/li><li>Masia de las Monedas<\/li><li>La fabbrica dei cartucci<\/li><li>Maniero di Anabelle<\/li><li>Discoteca Pach\u00e1<\/li><li>Parco Piscinas Canad\u00e1<\/li><li>La villa dei topi morti<\/li><li>Masia de los Templarios<\/li><li>Urbanizaci\u00f3n Abandonada<\/li><li>Masia 1909<\/li><li>Hotel de los horrores<\/li><li>Albergo Prost\u00edbulo<\/li><li>Chiringuito de la Piscina<\/li><li>Polisportivo con piscina<\/li><li>Le Bune<\/li><li>Piccolo blocco di piselli<\/li><li>Palazzo e casa dei frati<\/li><li>La casa degli spettatori<\/li><li>Cuarteles<\/li><li>Villa con discoteca<\/li><li>Discoteca P<\/li><li>Casa del Torero<\/li><li>Corbera de l'Ebre<\/li><li>Campo da golf<\/li><li>Fabrica Abandonada<\/li><li>Mansi\u00f3n C\u00fapula<\/li><li>Fabrica EC<\/li><li>Castillo Abuelo<\/li><li>Pueblo abandonado M<\/li><li>Discoteca LV<\/li><li>Carruajes<\/li><li>Hangar Coches Lekar<\/li><li>Fabbriche abbandonate<\/li><li>Pueblo Abandonado NT<\/li><li>Ristorante Arrasado<\/li><li>Stazione di servizio di ferrovie<\/li><li>Fabbrica di tessuti<\/li><li>Casa di molino abbandonata<\/li><li>Mas\u00eda Palomas<\/li><li>Fabbrica di macchine da stampa<\/li><li>Casa Gioconda<\/li><li>Gran Hotel de la A<\/li><li>Chalet del Acantilado<\/li><li>Albergo Abandonado<\/li><li>La casa Fantasma<\/li><li>Ristorante El Gran Ca\u00f1on<\/li><li>Ristorante di banchetti<\/li><li>Discoteca Tutan<\/li><li>Torre del Fang<\/li><li>Masia can Ballot<\/li><li>Font Pirine<\/li><li>Harinera F.O.R.<\/li><li>Masia del Vendedor<\/li><li>Colonia La Farinera<\/li><li>Mas\u00eda La Vall<\/li><li>Masia Castellnou de la Plana<\/li><li>Mansion del suicida \/ El Tint<\/li><li>Poblado SR<\/li><li>Decadenza della Masia<\/li><li>Masia Perdere Zorrillo<\/li><li>Masia Camas Voladorad<\/li><li>Ermita<\/li><li>Mini Falangista<\/li><li>Discoteca MF<\/li><li>Teatro Bel<\/li><li>Fabbrica + Balneario<\/li><li>Mas\u00eda y Capilla Blanca<\/li><li>Fabbrica di ladrillo<\/li><li>Fabrica Ortopedia<\/li><li>Fabbrica di Embutidos<\/li><li>Fabrica Quimicos<\/li><li>EL Pueblo Conejo<\/li><li>Geriatrico del Olvido<\/li><li>Fabrica Intorfrisa<\/li><li>Fabrica Siniestra<\/li><li>Fabbrica di tessuti<\/li><li>Albergo playa<\/li><li>Fabrica Textil Abandonada<\/li><li>Ristorante \/ Mas\u00eda abandonado<\/li><li>Discoteca Petada<\/li><li>Villaggio perduto<\/li><li>Colonia Soldevilla<\/li><li>Cabaret las Aguilas<\/li><li>Fabrica del plazon<\/li><li>Escuela del se\u00f1or Antonio<\/li><li>La fabbrica della Grua<\/li><li>Discoteca Arcus<\/li><li>Discoteca H<\/li><li>Villa del 1949<\/li><li>Fabrica Textil Doble<\/li><li>Fabrica del Coche<\/li><li>Fabrica piso Unico<\/li><li>Ospedale del Carmen<\/li><li>Fabrica quimica el Peligro<\/li><li>Hostal Solitario<\/li><li>Fabbrica delle Variet\u00e0<\/li><li>Fabrica ladrillos Premium<\/li><li>Hotel Cabaret<\/li><li>Polvor\u00edn<\/li><li>Fabrica Metalera<\/li><li>Piso con fitness<\/li><li>Piccola casa di montagna<\/li><li>Masia del noble<\/li><li>Masia de la serpiente<\/li><li>Granja historica<\/li><li>3 Cazas - MIG<\/li><li>La casa del viento<\/li><li>Autocares Abandonados \/ Taller<\/li><li>Masia de las Verduras<\/li><li>Masia Murcielagos<\/li><li>Piscina abbandonata e canchas de tenis<\/li><li>Hermita Tumbas Abandonadas<\/li><li>Villa Urbex<\/li><li>Masias Gurb<\/li><li>Colonia Textil + Casas<\/li><li>Masias Oris<\/li><li>Masia Voltrega<\/li><li>Viviendas Colonia<\/li><li>Masia Hermita<\/li><li>Masia Salort<\/li><li>Masia de las Ollas<\/li><li>Finca La Porxada<\/li><li>Centrale Termica<\/li><li>Antigue Casa Bodega<\/li><li>Masia Barriles<\/li><li>Case dei comisari<\/li><li>Corso di Motos Clasicas<\/li><li>Casa delle Cristallerie<\/li><li>Casa dei gatti<\/li><li>Biof\u00e1brica<\/li><li>Castillo moderno<\/li><li>Can Rosis<\/li><li>Can Sol<\/li><li>La mas\u00eda del cuchillo<\/li><li>Fabrica pl\u00e1sticos del incidente<\/li><li>Albergo del Fallecido<\/li><li>Viviendas Oscuras<\/li><li>Carruaje abandonado<\/li><li>Orfanato Intacto<\/li><li>Metro Tuneladora<\/li><li>Cementerio Real Abanadonado<\/li><li>Centro Tubercolosi<\/li><li>Hibernadero Abandonado<\/li><li>Colonia Textil H<\/li><li>Campo Golf Abandonado<\/li><li>Casa dei seniores montgros<\/li><li>Casa degli Abuelos<\/li><li>Piscina P<\/li><li>Case di vecchi lavoratori<\/li><li>La villa straordinaria<\/li><li>Monasterio H<\/li><li>Parco tematico perduto T<\/li><li>Ospedale abbandonato<\/li><li>Macello di Cordoba \/ Matadero de C\u00f3rdoba<\/li><li>Convento LS<\/li><li>I treni di montagna<\/li><li>Citt\u00e0 fantasma pagana<\/li><li>Convento Bajan<\/li><li>La granja milagrosa<\/li><li>Finca IBA<\/li><li>Gloria desvanecida<\/li><li>Torre del Castello Piccolo<\/li><li>L'industria perduta<\/li><li>Mega Mansi\u00f3n Inacabada<\/li><li>Villaggio degli olivi abbandonato \/ Pueblo de olivos abandonado<\/li><li>Cementera Abandonada \/ Fabbrica Tim Burton<\/li><li>Tren Carcas \/ Treno Carcas<\/li><li>Sala degli Abissi<\/li><li>Laboratori delle miniere<\/li><li>La miniera del regista \/ La miniera del regista<\/li><li>Chiesa del Cortijo<\/li><li>Mina de oro \/ Miniera d'oro<\/li><li>Discoteca Aqua<\/li><li>Albergo Triton<\/li><li>Aerodromo de monta\u00f1a \/ Aeroporto di montagna<\/li><li>Villaggio perduto Esco<\/li><li>Centrale elettrica A<\/li><li>Fabrica Aragon<\/li><li>Albergo Zuper<\/li><li>Albergo Ode<\/li><li>Maison Pino<\/li><li>Fabrica Juan<\/li><li>Maison Renco<\/li><li>Castillo de F<\/li><li>Villaggio perduto di San Marco<\/li><li>Villaggio perduto di Los Planos<\/li><li>Villaggio perduto di San Miguel<\/li><li>Villaggio perduto L<\/li><li>Villaggio perduto di Yesa<\/li><li>Fabrica De Oro Y Plata<\/li><li>Balneario Jiloca<\/li><li>Fabbrica di Jabones<\/li><li>Bano Del Rey<\/li><li>Casa Dueno Fabrica Oro y Plata<\/li><li>Cajas de Vichy<\/li><li>Villa della Carretera<\/li><li>Polideportivo<\/li><li>Casa cubierta de maleza<\/li><li>La asombrosa ruina \/ L'incredibile rovina<\/li><li>La Casa del Pilar \/ La Casa del Pilar<\/li><li>Fabbrica di porcellana<\/li><li>Complejo Residencial<\/li><li>Ba\u00f1o Japonesa \/ Bagno giapponese Maison Heaven<\/li><li>Antiguo UCA Asturias<\/li><li>L'antica piscifactor\u00eda<\/li><li>Sanatorio rojo y amarillo \/ Sanatorio rosso e giallo<\/li><li>Casa Templaria<\/li><li>L'aldea degli gnomi<\/li><li>L'aldea degli gnomi 2<\/li><li>Profonda oscurit\u00e0<\/li><li>Forte Calvi\u00e0<\/li><li>Albergo Vallgornera<\/li><li>Nova Valldemossa<\/li><li>Palazzo Alcudia<\/li><li>Fabrika Zagal<\/li><li>Missione Spazio<\/li><li>Discoteca del Forte<\/li><li>Appartamenti incompiuti<\/li><li>Ristorante TX \/ Ristorante Cesar<\/li><li>Torre di Otxate<\/li><li>El Caballo Perdido<\/li><li>Granja Quemada<\/li><li>Centrale nucleare L<\/li><li>Colegio intacto<\/li><li>Manoir S<\/li><li>Maison Persienne<\/li><li>Piccolo castello<\/li><li>Casa pais vasco<\/li><li>Torre del Pajarito \/ Torre degli uccelli Maison<\/li><li>Bodega del eco<\/li><li>Vecchia antenna satellitare<\/li><li>La Iglesia del Sanatorio di Abades<\/li><li>Albergo Anjaza \/ Albergo Y<\/li><li>Albergo Fajana \/ Albergo Neptune<\/li><li>Hacienda<\/li><li>Iglesia Levator<\/li><li>Albergo Azu<\/li><li>Barca BT<\/li><li>Diga perduta<\/li><li>Villaggio perduto LF<\/li><li>Diga perduta 2<\/li><li>Hotel Skeleton<\/li><li>Pianoforti Manoir Santos<\/li><li>Citt\u00e0 di Villacreces<\/li><li>Chiesa di La Fuente<\/li><li>Fabbrica di azoto<\/li><li>Fabbrica Harinas<\/li><li>Piramide Italiana<\/li><li>Sanatorio de V<\/li><li>Colonia infantil General Varela<\/li><li>Laboratorio fotografico<\/li><li>Fabbrica S<\/li><li>La casa dei criadi<\/li><li>Fabbrica di carta<\/li><li>Maison La Botica<\/li><li>Scuola Regina Pacis<\/li><li>Celda 211<\/li><li>La villa dei pittori<\/li><li>Molino fantasma<\/li><li>Stazione di servizio fantasma<\/li><li>Club Jen<\/li><li>F\u00e1brica derrumbada \/ Fabbrica crollata<\/li><li>L'estaci\u00f3n fantasma<\/li><li>la siguiente parada<\/li><li>Granja solitaria \/ Fattoria solitaria<\/li><li>La gasolinera de la vieja escuela \/ La stazione di servizio della vecchia scuola<\/li><li>La miniera di carbone e ferro \/ La mina de carb\u00f3n y hierro<\/li><li>La caserma nel bosco \/ Los cuarteles en el bosque<\/li><li>Citt\u00e0 fantasma C<\/li><li>Fabbrica di arbusti \/ Fabbrica di boscaglie<\/li><li>La mina de la muerte \/ La miniera della morte<\/li><li>La mina de la muerte \/ La miniera della morte 2<\/li><li>La mina de la muerte \/ La miniera della morte 3<\/li><li>Citt\u00e0 fantasma di Villar<\/li><li>La grande macchina della miniera \/ La gran m\u00e1quina minera<\/li><li>La casa abbandonata della miniera<\/li><li>Hotel sull'acqua \/ Hotel en el agua<\/li><li>Il magico villaggio di frontiera \/ El Pueblo M\u00e1gico de la Frontera<\/li><li>Casa Estaban<\/li><li>The Mining Age of Tungston 1<\/li><li>The Mining Age of Tungston 2<\/li><li>Fabbrica KK<\/li><li>Il Club K<\/li><li>Carico del carbone<\/li><li>Vecchio impianto minerario<\/li><li>Miniera di smeraldo<\/li><li>Albergo Milenial<\/li><li>Casa El Campillo<\/li><li>Deviazione mortale<\/li><li>Convento della Florida<\/li><li>Casa Di Aduala<\/li><li>Fabbrica della natura<\/li><li>Estaci\u00f3n sin v\u00eda<\/li><li>Perso per sempre\/ Perdido para sempre<\/li><li>Sanatorio di Oza<\/li><li>Casas B<\/li><li>La boite de las mil Vidrieras \/ Macrodiscoteca la Vidriera<\/li><li>Ciudad del Circo<\/li><li>Castello Grido<\/li><li>La F\u00e1brica en la playa 1<\/li><li>La F\u00e1brica en la playa 2<\/li><li>Impianto di ceramica Ramon \/ Planta de Cer\u00e1mica Ramon<\/li><li>Maison Moldy Piano \/ Maison Gestapo<\/li><li>Casa delle auto d'epoca \/ Casa de coches antiguos<\/li><li>La fabbrica dei mulini ad acqua \/ La f\u00e1brica de molinos de agua<\/li><li>Il vecchio resort \/ El viejo complejo<\/li><li>Citt\u00e0 fantasma SV \/ Ciudad fantasma SV<\/li><li>Casa delle persiane \/ Casa de persianas<\/li><li>Casa de la arboleda<\/li><li>Casa Boen<\/li><li>Casa Veranda<\/li><li>Casa Bell<\/li><li>La gran prision<\/li><li>Fabbrica di orologi<\/li><li>Arte della ceramica<\/li><li>Batterie per il mare \/ Bater\u00edas frente al mar<\/li><li>Base SS Graffity \/ Base de graffiti SS<\/li><li>Azienda di panificazione \/ Compa\u00f1\u00eda de panader\u00eda<\/li><li>The Plant House \/ La casa de las plantas<\/li><li>Villa Aldea \/ Mansi\u00f3n Aldea<\/li><li>Maison Blink \/ Casa Blink<\/li><li>Fabbrica di piscine \/ F\u00e1brica de piscinas<\/li><li>La casa della vegetazione \/ La casa della vegetazione<\/li><li>La casetta \/ La casita<\/li><li>Fattoria Monica \/ Granja M\u00f3nica<\/li><li>Barandilla de la casa \/ Maison Guardrail<\/li><li>Il villaggio perduto di La Rioja<\/li><li>Discoteca anni 70-80 \/ Isla Club<\/li><li>Bodegas Breton<\/li><li>Ristorante di bodas<\/li><li>Club di Alterne<\/li><li>Capilla del 1879<\/li><li>Seminario dei Padri Escolapios<\/li><li>Il paese del vino<\/li><li>Chalet moderno<\/li><li>Sanatorio de la Marina<\/li><li>Palazzo Pio<\/li><li>Convento dei graffiti<\/li><li>Estacion las infantas<\/li><li>El Alamin<\/li><li>Il campo militare \u00e8 stato abbandonato<\/li><li>Parco Aragona<\/li><li>Padiglioni per cavalieri<\/li><li>Ospedale Oncologico<\/li><li>Casa delle sillas<\/li><li>Casa del soldato<\/li><li>Grande Teatro Abandonado<\/li><li>Mansi\u00f3n \u00e1rabe<\/li><li>Ospedale S<\/li><li>Residenza di Anziani<\/li><li>Casa dei giochi da tavolo<\/li><li>Casa 13<\/li><li>La villa incredibile \/ La villa asombrosa<\/li><li>Piscina M<\/li><li>Miniera di Maza<\/li><li>War Cannons<\/li><li>Workers Church<\/li><li>Mafia mineral wash house<\/li><li>Miniera della corsa all'oro<\/li><li>Dystopian Mine Remains<\/li><li>The Consul Hotel<\/li><li>The Dark Market<\/li><li>The Old Priest Ruin<\/li><li>Aso Castle<\/li><li>Ghost Town All<\/li><li>Collapsed Olive Farm<\/li><li>Fabbrica di armi di Ruines<\/li><li>Forte di guerra<\/li><li>Stazione ferroviaria perduta C<\/li><li>Aserradero<\/li><li>Albergo H<\/li><li>Fabrica bidones<\/li><li>Negozio di riviste<\/li><li>Psiquiatrico de Cheste<\/li><li>Mas Blau<\/li><li>Preventorio Aguas de Busot<\/li><li>Fabbrica di bambole di porcellana<\/li><li>Colonia de S E<\/li><li>Palacete Modernista<\/li><li>Balneario<\/li><li>Centrale Termica<\/li><li>Antigua Fabrica de Conservas<\/li><li>Villa Pepito<\/li><li>Polvorin Turia<\/li><li>Antigua Cementera<\/li><li>Discoteca 80's<\/li><li>Fabbrica di carta<\/li><li>Palazzo 1878<\/li><li>Palacio Arabe \/ Palazzo Arabo<\/li><li>Hotel de Hormig\u00f3n<\/li><li>Maison Doctor<\/li><li>Ospedale abbandonato di Leprosos<\/li><\/ul><\/p>","protected":false},"excerpt":{"rendered":"<p>Questa mappa urbex fornisce tutte le postazioni di esplorazione urbana (urbex) in<strong> Spagna, Tutte le regioni. <\/strong>Questa mappa dei luoghi perduti rimarr\u00e0 aggiornata e accessibile per almeno 365 giorni dopo l'acquisto. <\/p>\n<p>This map has currently 455 of the most unique urban exploring locations in Spain: Catalonia and is accessible from anywhere with our easy to use map<strong>. <\/p>\n<p><\/strong><strong>Se siete gi\u00e0 in possesso di questo pacchetto, potete accedervi tramite <a href=\"\/it\/il-mio-conto\/area-soci\/43905\/il-mio-contenuto-associativo\/\">Le mie mappe &gt; Visualizza.<\/a><\/strong> <a href=\"#tab-description\">Elenco di tutte le localit\u00e0 Urbex su questa mappa.<\/a><\/p>","protected":false},"featured_media":60548,"template":"","meta":[],"product_brand":[],"product_cat":[322,1139,282],"product_tag":[],"class_list":{"0":"post-60330","1":"product","2":"type-product","3":"status-publish","4":"has-post-thumbnail","6":"product_cat-location-packs","7":"product_cat-maps-spain","8":"product_cat-spain","10":"first","11":"instock","12":"taxable","13":"shipping-taxable","14":"purchasable","15":"product-type-variable"},"jetpack_sharing_enabled":true,"_links":{"self":[{"href":"https:\/\/urbex.direct\/it\/wp-json\/wp\/v2\/product\/60330","targetHints":{"allow":["GET"]}}],"collection":[{"href":"https:\/\/urbex.direct\/it\/wp-json\/wp\/v2\/product"}],"about":[{"href":"https:\/\/urbex.direct\/it\/wp-json\/wp\/v2\/types\/product"}],"wp:featuredmedia":[{"embeddable":true,"href":"https:\/\/urbex.direct\/it\/wp-json\/wp\/v2\/media\/60548"}],"wp:attachment":[{"href":"https:\/\/urbex.direct\/it\/wp-json\/wp\/v2\/media?parent=60330"}],"wp:term":[{"taxonomy":"product_brand","embeddable":true,"href":"https:\/\/urbex.direct\/it\/wp-json\/wp\/v2\/product_brand?post=60330"},{"taxonomy":"product_cat","embeddable":true,"href":"https:\/\/urbex.direct\/it\/wp-json\/wp\/v2\/product_cat?post=60330"},{"taxonomy":"product_tag","embeddable":true,"href":"https:\/\/urbex.direct\/it\/wp-json\/wp\/v2\/product_tag?post=60330"}],"curies":[{"name":"wp","href":"https:\/\/api.w.org\/{rel}","templated":true}]}}