{"id":60273,"date":"2024-12-27T13:13:00","date_gmt":"2024-12-27T13:13:00","guid":{"rendered":"https:\/\/urbex.direct\/product\/crooked-graveyard-krivy-hrbitov\/"},"modified":"2025-11-14T22:50:23","modified_gmt":"2025-11-14T22:50:23","slug":"cimitero-storto-krivy-hrbitov","status":"publish","type":"product","link":"https:\/\/urbex.direct\/it\/product\/crooked-graveyard-krivy-hrbitov\/","title":{"rendered":"Cimitero storto \/ K\u0159iv\u00fd h\u0159bitov"},"content":{"rendered":"<p>Coordinate Urbex<\/p>","protected":false},"excerpt":{"rendered":"<p>Coordinate Urbex<\/p>","protected":false},"featured_media":60272,"template":"","meta":[],"product_brand":[],"product_cat":[291,1306],"product_tag":[],"class_list":{"0":"post-60273","1":"product","2":"type-product","3":"status-publish","4":"has-post-thumbnail","6":"product_cat-czech-republic","7":"product_cat-karlovy-vary","9":"first","10":"instock","11":"downloadable","12":"taxable","13":"shipping-taxable","14":"purchasable","15":"product-type-simple"},"jetpack_sharing_enabled":true,"_links":{"self":[{"href":"https:\/\/urbex.direct\/it\/wp-json\/wp\/v2\/product\/60273","targetHints":{"allow":["GET"]}}],"collection":[{"href":"https:\/\/urbex.direct\/it\/wp-json\/wp\/v2\/product"}],"about":[{"href":"https:\/\/urbex.direct\/it\/wp-json\/wp\/v2\/types\/product"}],"wp:featuredmedia":[{"embeddable":true,"href":"https:\/\/urbex.direct\/it\/wp-json\/wp\/v2\/media\/60272"}],"wp:attachment":[{"href":"https:\/\/urbex.direct\/it\/wp-json\/wp\/v2\/media?parent=60273"}],"wp:term":[{"taxonomy":"product_brand","embeddable":true,"href":"https:\/\/urbex.direct\/it\/wp-json\/wp\/v2\/product_brand?post=60273"},{"taxonomy":"product_cat","embeddable":true,"href":"https:\/\/urbex.direct\/it\/wp-json\/wp\/v2\/product_cat?post=60273"},{"taxonomy":"product_tag","embeddable":true,"href":"https:\/\/urbex.direct\/it\/wp-json\/wp\/v2\/product_tag?post=60273"}],"curies":[{"name":"wp","href":"https:\/\/api.w.org\/{rel}","templated":true}]}}