{"id":58422,"date":"2024-09-10T20:01:55","date_gmt":"2024-09-10T19:01:55","guid":{"rendered":"https:\/\/urbex.direct\/?post_type=product&#038;p=58422"},"modified":"2025-05-17T00:06:26","modified_gmt":"2025-05-16T23:06:26","slug":"urbex-map-portugal-tutte-le-regioni-1-anno-di-accesso","status":"publish","type":"product","link":"https:\/\/urbex.direct\/it\/product\/urbex-map-portugal-all-regions-1-year-access\/","title":{"rendered":"Urbex Map Portugal Tutte le regioni (Accesso per 1 o 2 anni)"},"content":{"rendered":"<p>Questa mappa contiene le seguenti localit\u00e0: <ul><li>Fazenda Silvares<\/li><li>Villa Sacoor<\/li><li>Palazzo dei sogni \/ Villa dei sogni<\/li><li>Castelo da DC<\/li><li>Casa Bonita<\/li><li>Monastero infestato \/ Mosteiro Assombrado<\/li><li>Magione Rosa<\/li><li>Il fienile senza tetto \/ O Celeiro Sem Teto<\/li><li>Il fienile nascosto<\/li><li>Casa Ronaldo<\/li><li>Budget perduto per la demolizione<\/li><li>La casa dimenticata sulla spiaggia \/ A casa de praia esquecida<\/li><li>Rovine a Papel<\/li><li>Palazzo Fonte da Pipa<\/li><li>Fazenda sem Telhado<\/li><li>Acquapark perduto 2<\/li><li>Albergo Golfinho<\/li><li>Spiaggia Ruine<\/li><li>Terreni del campo<\/li><li>Convento sulla spiaggia<\/li><li>Convento Sao Francisco<\/li><li>Festeggiamenti con vista<\/li><li>Fazenda 125 \/ Fattoria 125<\/li><li>2 Fazendas da Rep\u00fablica \/ 2 Fattorie della Repubblica<\/li><li>Ru\u00edna Musical<\/li><li>Le rovine pacifiche<\/li><li>A f\u00e1brica vermelha \/ La fabbrica rossa<\/li><li>O grande pavilh\u00e3o de ca\u00e7a \/ Il grande padiglione di caccia<\/li><li>Albergo Maze Runner<\/li><li>Palacio L<\/li><li>Vecchie navi<\/li><li>Enologo Portugu\u00eas<\/li><li>Asilo maggio<\/li><li>Casa pequena sem telhado \/ Casa piccola senza tetto<\/li><li>Aqualand<\/li><li>Convento FDM<\/li><li>Dr. Mena Villa<\/li><li>Casa Anha<\/li><li>Capilla Celeste<\/li><li>Vivenda Guimar\u00e3es<\/li><li>Quinta do Minhoto<\/li><li>Casa Eusibio<\/li><li>Casa Tavio<\/li><li>Casa Sophia<\/li><li>A antiga institui\u00e7\u00e3o psiqui\u00e1trica \/ Il vecchio istituto psichiatrico<\/li><li>Casa Perdita<\/li><li>Vicini troppo cresciuti<\/li><li>Quinta com Capela \/ Fattoria con cappella<\/li><li>O Segredo da Colina \/ Il segreto della collina<\/li><li>Come capelas rochosas<\/li><li>Hotel con vista sul mare\/ Hotel vista mare<\/li><li>Finestre storte \/ Janelas Tortas<\/li><li>Casa Jesus<\/li><li>Ru\u00edna Dupla<\/li><li>La festa del vino<\/li><li>Casa con vista sul mare<\/li><li>Fabbrica S\u00e3o<\/li><li>Albergo da Foz<\/li><li>La vecchia scuola cattolica<\/li><li>Villa Abigael<\/li><li>Fattoria da nessuna parte<\/li><li>La foresta in casa<\/li><li>Motel sulla collina<\/li><li>Cripta<\/li><li>Seminario T<\/li><li>Casa Chelo<\/li><li>Arruinar Palmeira<\/li><li>Sanat\u00f3rio de Valongo<\/li><li>Villa Lionheart<\/li><li>Cripta con bare<\/li><li>Villa oz brasiliana \/ Mans\u00e3o das Pinturas<\/li><li>Casa Azul<\/li><li>Dominico Villa<\/li><li>Maison Manuelina Da Foz<\/li><li>Parco RAF<\/li><li>Casa Nes<\/li><li>Fuedo CA<\/li><li>Antiga F\u00e1brica<\/li><li>Universit\u00e0 abbandonata<\/li><li>Quinta das \u00c1guias<\/li><li>Teche di Armamento<\/li><li>Scuola Afonso Domingues<\/li><li>Panoramica di Monsanto<\/li><li>Laboratorio di patologia<\/li><li>Ospedale Barro<\/li><li>Terme Sizandro<\/li><li>O galp\u00e3o de carros \/ La rimessa delle auto<\/li><li>Casa Do violino<\/li><li>Casa Colomb<\/li><li>Casa Isac<\/li><li>Palacia Farro<\/li><li>Casas Blue Gates<\/li><li>Casa Joao<\/li><li>Cidade Fantasma AB<\/li><li>Casa Amarela<\/li><li>Casa di campo in affitto<\/li><li>Fabbrica e Campo Sportivo<\/li><li>As ru\u00ednas da igreja de 30 anos \/ Le rovine della chiesa di 30 anni fa<\/li><li>Asilo e Ru\u00edna<\/li><li>Casa Santa Rita<\/li><li>Sanat\u00f3rio AG<\/li><li>Ferme Carro Branco \/ Ferme White Car<\/li><li>Una fabbrica di bolas<\/li><li>A fazenda no vazio \/ La fattoria in mezzo al nulla<\/li><li>A f\u00e1brica no rio \/ La fabbrica sul fiume<\/li><li>Casa Soluto<\/li><li>A bela fachada \/ La bella facciata<\/li><li>Garagem de Carro Abandonada \/ Garage auto abbandonato<\/li><li>Resort inacabado \/ Resort incompiuto<\/li><li>Teatro Avenida<\/li><li>Palazzo delle Fiabe \/ Palacio Conde De Sucena<\/li><li>Casa CDS<\/li><li>Usine Coima<\/li><li>Casa Azul \/ Maison Victoria<\/li><li>Il maniero del professore<\/li><li>Casa Da Silva<\/li><li>Il maniero grigio<\/li><li>La Villa d'Arte Rosa<\/li><li>Discoteca Green Hill<\/li><li>Albergo P<\/li><li>Hotel Verde \/ Hotel Verde<\/li><li>Casa Gargarine<\/li><li>Boate Notte stellata<\/li><li>O para\u00edso de slides Inacabado<\/li><li>Sanatorio del Caramulo<\/li><li>Rovina del Palacio<\/li><li>Casa Lo<\/li><li>Albergo Antigo Av<\/li><li>La Casa del Pianoforte<\/li><li>Casa Isma \/ Casa Isma<\/li><li>Dispacciatore ferroviario troppo cresciuto<\/li><li>Terme d'autunno<\/li><li>L'Antico Palazzo delle Terme<\/li><li>Piscina in vista dell'aereo<\/li><li>Resort Breakwater<\/li><li>Fattoria del pesce vista mare<\/li><li>Albergo MP<\/li><li>Forte da Baleia<\/li><li>Quinta da pianista<\/li><li>Vila das duas colunas<\/li><li>Villa ALV<\/li><li>Hospital Infantil \/ Ospedale dei bambini<\/li><li>Palazzo delle Sculture<\/li><li>Tr\u00eas vilas<\/li><li>Palazzo Oblivion<\/li><li>Casa BA \/ Villa Pink<\/li><li>Fabbrica di ceramica<\/li><li>Fabbrica di Coselhas<\/li><li>Mosteiro di V<\/li><li>Discoteca Lamarosa<\/li><li>Una Fabbrica di Carta<\/li><li>Scivoli mancanti Piscina<\/li><li>Palazzo Salazar<\/li><li>Casa Nuova Vita \/ Casa Nova Vida<\/li><li>O antigo armaz\u00e9m \/ Il vecchio magazzino<\/li><li>Casa del tossico \/ Casa do Junkie<\/li><li>Fabrica PO<\/li><li>Termas Aguas<\/li><li>Casa Real<\/li><li>Aquaparc \/ Scivolo a secco<\/li><li>Ruinas MDH<\/li><li>La piccola baracca<\/li><li>Naufragio Beja<\/li><li>Cappela V<\/li><li>Convento MFD<\/li><li>Usine Villa No<\/li><li>Igreja Matt<\/li><\/ul><\/p>","protected":false},"excerpt":{"rendered":"<p>Questa mappa urbex fornisce tutte le postazioni di esplorazione urbana (urbex) in <strong>Portogallo, Tutte le regioni<\/strong><strong>.<\/strong> Questa mappa dei luoghi perduti rimarr\u00e0 aggiornata e accessibile per almeno 365 giorni dopo l'acquisto.<\/p>\n<p>This map has currently 167 of the most unique urban exploring locations in Portugal and is accessible from anywhere with our easy to use map<strong>. <\/p>\n<p><\/strong><strong>Se siete gi\u00e0 in possesso di questo pacchetto, potete accedervi tramite <\/strong><a href=\"\/it\/il-mio-conto\/area-soci\/43905\/il-mio-contenuto-associativo\/\"><strong>Le mie mappe &gt; Visualizza.<\/strong><\/a> <\/p>\n<p><a href=\"#tab-description\">Elenco di tutte le localit\u00e0 Urbex su questa mappa.<\/a><\/p>","protected":false},"featured_media":58433,"template":"","meta":[],"product_brand":[],"product_cat":[325,322,1376],"product_tag":[],"class_list":{"0":"post-58422","1":"product","2":"type-product","3":"status-publish","4":"has-post-thumbnail","6":"product_cat-portugal","7":"product_cat-location-packs","8":"product_cat-maps-portugal","10":"first","11":"instock","12":"taxable","13":"shipping-taxable","14":"purchasable","15":"product-type-variable"},"jetpack_sharing_enabled":true,"_links":{"self":[{"href":"https:\/\/urbex.direct\/it\/wp-json\/wp\/v2\/product\/58422","targetHints":{"allow":["GET"]}}],"collection":[{"href":"https:\/\/urbex.direct\/it\/wp-json\/wp\/v2\/product"}],"about":[{"href":"https:\/\/urbex.direct\/it\/wp-json\/wp\/v2\/types\/product"}],"wp:featuredmedia":[{"embeddable":true,"href":"https:\/\/urbex.direct\/it\/wp-json\/wp\/v2\/media\/58433"}],"wp:attachment":[{"href":"https:\/\/urbex.direct\/it\/wp-json\/wp\/v2\/media?parent=58422"}],"wp:term":[{"taxonomy":"product_brand","embeddable":true,"href":"https:\/\/urbex.direct\/it\/wp-json\/wp\/v2\/product_brand?post=58422"},{"taxonomy":"product_cat","embeddable":true,"href":"https:\/\/urbex.direct\/it\/wp-json\/wp\/v2\/product_cat?post=58422"},{"taxonomy":"product_tag","embeddable":true,"href":"https:\/\/urbex.direct\/it\/wp-json\/wp\/v2\/product_tag?post=58422"}],"curies":[{"name":"wp","href":"https:\/\/api.w.org\/{rel}","templated":true}]}}