{"id":57778,"date":"2024-08-11T10:52:55","date_gmt":"2024-08-11T09:52:55","guid":{"rendered":"https:\/\/urbex.direct\/?post_type=product&#038;p=57778"},"modified":"2024-08-11T11:03:47","modified_gmt":"2024-08-11T10:03:47","slug":"urbex-map-france-centre-val-de-loire-cher-18-1-anno-di-accesso","status":"publish","type":"product","link":"https:\/\/urbex.direct\/it\/product\/urbex-map-france-centre-val-de-loire-cher-18-1-year-access\/","title":{"rendered":"Mappa Urbex Francia, Centro-Val di Loira: Cher (18) (Accesso per 1 anno)"},"content":{"rendered":"<p>Questa mappa contiene le seguenti localit\u00e0:<\/p>\n<ul><li>Manoir Trinity \/ Castello di Trinity<\/li><li>Castello delle Dame<\/li><li>Manoir \u00e0 la verri\u00e8re<\/li><li>Studio 101<\/li><li>Chateau figa nera<\/li><li>Il convento delle sorelle<\/li><li>Abbaye Roy<\/li><li>Ferme Numero Uno<\/li><li>Discoteca Travo<\/li><li>Zuppa Chateau<\/li><li>Usine Poutres<\/li><li>Ch\u00e2teau blaireau<\/li><li>Whisky Ferme<\/li><li>Ferme del v\u00e9t\u00e9ran<\/li><li>Maison de la vieille dame<\/li><li>Scuola del Piccolo G \/ L'\u00e9cole des abus<\/li><li>Maison Mamie<\/li><\/ul>","protected":false},"excerpt":{"rendered":"<p>Questa mappa urbex fornisce tutte le postazioni di esplorazione urbana (urbex) in<strong> Francia, <\/strong><strong>Centro-Val di Loira<\/strong><strong>: Cher (18).<\/strong> Questa mappa dei luoghi perduti rimarr\u00e0 aggiornata e accessibile per almeno 365 giorni dopo l'acquisto.<\/p>\n<p>Questa mappa contiene attualmente 17 delle pi\u00f9 singolari localit\u00e0 di esplorazione urbana in Francia, Centre-Val de Loire: Cher (18) ed \u00e8 accessibile da qualsiasi luogo grazie alla nostra mappa di facile utilizzo.<strong>.<\/strong><\/p>\n<p><strong>Se siete gi\u00e0 in possesso di questo pacchetto, potete accedervi tramite <a href=\"\/it\/il-mio-conto\/area-soci\/43905\/il-mio-contenuto-associativo\/\">Le mie mappe &gt; Visualizza.<\/a><\/strong><\/p>\n<p><a href=\"#tab-description\">Elenco di tutte le localit\u00e0 Urbex su questa mappa.<\/a><\/p>","protected":false},"featured_media":57782,"template":"","meta":[],"product_brand":[],"product_cat":[230,1033,226,322,1340,1135],"product_tag":[],"class_list":{"0":"post-57778","1":"product","2":"type-product","3":"status-publish","4":"has-post-thumbnail","6":"product_cat-centre-val-de-loire","7":"product_cat-cher-18","8":"product_cat-france","9":"product_cat-location-packs","10":"product_cat-maps-centre-val-de-loire","11":"product_cat-maps-france","13":"first","14":"instock","15":"taxable","16":"shipping-taxable","17":"purchasable","18":"product-type-simple"},"jetpack_sharing_enabled":true,"_links":{"self":[{"href":"https:\/\/urbex.direct\/it\/wp-json\/wp\/v2\/product\/57778","targetHints":{"allow":["GET"]}}],"collection":[{"href":"https:\/\/urbex.direct\/it\/wp-json\/wp\/v2\/product"}],"about":[{"href":"https:\/\/urbex.direct\/it\/wp-json\/wp\/v2\/types\/product"}],"wp:featuredmedia":[{"embeddable":true,"href":"https:\/\/urbex.direct\/it\/wp-json\/wp\/v2\/media\/57782"}],"wp:attachment":[{"href":"https:\/\/urbex.direct\/it\/wp-json\/wp\/v2\/media?parent=57778"}],"wp:term":[{"taxonomy":"product_brand","embeddable":true,"href":"https:\/\/urbex.direct\/it\/wp-json\/wp\/v2\/product_brand?post=57778"},{"taxonomy":"product_cat","embeddable":true,"href":"https:\/\/urbex.direct\/it\/wp-json\/wp\/v2\/product_cat?post=57778"},{"taxonomy":"product_tag","embeddable":true,"href":"https:\/\/urbex.direct\/it\/wp-json\/wp\/v2\/product_tag?post=57778"}],"curies":[{"name":"wp","href":"https:\/\/api.w.org\/{rel}","templated":true}]}}