{"id":56966,"date":"2024-06-30T18:38:56","date_gmt":"2024-06-30T17:38:56","guid":{"rendered":"https:\/\/urbex.direct\/?post_type=product&#038;p=56966"},"modified":"2025-05-22T18:03:12","modified_gmt":"2025-05-22T17:03:12","slug":"urbex-map-italy-veneto-trentino-sudtirol-e-friuli-venezia-giulia-1-anno-di-accesso","status":"publish","type":"product","link":"https:\/\/urbex.direct\/it\/product\/urbex-map-italy-veneto-trentino-south-tyrol-and-friuli-venezia-giulia-1-year-access\/","title":{"rendered":"Urbex Map Italia: Veneto, Trentino-Alto Adige e Friuli-Venezia Giulia (Accesso per 1 o 2 anni)"},"content":{"rendered":"<p>Questa mappa contiene le seguenti localit\u00e0: <ul><li>Antenato di F1<\/li><li>Ristorante dell'aereo<\/li><li>Villa Miari<\/li><li>Isola del Veneto<\/li><li>Discoteca Miro<\/li><li>Villa della Contessa Impazzita<\/li><li>Vecchia Lancia<\/li><li>Discoteca Madruga<\/li><li>Villa Cabia<\/li><li>Chiessetta Nobiliare<\/li><li>Hotel Spa<\/li><li>Chiesa O<\/li><li>Casa Alice \/ Casa Diane<\/li><li>Centro commerciale Esso<\/li><li>Villa Alfred Ogwang<\/li><li>Teatro Evoluzione<\/li><li>Palazzo a Sorpresa<\/li><li>Albergo Simpson<\/li><li>Campo Hippie<\/li><li>Manicomio Granzette<\/li><li>Fabbrica Forti<\/li><li>Stoccaggio Alibaba<\/li><li>Fabbrica-citt\u00e0<\/li><li>Base missilistica<\/li><li>Il grande albergo ricco<\/li><li>Albergo Cristallo<\/li><li>Villa Astronomica<\/li><li>Casa con balcone<\/li><li>Il Monastero Solare<\/li><li>Cupola automatica<\/li><li>Vita di un monaco<\/li><li>Maison De L'Impagliatore<\/li><li>Base del ladro<\/li><li>La fabbrica dei treni<\/li><li>Fabbrica s<\/li><li>Villa Nebbiosa<\/li><li>Antica Chiesa Di San Marziala<\/li><li>Casa Malcazine<\/li><li>Villa Reliquia<\/li><li>Cappella nella foresta \/ Cappella Bianchi<\/li><li>Fabbrica Branco<\/li><li>Ospedale Al Mare<\/li><li>La regina della seta<\/li><li>Il campo proibito<\/li><li>Caso Nosedo<\/li><li>Villa Castelnuovo<\/li><li>Fabbrica di mense sociali<\/li><li>Polveriera abbandonata<\/li><li>Castello di Ghostories<\/li><li>Kinderheim<\/li><li>Monastero Di Santa Croce<\/li><li>Stabilimento Alluminio<\/li><li>Albergo Montano<\/li><li>Albergo scomunicato<\/li><li>Bagni a tre Cime<\/li><li>Il gigante dei boschi<\/li><li>La casa divina<\/li><li>La fabbrica di salsicce<\/li><li>Casa Petrol<\/li><li>Albergo Maria Auxi<\/li><li>3 Caso sulla roccia<\/li><li>Stazione della funivia NATO<\/li><li>Villa Gemona<\/li><li>Cacciatori delle Alpi<\/li><li>Sorelle in Miseria<\/li><li>Casa Ikonik<\/li><li>Bellezza industriale<\/li><li>Chiesa mani di Dio<\/li><\/ul><br><\/p>","protected":false},"excerpt":{"rendered":"<p>Questa mappa urbex fornisce tutte le postazioni di esplorazione urbana (urbex) in <strong>Italia<\/strong><strong>, Veneto, Trentino-Alto Adige e Friuli-Venezia Giulia<\/strong><strong>.<\/strong> <\/p>\n<p>Questa mappa dei luoghi perduti rimarr\u00e0 aggiornata e accessibile per almeno 365 giorni dopo l'acquisto. Questa mappa contiene attualmente 68 dei luoghi pi\u00f9 unici per l'esplorazione urbana in Italia, Veneto, Trentino-Alto Adige e Friuli-Venezia Giulia ed \u00e8 accessibile da qualsiasi luogo con la nostra mappa facile da usare.<strong>. <\/strong><strong><\/p>\n<p>Se siete gi\u00e0 in possesso di questo pacchetto, potete accedervi tramite <\/strong><a href=\"\/it\/il-mio-conto\/area-soci\/43905\/il-mio-contenuto-associativo\/\"><strong>Le mie mappe &gt; Visualizza.<\/strong><\/a> <\/p>\n<p><a href=\"#tab-description\">Elenco di tutte le localit\u00e0 Urbex su questa mappa.<\/a><\/p>","protected":false},"featured_media":56990,"template":"","meta":[],"product_brand":[],"product_cat":[1360,243,322,1137,251,313],"product_tag":[],"class_list":{"0":"post-56966","1":"product","2":"type-product","3":"status-publish","4":"has-post-thumbnail","6":"product_cat-friuli-venezia-giulia","7":"product_cat-italy","8":"product_cat-location-packs","9":"product_cat-maps-italy","10":"product_cat-trentino-south-tyrol","11":"product_cat-veneto-2","13":"first","14":"instock","15":"taxable","16":"shipping-taxable","17":"purchasable","18":"product-type-variable"},"jetpack_sharing_enabled":true,"_links":{"self":[{"href":"https:\/\/urbex.direct\/it\/wp-json\/wp\/v2\/product\/56966","targetHints":{"allow":["GET"]}}],"collection":[{"href":"https:\/\/urbex.direct\/it\/wp-json\/wp\/v2\/product"}],"about":[{"href":"https:\/\/urbex.direct\/it\/wp-json\/wp\/v2\/types\/product"}],"wp:featuredmedia":[{"embeddable":true,"href":"https:\/\/urbex.direct\/it\/wp-json\/wp\/v2\/media\/56990"}],"wp:attachment":[{"href":"https:\/\/urbex.direct\/it\/wp-json\/wp\/v2\/media?parent=56966"}],"wp:term":[{"taxonomy":"product_brand","embeddable":true,"href":"https:\/\/urbex.direct\/it\/wp-json\/wp\/v2\/product_brand?post=56966"},{"taxonomy":"product_cat","embeddable":true,"href":"https:\/\/urbex.direct\/it\/wp-json\/wp\/v2\/product_cat?post=56966"},{"taxonomy":"product_tag","embeddable":true,"href":"https:\/\/urbex.direct\/it\/wp-json\/wp\/v2\/product_tag?post=56966"}],"curies":[{"name":"wp","href":"https:\/\/api.w.org\/{rel}","templated":true}]}}