{"id":56964,"date":"2024-06-30T18:35:05","date_gmt":"2024-06-30T17:35:05","guid":{"rendered":"https:\/\/urbex.direct\/?post_type=product&#038;p=56964"},"modified":"2025-05-22T17:55:17","modified_gmt":"2025-05-22T16:55:17","slug":"urbex-map-italy-piedmont-liguria-and-aosta-valley-1-year-access","status":"publish","type":"product","link":"https:\/\/urbex.direct\/it\/product\/urbex-map-italy-piedmont-liguria-and-aosta-valley-1-year-access\/","title":{"rendered":"Urbex Map Italia: Piemonte, Liguria e Valle d'Aosta (Accesso per 1 o 2 anni)"},"content":{"rendered":"<p>Questa mappa contiene le seguenti localit\u00e0: <ul><li>Fabbrica Xi&#039;an<\/li><li>Scuola di musica dark<\/li><li>Discoteca Divina<\/li><li>Manicomio di Racconigi<\/li><li>Ospedale Bargnetta \/ La Bertagnetta<\/li><li>Asilo V<\/li><li>Villa Trendy<\/li><li>Villa Luciano<\/li><li>Ultimo Impero<\/li><li>Istituto Giuseppini<\/li><li>Ospedale della Croce Rossa<\/li><li>Monastero MG<\/li><li>Villa Sottos<\/li><li>Castello Novi<\/li><li>Villa Dante<\/li><li>Chiesa CM<\/li><li>Villa Margherita<\/li><li>Castello di Savi<\/li><li>Villa Corinna<\/li><li>Villa Melano<\/li><li>Fabbrica Fantasia<\/li><li>Villa Martiri<\/li><li>Orfanotrofio S<\/li><li>Villaggio perduto Camillio<\/li><li>Castello Di V<\/li><li>Rovina Nella Foresta<\/li><li>Villa Albero delle Scimmie<\/li><li>Villa Abbettere<\/li><li>Fabbrica Grande e Vuoto<\/li><li>Casa Frazione<\/li><li>Villa Lm<\/li><li>Distributore di benzina abbandonato<\/li><li>Fabbrica T<\/li><li>Fabbrica Angolo<\/li><li>Chiesa Madrina<\/li><li>Fabbrica di colori<\/li><li>Chiesa SC<\/li><li>La Furnasetta<\/li><li>Palazzo L<\/li><li>Passo Dopo Passo<\/li><li>Palazzo delle Gemme Orientale<\/li><li>Castello di L<\/li><li>Ectoplasma<\/li><li>Villa Becker<\/li><li>Castello Di Re Claudio<\/li><li>Ospedale Pronto Scorsso<\/li><li>Villa Conchiglia<\/li><li>Cinema Enal<\/li><li>Santuario Bertha Gifford<\/li><li>Villa Donato Bilancia<\/li><li>Castello Mirafiori \/ Castello del Drosso<\/li><li>Villa Grazia<\/li><li>Scuola Globe<\/li><li>Preventorio Infantile<\/li><li>Discoteca Cesar Palace<\/li><li>Villa Artom<\/li><li>Scuola Tofana<\/li><li>Chiesa Bosco<\/li><li>Villa Solita<\/li><li>Villa Flavia<\/li><li>Maniero Duchessa<\/li><li>Casa Nella Foresta<\/li><li>Segreti di Cotone \/ La Filature effiloch\u00e9e \/ La filature arlequine<\/li><li>Palazzo Sciure \/ Il Sanatorio Maledetto Di Bioglio<\/li><li>Villa Ron<\/li><li>Villa Riso<\/li><li>Casa di Bambola<\/li><li>Casa Baobicala<\/li><li>Villa B<\/li><li>Albergo S<\/li><li>Villa del cacciatore<\/li><li>Casa Vara<\/li><li>Ferme Scina<\/li><li>Uso produttivo<\/li><li>Chiesa Rhogama<\/li><li>Fattoria Gazzurlo<\/li><li>Il Globe Club<\/li><li>Il maniero 8K<\/li><li>Discoteca Aphro<\/li><li>La fattoria in montagna<\/li><li>Casa Ast<\/li><li>Il campanile di Pisa<\/li><li>Azienda agricola ASL<\/li><li>La casa del lupo di mare<\/li><li>Castello di Kippy<\/li><li>Villaggio fantasma<\/li><li>Albergo Alberghetti<\/li><li>Capella di Villa Durazzo<\/li><li>Chiesa Edio<\/li><li>Colonia Antonia Devoto<\/li><li>Colonia Fara<\/li><li>Manicomio di Quarto<\/li><li>Palazzo Bordoni<\/li><li>Villa Caelum<\/li><li>Villa Sultana<\/li><li>Villa Zan<\/li><li>Albergo Pigna<\/li><li>Elettricit\u00e0 centrale<\/li><li>Albergo Coloniale<\/li><li>Mausoleo Crespi<\/li><li>Villa Ardesia<\/li><li>Chiesa delle origini<\/li><li>Ospedale Mediterraneo<\/li><li>Manicomio di Cogoleto<\/li><li>Zona di esplorazione lunare<\/li><li>Villa Puma<\/li><li>Forte C<\/li><li>Forte T<\/li><li>Chiesa Bianca<\/li><li>Chiesa Verde<\/li><li>Fabbrica Sub<\/li><li>Villa Romano<\/li><li>Battaglione Thermes<\/li><\/ul><br><\/p>","protected":false},"excerpt":{"rendered":"<p>Questa mappa urbex fornisce tutte le postazioni di esplorazione urbana (urbex) in <strong>Italia<\/strong><strong>, Piemonte, Liguria e Valle d'Aosta<\/strong><strong>.<\/strong> <\/p>\n<p>Questa mappa dei luoghi perduti rimarr\u00e0 aggiornata e accessibile per almeno 365 giorni dopo l'acquisto. Questa mappa ha attualmente 113 dei luoghi pi\u00f9 unici per l'esplorazione urbana in Italia, Piemonte, Liguria e Valle d'Aosta ed \u00e8 accessibile da qualsiasi luogo con la nostra mappa di facile utilizzo.<strong>. <\/p>\n<p><\/strong><strong>Se siete gi\u00e0 in possesso di questo pacchetto, potete accedervi tramite <\/strong><a href=\"\/it\/il-mio-conto\/area-soci\/43905\/il-mio-contenuto-associativo\/\"><strong>Le mie mappe &gt; Visualizza.<\/strong><\/a> <\/p>\n<p><a href=\"#tab-description\">Elenco di tutte le localit\u00e0 Urbex su questa mappa.<\/a><\/p>","protected":false},"featured_media":56984,"template":"","meta":[],"product_brand":[],"product_cat":[778,243,245,322,1137,248],"product_tag":[],"class_list":{"0":"post-56964","1":"product","2":"type-product","3":"status-publish","4":"has-post-thumbnail","6":"product_cat-valle-daosta","7":"product_cat-italy","8":"product_cat-ligurie-2","9":"product_cat-location-packs","10":"product_cat-maps-italy","11":"product_cat-piedmont","13":"first","14":"instock","15":"taxable","16":"shipping-taxable","17":"purchasable","18":"product-type-variable"},"jetpack_sharing_enabled":true,"_links":{"self":[{"href":"https:\/\/urbex.direct\/it\/wp-json\/wp\/v2\/product\/56964","targetHints":{"allow":["GET"]}}],"collection":[{"href":"https:\/\/urbex.direct\/it\/wp-json\/wp\/v2\/product"}],"about":[{"href":"https:\/\/urbex.direct\/it\/wp-json\/wp\/v2\/types\/product"}],"wp:featuredmedia":[{"embeddable":true,"href":"https:\/\/urbex.direct\/it\/wp-json\/wp\/v2\/media\/56984"}],"wp:attachment":[{"href":"https:\/\/urbex.direct\/it\/wp-json\/wp\/v2\/media?parent=56964"}],"wp:term":[{"taxonomy":"product_brand","embeddable":true,"href":"https:\/\/urbex.direct\/it\/wp-json\/wp\/v2\/product_brand?post=56964"},{"taxonomy":"product_cat","embeddable":true,"href":"https:\/\/urbex.direct\/it\/wp-json\/wp\/v2\/product_cat?post=56964"},{"taxonomy":"product_tag","embeddable":true,"href":"https:\/\/urbex.direct\/it\/wp-json\/wp\/v2\/product_tag?post=56964"}],"curies":[{"name":"wp","href":"https:\/\/api.w.org\/{rel}","templated":true}]}}