{"id":56962,"date":"2024-06-30T18:31:02","date_gmt":"2024-06-30T17:31:02","guid":{"rendered":"https:\/\/urbex.direct\/?post_type=product&#038;p=56962"},"modified":"2025-05-22T17:46:04","modified_gmt":"2025-05-22T16:46:04","slug":"urbex-map-italy-puglia-basilicata-calabria-campania-e-sicilia-1-anno-di-accesso","status":"publish","type":"product","link":"https:\/\/urbex.direct\/it\/product\/urbex-map-italy-apulia-basilicata-calabria-campania-and-sicily-1-year-access\/","title":{"rendered":"Urbex Map Italia: Puglia, Basilicata, Calabria, Campania e Sicilia (accesso per 1 o 2 anni)"},"content":{"rendered":"<p>Questa mappa contiene le seguenti localit\u00e0: <ul><li>Scuola di Biologica<\/li><li>Fabbrica Olio d' Oliva<\/li><li>Villa Agora<\/li><li>Fabbrica la Biancheria Sporca<\/li><li>Fabbrica CPT<\/li><li>Villa Coni<\/li><li>Villa Uva<\/li><li>Fattoria abbandonata<\/li><li>Distilleria Nuova<\/li><li>Tetanico<\/li><li>Acquapark greco<\/li><li>Istituto Psicopedagogico<\/li><li>Villa Ferrero<\/li><li>O sole mio<\/li><li>Villaggio rurale abbandonato<\/li><li>Miragica<\/li><li>Collegio Navale<\/li><li>Villa Cerulli Bozzi Corso<\/li><li>Chiesa San Giorgio Degli Armeni<\/li><li>Sacar<\/li><li>Casa Di Molla<\/li><li>Albergo M<\/li><li>Albergo A<\/li><li>Albergo d'oro<\/li><li>Villaggio Normanna<\/li><li>Villaggio Iverna<\/li><li>Piscina crollata<\/li><li>Couvent Episcopal<\/li><li>Impianto Chimico<\/li><li>Albergo Piana<\/li><li>Abbandono del terreno<\/li><li>Casa senza finestre<\/li><li>L'oliveto<\/li><li>Fabbrica di cemento C<\/li><li>Il grande sito della fabbrica<\/li><li>Gli appartamenti non finiti<\/li><li>L'albergo dei rifiuti \/ The Waste Hotel<\/li><li>Casa Avati<\/li><li>Fabbrica Scarsa visibilit\u00e0<\/li><li>La fabbrica delle arance<\/li><li>L'appartamento vuoto<\/li><li>Villa Pazza<\/li><li>Fabbrica tra le strade<\/li><li>Villaggio Tocco<\/li><li>Chiessa C<\/li><li>Guardare Attraverso<\/li><li>Fabbrica Tetto Ruggine<\/li><li>Villa Inaspettato<\/li><li>Casa Mo<\/li><li>Ruderi C<\/li><li>Fabbrica A<\/li><li>Valle dei Mulini<\/li><li>Casa di Cal<\/li><li>Casa Viti<\/li><li>Villaggio Provinciale<\/li><li>Albergo della V\u00e9suve<\/li><li>Base Nato<\/li><li>Citt\u00e0 fantasma AV<\/li><li>Chiesseta Agreste<\/li><li>Chiesa Sant Antuono<\/li><li>Chiessa Madonna dil Ponte<\/li><li>Chiesa Largo Capuccini<\/li><li>La citt\u00e0 abbandonata, nella citt\u00e0 abbandonata<\/li><li>Ville paradiso verde<\/li><li>Manicomio Campania<\/li><li>Prison Break Campania<\/li><li>Piscina Paradiso Perduto<\/li><li>Convento medievale<\/li><li>Palazzo Ducale<\/li><li>Ancienne Fabrique NSS<\/li><li>Albergo Eremo<\/li><li>Casa Di Spinola<\/li><li>Villaggio perduto Pog<\/li><li>Miniera di solfiti<\/li><li>Fabbrica Coso<\/li><li>Castello di Catarina<\/li><li>Il Club del Mare<\/li><li>Ospedale Clearblue<\/li><li>La fattoria dimenticata<\/li><li>Casa Kasko<\/li><li>Fabbrica nella fattoria<\/li><li>Rovina della fattoria<\/li><li>Rovina della fattoria 2<\/li><li>La rovina sulla montagna<\/li><li>Ponte e tunnel di Potter abbandonati<\/li><li>Casa Lofaro<\/li><li>La spa in crescita<\/li><li>Casa dell'autostrada<\/li><li>Chiesa Baro<\/li><li>Caserma Ruin Strand<\/li><li>Grand Hotel Templi<\/li><li>Castello di Somersault<\/li><\/ul><br><\/p>","protected":false},"excerpt":{"rendered":"<p>Questa mappa urbex fornisce tutte le postazioni di esplorazione urbana (urbex) in <strong>Italia<\/strong><strong>Puglia, Basilicata, Calabria, Campania e Sicilia<\/strong><strong>.<\/strong> <\/p>\n<p>Questa mappa dei luoghi perduti rimarr\u00e0 aggiornata e accessibile per almeno 365 giorni dopo l'acquisto. Questa mappa contiene attualmente 92 dei luoghi pi\u00f9 unici per l'esplorazione urbana in Italia, Puglia, Basilicata, Calabria, Campania e Sicilia ed \u00e8 accessibile da qualsiasi luogo con la nostra mappa facile da usare.<strong>. <\/p>\n<p><\/strong><strong>Se siete gi\u00e0 in possesso di questo pacchetto, potete accedervi tramite <\/strong><a href=\"\/it\/il-mio-conto\/area-soci\/43905\/il-mio-contenuto-associativo\/\"><strong>Le mie mappe &gt; Visualizza.<\/strong><\/a> <\/p>\n<p><a href=\"#tab-description\">Elenco di tutte le localit\u00e0 Urbex su questa mappa.<\/a><\/p>","protected":false},"featured_media":56980,"template":"","meta":[],"product_brand":[],"product_cat":[340,332,948,315,1356,243,322,1137],"product_tag":[],"class_list":{"0":"post-56962","1":"product","2":"type-product","3":"status-publish","4":"has-post-thumbnail","6":"product_cat-basilicata","7":"product_cat-campania","8":"product_cat-sicilie","9":"product_cat-apulia","10":"product_cat-calabria","11":"product_cat-italy","12":"product_cat-location-packs","13":"product_cat-maps-italy","15":"first","16":"instock","17":"taxable","18":"shipping-taxable","19":"purchasable","20":"product-type-variable"},"jetpack_sharing_enabled":true,"_links":{"self":[{"href":"https:\/\/urbex.direct\/it\/wp-json\/wp\/v2\/product\/56962","targetHints":{"allow":["GET"]}}],"collection":[{"href":"https:\/\/urbex.direct\/it\/wp-json\/wp\/v2\/product"}],"about":[{"href":"https:\/\/urbex.direct\/it\/wp-json\/wp\/v2\/types\/product"}],"wp:featuredmedia":[{"embeddable":true,"href":"https:\/\/urbex.direct\/it\/wp-json\/wp\/v2\/media\/56980"}],"wp:attachment":[{"href":"https:\/\/urbex.direct\/it\/wp-json\/wp\/v2\/media?parent=56962"}],"wp:term":[{"taxonomy":"product_brand","embeddable":true,"href":"https:\/\/urbex.direct\/it\/wp-json\/wp\/v2\/product_brand?post=56962"},{"taxonomy":"product_cat","embeddable":true,"href":"https:\/\/urbex.direct\/it\/wp-json\/wp\/v2\/product_cat?post=56962"},{"taxonomy":"product_tag","embeddable":true,"href":"https:\/\/urbex.direct\/it\/wp-json\/wp\/v2\/product_tag?post=56962"}],"curies":[{"name":"wp","href":"https:\/\/api.w.org\/{rel}","templated":true}]}}