{"id":56959,"date":"2024-06-30T18:26:55","date_gmt":"2024-06-30T17:26:55","guid":{"rendered":"https:\/\/urbex.direct\/?post_type=product&#038;p=56959"},"modified":"2025-05-22T17:26:11","modified_gmt":"2025-05-22T16:26:11","slug":"urbex-map-italy-abruzzo-lazio-marche-umbria-e-molise-1-anno-di-accesso","status":"publish","type":"product","link":"https:\/\/urbex.direct\/it\/product\/urbex-map-italy-abruzzo-lazio-marche-umbria-and-molise-1-year-access\/","title":{"rendered":"Urbex Map Italia: Abruzzo, Lazio, Marche, Umbria e Molise (Accesso per 1 o 2 anni)"},"content":{"rendered":"<p>Questa mappa contiene le seguenti localit\u00e0: <ul><li>Casa Mysteria<\/li><li>Convento SM<\/li><li>Ospedale CS \/ Ospedale CS<\/li><li>Centro Termale<\/li><li>Villa Ranalli<\/li><li>Vilaaggio Perduto Fara<\/li><li>Notte del villaggio abbandonato<\/li><li>Villa Atelier Della Scultrice<\/li><li>Palazzo del Cardinale<\/li><li>Ex Istituto Geso Devino Operaio<\/li><li>Convento B<\/li><li>Monastero Di Fara<\/li><li>Villa Ponam<\/li><li>Pista D'oro<\/li><li>Orfanotrofio Marcigliana<\/li><li>Villa Mario<\/li><li>Manicomio Psichiatrico<\/li><li>Elisir del villaggio perduto<\/li><li>Piccolo Zoo \/ Piccolo Zoo<\/li><li>Scuola di giganti<\/li><li>Villa Status Quo<\/li><li>Ippodromo di Lafuente<\/li><li>Casa Sperimentale<\/li><li>Cinema con statue<\/li><li>Fabricca SIA<\/li><li>Albergo Bonifacev<\/li><li>Cimenterie Cerrano<\/li><li>Raffineria di zucchero<\/li><li>Fabbrica di abbigliamento<\/li><li>Casa Scarpa<\/li><li>Castello dei Ciclopi<\/li><li>Capannone invaso dalla vegetazione<\/li><li>Serre Aurelia 1<\/li><li>Serre Aurelia 2<\/li><li>Colonia Pyrgi<\/li><li>Octogonus<\/li><li>Mercati Centrali con gru<\/li><li>Moulin \u00c0 Huile<\/li><li>Grand Hotel Primus<\/li><li>Elettricit\u00e0 Central Hydro<\/li><li>Fabbrica di medicinali<\/li><li>Usine Cecconi<\/li><li>Villa su Strada<\/li><li>Piscina bianca<\/li><li>Saponificio<\/li><li>Campo Interno<\/li><li>Colonia Firenza<\/li><li>Fabbrica di Teschi<\/li><li>Albergo Nico<\/li><li>Castello nella foresta<\/li><li>Fabbrica Mistral<\/li><li>Ferme Aux Pigeons<\/li><li>Fabricca di Mira<\/li><li>Ex Cartiera AP<\/li><li>Alloggi dei lavoratori<\/li><li>Il monastero abbandonato sull'acqua<\/li><li>Fabbrica Vita<\/li><li>Cartiera e centro congressi<\/li><li>Villa La Quiete<\/li><li>Villa Pasa<\/li><li>Villa Vina<\/li><li>Villa Botticelli<\/li><li>Chiesa del Parocco<\/li><li>Convento Corridonia<\/li><li>Aquaparc Adriatico<\/li><li>Villa Vespa<\/li><li>Villa Dei Volatili<\/li><li>Villa Milanov<\/li><li>Villa Dei Poeti<\/li><li>Chiesa degli Angeli<\/li><li>Discoteca Sophistica<\/li><li>Allenamento di calcio<\/li><li>Chiesa Verde \/ Chiesa del cane pazzo<\/li><li>La chiesa a casa<\/li><li>La chiesa rimane<\/li><li>Monastero nella nebbia<\/li><li>Disco Frank<\/li><li>Convento di F<\/li><li>Ospedale Gallo<\/li><li>Ristorante Della Nave<\/li><li>L'hotel con 2 torri<\/li><li>Centrale elettrica V<\/li><li>Centrale elettrica ENEL<\/li><li>Chiesa di A<\/li><li>Villa Palma<\/li><li>La Casa Della Nonna<\/li><li>Villa Compresso<\/li><li>Magazzini stazione<\/li><li>La vecchia scuola di aviazione<\/li><li>Albergo Torre<\/li><li>Convento Verde<\/li><li>Abbaye Angelo<\/li><li>Fabbrica di polveri<\/li><li>Chiesa rosa verde<\/li><li>Fortezza Ginevra<\/li><li>Villaggio della doppia chiesa<\/li><li>Macello di piccioni<\/li><li>Il Burgage perduto<\/li><\/ul><br><\/p>\n\n\n\n<p><\/p>","protected":false},"excerpt":{"rendered":"<p>Questa mappa urbex fornisce tutte le postazioni di esplorazione urbana (urbex) in <strong>Italia<\/strong><strong>, Abruzzo, Lazio, Marche, Umbria e Molise<\/strong><strong>.<\/strong> <\/p>\n<p>Questa mappa dei luoghi perduti rimarr\u00e0 aggiornata e accessibile per almeno 365 giorni dopo l'acquisto. Questa mappa ha attualmente 98 dei luoghi pi\u00f9 unici per l'esplorazione urbana in Italia, Abruzzo, Lazio, Marche, Umbria e Molise ed \u00e8 accessibile da qualsiasi luogo con la nostra mappa facile da usare.<strong>. <\/p>\n<p><\/strong><strong>Se siete gi\u00e0 in possesso di questo pacchetto, potete accedervi tramite <\/strong><a href=\"\/it\/il-mio-conto\/area-soci\/43905\/il-mio-contenuto-associativo\/\"><strong>Le mie mappe &gt; Visualizza.<\/strong><\/a> <\/p>\n<p><a href=\"#tab-description\">Elenco di tutte le localit\u00e0 Urbex su questa mappa.<\/a><\/p>","protected":false},"featured_media":56976,"template":"","meta":[],"product_brand":[],"product_cat":[339,951,949,243,322,1137,247,1362],"product_tag":[],"class_list":{"0":"post-56959","1":"product","2":"type-product","3":"status-publish","4":"has-post-thumbnail","6":"product_cat-abruzzen","7":"product_cat-lazio","8":"product_cat-umbrie","9":"product_cat-italy","10":"product_cat-location-packs","11":"product_cat-maps-italy","12":"product_cat-marche-2","13":"product_cat-molise","15":"first","16":"instock","17":"taxable","18":"shipping-taxable","19":"purchasable","20":"product-type-variable"},"jetpack_sharing_enabled":true,"_links":{"self":[{"href":"https:\/\/urbex.direct\/it\/wp-json\/wp\/v2\/product\/56959","targetHints":{"allow":["GET"]}}],"collection":[{"href":"https:\/\/urbex.direct\/it\/wp-json\/wp\/v2\/product"}],"about":[{"href":"https:\/\/urbex.direct\/it\/wp-json\/wp\/v2\/types\/product"}],"wp:featuredmedia":[{"embeddable":true,"href":"https:\/\/urbex.direct\/it\/wp-json\/wp\/v2\/media\/56976"}],"wp:attachment":[{"href":"https:\/\/urbex.direct\/it\/wp-json\/wp\/v2\/media?parent=56959"}],"wp:term":[{"taxonomy":"product_brand","embeddable":true,"href":"https:\/\/urbex.direct\/it\/wp-json\/wp\/v2\/product_brand?post=56959"},{"taxonomy":"product_cat","embeddable":true,"href":"https:\/\/urbex.direct\/it\/wp-json\/wp\/v2\/product_cat?post=56959"},{"taxonomy":"product_tag","embeddable":true,"href":"https:\/\/urbex.direct\/it\/wp-json\/wp\/v2\/product_tag?post=56959"}],"curies":[{"name":"wp","href":"https:\/\/api.w.org\/{rel}","templated":true}]}}