{"id":54382,"date":"2024-03-12T16:40:36","date_gmt":"2024-03-12T16:40:36","guid":{"rendered":"https:\/\/urbex.direct\/?post_type=product&#038;p=54382"},"modified":"2025-05-21T20:57:08","modified_gmt":"2025-05-21T19:57:08","slug":"mappa-dellubicazione-bassa-sassonia-germania","status":"publish","type":"product","link":"https:\/\/urbex.direct\/it\/product\/location-map-lower-saxony-germany\/","title":{"rendered":"Mappa Urbex Germania, Bassa Sassonia (Accesso per 1 o 2 anni)"},"content":{"rendered":"<p>Questa mappa contiene le seguenti localit\u00e0: <ul><li>Albergo B\u00e4renstark<\/li><li>Curlingia di Bomberg<\/li><li>Castello di Olderhausen<\/li><li>Sprengstofffabrik Tanne<\/li><li>Villa Kunzima<\/li><li>Zucherfabrik<\/li><li>Panzer<\/li><li>Haus der S\u00e4ngerin \/ Haus der Nachtigall \/ Haus der Blumen<\/li><li>Deposito perso<\/li><li>Luftmunitionslager<\/li><li>Casa della Perla Bianca<\/li><li>Carcere<\/li><li>Treno giallo<\/li><li>Das Retro Guesthaus<\/li><li>Albergo Eden R<\/li><li>Ferienwohnungen<\/li><li>Hotel Das Alte Retro<\/li><li>Alte Bergbaureste<\/li><li>Prigione Nittle<\/li><li>Hotel delle Lampade<\/li><li>Giocare al treno<\/li><li>Casa di lusso a Waldrand<\/li><li>La Scheggia di Natale<\/li><li>Serre che crollano<\/li><li>Pasto felice<\/li><li>Casa della Libert\u00e0<\/li><li>Bunker Bassum<\/li><li>Paglia e trattore \/ Stroh und Traktor<\/li><li>Naufragio (posizione del drone)<\/li><li>Batteria Flak \/ Flakbatterie<\/li><li>Sanatorio Bernhardi e Centrale Elettrica<\/li><li>Mausoleo dei B\u00e4ren<\/li><li>Das Waldhaus<\/li><li>Clinica Wintermoor<\/li><li>Geistervilla<\/li><li>Wald Bunker Eib<\/li><li>Das Alte Tram<\/li><li>Haus Wolf<\/li><li>Alte Mahlwerk<\/li><li>Sanatorio di Konigsberg<\/li><li>Il sistema di bunkeraggio pi\u00f9 piccolo<\/li><li>Katholisch Keller<\/li><li>Zoogehege<\/li><li>Arztpraxis di classe<\/li><li>Panzer russi<\/li><li>Piscina Roter<\/li><li>Kinder des Nichts<\/li><li>Cimitero degli Illuminati<\/li><li>Albergo Waldkater<\/li><li>Casa Ombra<\/li><li>Pensione Isotta<\/li><\/ul><\/p>","protected":false},"excerpt":{"rendered":"<p>Questa mappa urbex fornisce tutte le postazioni di esplorazione urbana (urbex) in <strong>Germania<\/strong><strong>, Bassa Sassonia<\/strong><strong>.<\/strong> <\/p>\n<p>Questa mappa dei luoghi perduti rimarr\u00e0 aggiornata e accessibile per almeno 365 giorni dopo l'acquisto. Questa mappa contiene attualmente 51 dei luoghi pi\u00f9 unici per l'esplorazione urbana in Germania, Bassa Sassonia, ed \u00e8 accessibile da qualsiasi luogo grazie alla nostra mappa facile da usare.<strong>. <\/p>\n<p><\/strong><strong>Se siete gi\u00e0 in possesso di questo pacchetto, potete accedervi tramite <a href=\"\/it\/il-mio-conto\/area-soci\/43905\/il-mio-contenuto-associativo\/\">Le mie mappe &gt; Visualizza.<\/a><\/strong> <\/p>\n<p><a href=\"#tab-description\">Elenco di tutte le localit\u00e0 Urbex su questa mappa.<\/a><\/p>","protected":false},"featured_media":54910,"template":"","meta":[],"product_brand":[],"product_cat":[210,322,217,1229],"product_tag":[],"class_list":{"0":"post-54382","1":"product","2":"type-product","3":"status-publish","4":"has-post-thumbnail","6":"product_cat-germany","7":"product_cat-location-packs","8":"product_cat-lower-saxony","9":"product_cat-maps-germany","11":"first","12":"instock","13":"taxable","14":"shipping-taxable","15":"purchasable","16":"product-type-variable"},"jetpack_sharing_enabled":true,"_links":{"self":[{"href":"https:\/\/urbex.direct\/it\/wp-json\/wp\/v2\/product\/54382","targetHints":{"allow":["GET"]}}],"collection":[{"href":"https:\/\/urbex.direct\/it\/wp-json\/wp\/v2\/product"}],"about":[{"href":"https:\/\/urbex.direct\/it\/wp-json\/wp\/v2\/types\/product"}],"wp:featuredmedia":[{"embeddable":true,"href":"https:\/\/urbex.direct\/it\/wp-json\/wp\/v2\/media\/54910"}],"wp:attachment":[{"href":"https:\/\/urbex.direct\/it\/wp-json\/wp\/v2\/media?parent=54382"}],"wp:term":[{"taxonomy":"product_brand","embeddable":true,"href":"https:\/\/urbex.direct\/it\/wp-json\/wp\/v2\/product_brand?post=54382"},{"taxonomy":"product_cat","embeddable":true,"href":"https:\/\/urbex.direct\/it\/wp-json\/wp\/v2\/product_cat?post=54382"},{"taxonomy":"product_tag","embeddable":true,"href":"https:\/\/urbex.direct\/it\/wp-json\/wp\/v2\/product_tag?post=54382"}],"curies":[{"name":"wp","href":"https:\/\/api.w.org\/{rel}","templated":true}]}}