{"id":54380,"date":"2024-03-12T16:39:21","date_gmt":"2024-03-12T16:39:21","guid":{"rendered":"https:\/\/urbex.direct\/?post_type=product&#038;p=54380"},"modified":"2025-05-21T20:55:04","modified_gmt":"2025-05-21T19:55:04","slug":"mappa-della-posizione-brandeburgo-germania","status":"publish","type":"product","link":"https:\/\/urbex.direct\/it\/product\/location-map-brandenburg-germany\/","title":{"rendered":"Mappa Urbex Germania, Brandeburgo (Accesso per 1 o 2 anni)"},"content":{"rendered":"<p>Questa mappa contiene le seguenti localit\u00e0: <ul><li>Meraviglia blu<\/li><li>Elstal Wustermark<\/li><li>Castello di Dammsm\u00fchle<\/li><li>Castello di Gentzrode<\/li><li>Casa di riposo militare<\/li><li>Filtri<\/li><li>Citt\u00e0 di confine<\/li><li>Colosso<\/li><li>Albergo Oranien<\/li><li>Manicomio T<\/li><li>Garage sul mare<\/li><li>Kaserna Joter<\/li><li>Veget Bar<\/li><li>Scuola di volo Zeppelin<\/li><li>Scuola Zinna III<\/li><li>Esperimento dell'esercito<\/li><li>Flugplatz Sperenberg<\/li><li>Schloss F<\/li><li>Treni da battaglia<\/li><li>Haus Maus<\/li><li>Wilhelm Pieck<\/li><li>Haus Templ<\/li><li>Dominio Geron<\/li><li>Casa Denkmal<\/li><li>L'alto Zirkus<\/li><li>Pflegeheim Ru<\/li><li>Das Milchhaus<\/li><li>Clinica K<\/li><li>Krafwerk P<\/li><li>Cimitero di T-Mobile<\/li><li>Schloss SH<\/li><li>Flugplatz O<\/li><li>Libert\u00e0 Brige<\/li><li>Walking Dead Road 2.0<\/li><li>Poligono di tiro Graffity<\/li><li>Campo delle SS<\/li><li>Flugabwehr-Raketenabteilung<\/li><li>Fanteria in servizio<\/li><li>La festa \u00e8 iniziata<\/li><li>Campo Nick<\/li><li>Campo Bombodrom<\/li><li>Versteckter Flugplatz<\/li><li>Lager Furstenberg<\/li><li>Le case abbandonate delle SS<\/li><li>La casa di cura della Stasi<\/li><\/ul><\/p>","protected":false},"excerpt":{"rendered":"<p>Questa mappa urbex fornisce tutte le postazioni di esplorazione urbana (urbex) in <strong>Germania<\/strong><strong>, <\/strong><strong>Brandeburgo<\/strong><strong>.<\/strong> <\/p>\n<p>Questa mappa dei luoghi perduti rimarr\u00e0 aggiornata e accessibile per almeno 365 giorni dopo l'acquisto. Questa mappa contiene attualmente 45 dei luoghi pi\u00f9 singolari per l'esplorazione urbana in Germania, nel Brandeburgo, ed \u00e8 accessibile da qualsiasi luogo grazie alla nostra mappa facile da usare.<strong>. <\/p>\n<p><\/strong><strong>Se siete gi\u00e0 in possesso di questo pacchetto, potete accedervi tramite <a href=\"\/it\/il-mio-conto\/area-soci\/43905\/il-mio-contenuto-associativo\/\">Le mie mappe &gt; Visualizza.<\/a><\/strong> <\/p>\n<p><a href=\"#tab-description\">Elenco di tutte le localit\u00e0 Urbex su questa mappa.<\/a><\/p>","protected":false},"featured_media":54901,"template":"","meta":[],"product_brand":[],"product_cat":[214,210,322,1229],"product_tag":[],"class_list":{"0":"post-54380","1":"product","2":"type-product","3":"status-publish","4":"has-post-thumbnail","6":"product_cat-brandenburg-2","7":"product_cat-germany","8":"product_cat-location-packs","9":"product_cat-maps-germany","11":"first","12":"instock","13":"taxable","14":"shipping-taxable","15":"purchasable","16":"product-type-variable"},"jetpack_sharing_enabled":true,"_links":{"self":[{"href":"https:\/\/urbex.direct\/it\/wp-json\/wp\/v2\/product\/54380","targetHints":{"allow":["GET"]}}],"collection":[{"href":"https:\/\/urbex.direct\/it\/wp-json\/wp\/v2\/product"}],"about":[{"href":"https:\/\/urbex.direct\/it\/wp-json\/wp\/v2\/types\/product"}],"wp:featuredmedia":[{"embeddable":true,"href":"https:\/\/urbex.direct\/it\/wp-json\/wp\/v2\/media\/54901"}],"wp:attachment":[{"href":"https:\/\/urbex.direct\/it\/wp-json\/wp\/v2\/media?parent=54380"}],"wp:term":[{"taxonomy":"product_brand","embeddable":true,"href":"https:\/\/urbex.direct\/it\/wp-json\/wp\/v2\/product_brand?post=54380"},{"taxonomy":"product_cat","embeddable":true,"href":"https:\/\/urbex.direct\/it\/wp-json\/wp\/v2\/product_cat?post=54380"},{"taxonomy":"product_tag","embeddable":true,"href":"https:\/\/urbex.direct\/it\/wp-json\/wp\/v2\/product_tag?post=54380"}],"curies":[{"name":"wp","href":"https:\/\/api.w.org\/{rel}","templated":true}]}}