{"id":53637,"date":"2024-03-20T17:55:31","date_gmt":"2024-03-20T17:55:31","guid":{"rendered":"https:\/\/urbex.direct\/product\/la-maison-da-cote\/"},"modified":"2024-02-20T18:11:31","modified_gmt":"2024-02-20T18:11:31","slug":"la-maison-da-cote","status":"publish","type":"product","link":"https:\/\/urbex.direct\/it\/product\/la-maison-da-cote\/","title":{"rendered":"La maison d'\u00e0 c\u00f4t\u00e9"},"content":{"rendered":"<p>Coordinate Urbex<\/p>","protected":false},"excerpt":{"rendered":"<p>Coordinate Urbex<\/p>","protected":false},"featured_media":53636,"template":"","meta":[],"product_brand":[],"product_cat":[226,1093,236],"product_tag":[],"class_list":{"0":"post-53637","1":"product","2":"type-product","3":"status-publish","4":"has-post-thumbnail","6":"product_cat-france","7":"product_cat-gers-32","8":"product_cat-occitanie","10":"first","11":"instock","12":"downloadable","13":"taxable","14":"shipping-taxable","15":"purchasable","16":"product-type-simple"},"jetpack_sharing_enabled":true,"_links":{"self":[{"href":"https:\/\/urbex.direct\/it\/wp-json\/wp\/v2\/product\/53637","targetHints":{"allow":["GET"]}}],"collection":[{"href":"https:\/\/urbex.direct\/it\/wp-json\/wp\/v2\/product"}],"about":[{"href":"https:\/\/urbex.direct\/it\/wp-json\/wp\/v2\/types\/product"}],"wp:featuredmedia":[{"embeddable":true,"href":"https:\/\/urbex.direct\/it\/wp-json\/wp\/v2\/media\/53636"}],"wp:attachment":[{"href":"https:\/\/urbex.direct\/it\/wp-json\/wp\/v2\/media?parent=53637"}],"wp:term":[{"taxonomy":"product_brand","embeddable":true,"href":"https:\/\/urbex.direct\/it\/wp-json\/wp\/v2\/product_brand?post=53637"},{"taxonomy":"product_cat","embeddable":true,"href":"https:\/\/urbex.direct\/it\/wp-json\/wp\/v2\/product_cat?post=53637"},{"taxonomy":"product_tag","embeddable":true,"href":"https:\/\/urbex.direct\/it\/wp-json\/wp\/v2\/product_tag?post=53637"}],"curies":[{"name":"wp","href":"https:\/\/api.w.org\/{rel}","templated":true}]}}