{"id":49182,"date":"2023-10-02T16:39:20","date_gmt":"2023-10-02T15:39:20","guid":{"rendered":"https:\/\/urbex.direct\/?post_type=product&#038;p=49182"},"modified":"2024-06-20T08:39:29","modified_gmt":"2024-06-20T07:39:29","slug":"mappa-della-posizione-loira-42-francia","status":"publish","type":"product","link":"https:\/\/urbex.direct\/it\/product\/location-map-loire-42-france\/","title":{"rendered":"Mappa Urbex Francia, Alvernia-Rodano-Alpi: Loire (42) (Accesso per 1 anno)"},"content":{"rendered":"<p>Questa mappa contiene le seguenti localit\u00e0:<\/p>\n<ul><li>Ch\u00e2teau Versa Pique<\/li><li>Thermes Bleus<\/li><li>Il castello delle favole<\/li><li>Usine du Sable<\/li><li>Ospedale del Cheval<\/li><li>Maison de la Mine<\/li><li>Maison Papy &amp; Mamie<\/li><li>Villaggio turistico<\/li><li>Maison Vignoble<\/li><li>Maison Croix de Guerre<\/li><li>Manoir sauvage<\/li><li>Castello con tetto di vetro<\/li><li>La diga \/ Le colosse d\u00e9chu<\/li><li>Usine Abasourdix<\/li><\/ul>","protected":false},"excerpt":{"rendered":"<p>Questa mappa urbex fornisce tutte le postazioni di esplorazione urbana (urbex) in<strong> Francia, Alvernia-Rodano-Alpi, Loira (42).<\/strong> Questa mappa dei luoghi perduti rimarr\u00e0 aggiornata e accessibile per almeno 365 giorni dopo l'acquisto.<\/p>\n<p>Questa mappa presenta attualmente 14 delle pi\u00f9 singolari location per l'esplorazione urbana in Francia, Auvergne-Rh\u00f4ne-Alps: Loira (42) ed \u00e8 accessibile da qualsiasi luogo grazie alla nostra mappa facile da usare.<strong>.<\/strong><\/p>\n<p><strong>Se siete gi\u00e0 in possesso di questo pacchetto, potete accedervi tramite <a href=\"\/it\/il-mio-conto\/area-soci\/43905\/il-mio-contenuto-associativo\/\">Le mie mappe &gt; Visualizza.<\/a><\/strong><\/p>\n<p><a href=\"#tab-description\">Elenco di tutte le localit\u00e0 Urbex su questa mappa.<\/a><\/p>","protected":false},"featured_media":49183,"template":"","meta":[],"product_brand":[],"product_cat":[227,226,322,1008,1336,1135],"product_tag":[],"class_list":{"0":"post-49182","1":"product","2":"type-product","3":"status-publish","4":"has-post-thumbnail","6":"product_cat-auvergne-rhone-alps","7":"product_cat-france","8":"product_cat-location-packs","9":"product_cat-loire-42","10":"product_cat-maps-auvergne-rhone-alps","11":"product_cat-maps-france","13":"first","14":"instock","15":"virtual","16":"taxable","17":"purchasable","18":"product-type-simple"},"jetpack_sharing_enabled":true,"_links":{"self":[{"href":"https:\/\/urbex.direct\/it\/wp-json\/wp\/v2\/product\/49182","targetHints":{"allow":["GET"]}}],"collection":[{"href":"https:\/\/urbex.direct\/it\/wp-json\/wp\/v2\/product"}],"about":[{"href":"https:\/\/urbex.direct\/it\/wp-json\/wp\/v2\/types\/product"}],"wp:featuredmedia":[{"embeddable":true,"href":"https:\/\/urbex.direct\/it\/wp-json\/wp\/v2\/media\/49183"}],"wp:attachment":[{"href":"https:\/\/urbex.direct\/it\/wp-json\/wp\/v2\/media?parent=49182"}],"wp:term":[{"taxonomy":"product_brand","embeddable":true,"href":"https:\/\/urbex.direct\/it\/wp-json\/wp\/v2\/product_brand?post=49182"},{"taxonomy":"product_cat","embeddable":true,"href":"https:\/\/urbex.direct\/it\/wp-json\/wp\/v2\/product_cat?post=49182"},{"taxonomy":"product_tag","embeddable":true,"href":"https:\/\/urbex.direct\/it\/wp-json\/wp\/v2\/product_tag?post=49182"}],"curies":[{"name":"wp","href":"https:\/\/api.w.org\/{rel}","templated":true}]}}