{"id":48863,"date":"2023-09-21T09:17:56","date_gmt":"2023-09-21T08:17:56","guid":{"rendered":"https:\/\/urbex.direct\/?post_type=product&#038;p=48863"},"modified":"2024-06-20T08:41:11","modified_gmt":"2024-06-20T07:41:11","slug":"location-map-cote-dor-21-france","status":"publish","type":"product","link":"https:\/\/urbex.direct\/it\/product\/location-map-cote-dor-21-france\/","title":{"rendered":"Mappa Urbex Francia, Bourgogne-Franche-Comt\u00e9: C\u00f4te-d'Or (21) (Accesso per 1 anno)"},"content":{"rendered":"<p>Questa mappa contiene le seguenti localit\u00e0:<\/p>\n<ul><li>Villa Anjo Perdido Ch\u00e2teau Marianne Maison Roland Moog<\/li><li>Gallias Oppidum<\/li><li>Maison Piscine<\/li><li>Maison des Poupees 2.0<\/li><li>L'antica chiesa e il suo atelier<\/li><li>Hopital des Cygnes \/ Hopital Fonfdon<\/li><li>Manoir Ludy<\/li><li>Boite de Nuit Piscine<\/li><li>Centro CFA \/ Formation Agricole<\/li><li>Istituto di formazione<\/li><li>Club dell'agguato<\/li><li>Cimentiere de Tracteurs \/ Trattori arrugginiti<\/li><li>Villa da sogno in cemento armato<\/li><li>Usine Car \/ Fabbrica Berte<\/li><li>La Ferme du chasseur<\/li><li>Maison Fox<\/li><li>Albergo Christine<\/li><li>Fabbrica Marcel Besson<\/li><li>Forte M<\/li><li>Castello della duchessa Brigitte<\/li><li>Manoir du bonheur<\/li><li>Il castello della Vierge<\/li><li>Maison Vert<\/li><li>Maison Dans Les Orties<\/li><li>Archeodromo<\/li><li>Maison aux Jouets<\/li><li>Usine la Roche<\/li><li>Maison et Scierie<\/li><li>Maison du th\u00e9sauriseur<\/li><li>Maison Puzzlegame<\/li><li>Maison Sans dessus dessous<\/li><li>Chateau Larrey<\/li><li>Maison grin\u00e7ante<\/li><li>Castello di Romeo e Giulietta<\/li><\/ul>","protected":false},"excerpt":{"rendered":"<p>Questa mappa urbex fornisce tutte le postazioni di esplorazione urbana (urbex) in<strong> France, Bourgogne-Franche-Comt\u00e9, C\u00f4te-d&#8217;Or (21).<\/strong> Questa mappa dei luoghi perduti rimarr\u00e0 aggiornata e accessibile per almeno 365 giorni dopo l'acquisto.<\/p>\n<p>This map has currently 34 of the most unique urban exploring locations in France, Bourgogne-Franche-Comt\u00e9: C\u00f4te-d&#8217;Or (21) and is accessible from anywhere with our easy to use map<strong>.<\/strong><\/p>\n<p><strong>Se siete gi\u00e0 in possesso di questo pacchetto, potete accedervi tramite <a href=\"\/it\/il-mio-conto\/area-soci\/43905\/il-mio-contenuto-associativo\/\">Le mie mappe &gt; Visualizza.<\/a><\/strong><\/p>\n<p><a href=\"#tab-description\">Elenco di tutte le localit\u00e0 Urbex su questa mappa.<\/a><\/p>","protected":false},"featured_media":49051,"template":"","meta":[],"product_brand":[],"product_cat":[228,1012,226,322,1338,1135],"product_tag":[],"class_list":{"0":"post-48863","1":"product","2":"type-product","3":"status-publish","4":"has-post-thumbnail","6":"product_cat-bourgogne-franche-comte","7":"product_cat-cote-dor-21","8":"product_cat-france","9":"product_cat-location-packs","10":"product_cat-maps-bourgogne-franche-comte","11":"product_cat-maps-france","13":"first","14":"instock","15":"virtual","16":"taxable","17":"purchasable","18":"product-type-simple"},"jetpack_sharing_enabled":true,"_links":{"self":[{"href":"https:\/\/urbex.direct\/it\/wp-json\/wp\/v2\/product\/48863","targetHints":{"allow":["GET"]}}],"collection":[{"href":"https:\/\/urbex.direct\/it\/wp-json\/wp\/v2\/product"}],"about":[{"href":"https:\/\/urbex.direct\/it\/wp-json\/wp\/v2\/types\/product"}],"wp:featuredmedia":[{"embeddable":true,"href":"https:\/\/urbex.direct\/it\/wp-json\/wp\/v2\/media\/49051"}],"wp:attachment":[{"href":"https:\/\/urbex.direct\/it\/wp-json\/wp\/v2\/media?parent=48863"}],"wp:term":[{"taxonomy":"product_brand","embeddable":true,"href":"https:\/\/urbex.direct\/it\/wp-json\/wp\/v2\/product_brand?post=48863"},{"taxonomy":"product_cat","embeddable":true,"href":"https:\/\/urbex.direct\/it\/wp-json\/wp\/v2\/product_cat?post=48863"},{"taxonomy":"product_tag","embeddable":true,"href":"https:\/\/urbex.direct\/it\/wp-json\/wp\/v2\/product_tag?post=48863"}],"curies":[{"name":"wp","href":"https:\/\/api.w.org\/{rel}","templated":true}]}}