{"id":48859,"date":"2023-09-21T09:15:13","date_gmt":"2023-09-21T08:15:13","guid":{"rendered":"https:\/\/urbex.direct\/?post_type=product&#038;p=48859"},"modified":"2024-06-20T08:56:50","modified_gmt":"2024-06-20T07:56:50","slug":"location-map-haute-garonne-31-france","status":"publish","type":"product","link":"https:\/\/urbex.direct\/it\/product\/location-map-haute-garonne-31-france\/","title":{"rendered":"Mappa Urbex Francia, Occitania: Haute-Garonne (31) (Accesso per 1 anno)"},"content":{"rendered":"<p>Questa mappa contiene le seguenti localit\u00e0:<\/p>\n<ul><li>La maison au sel<\/li><li>Maison B<\/li><li>Garage OH MY G<\/li><li>Ch\u00e2teau Marguerite \/ Ch\u00e2teau Joachim Toro<\/li><li>Clinique Glicine Hos<\/li><li>Usine Hirondelles<\/li><li>La Serre du Chirurgien<\/li><li>Castello del Colonnello<\/li><li>Ospedale dello Ch\u00e2teau<\/li><li>Ch\u00e2teau Voiture<\/li><li>Usine Plus<\/li><li>Manoir du Sud<\/li><li>Ristorante Bateau Pirate \/ Le Bateau<\/li><li>La casa dei serpenti<\/li><li>Maison G<\/li><li>Lo Ch\u00e2teau aux fen\u00eatres condamn\u00e9es<\/li><li>Auto d'epoca<\/li><li>Albergo dei Soeurs Papins<\/li><li>Azienda di Bruss<\/li><li>L'orfanotrofio colorato \/ L'orfanotrofio colorato<\/li><li>Casa del cacciatore \/ Maison des Chasseurs<\/li><li>Chalet CLF \/ Le Chalet du Biologiste<\/li><li>Manoir du capitaliste<\/li><li>Casino de la Montagne<\/li><li>Vecchio e ben rodato<\/li><li>Maison Astro<\/li><li>Maison Autoroute<\/li><li>Maison du roi<\/li><li>Maison enfouie<\/li><li>Ornitorinco<\/li><li>Maison Lofi<\/li><li>Maison TB<\/li><li>Il pub<\/li><li>Maison Mari<\/li><li>Maison de la cirrhose<\/li><li>Maison Deglingo<\/li><li>Ruine du Prince<\/li><li>Le vieux Moulin<\/li><li>La griglia abbandonata<\/li><li>Vecchio hangar<\/li><li>Uso di chaux<\/li><li>L'Azienda dei Liberi<\/li><li>Crollo della casa<\/li><\/ul>","protected":false},"excerpt":{"rendered":"<p>Questa mappa urbex fornisce tutte le postazioni di esplorazione urbana (urbex) in<strong> Francia, <\/strong><strong>Occitania<\/strong><strong>: Haute-Garonne (31).<\/strong> Questa mappa dei luoghi perduti rimarr\u00e0 aggiornata e accessibile per almeno 365 giorni dopo l'acquisto.<\/p>\n<p>This map has currently 43 of the most unique urban exploring locations in France, Occitanie: Haute-Garonne (31) and is accessible from anywhere with our easy to use map<strong>.<\/strong><\/p>\n<p><strong>Se siete gi\u00e0 in possesso di questo pacchetto, potete accedervi tramite <a href=\"\/it\/il-mio-conto\/area-soci\/43905\/il-mio-contenuto-associativo\/\">Le mie mappe &gt; Visualizza.<\/a><\/strong><\/p>\n<p><a href=\"#tab-description\">Elenco di tutte le localit\u00e0 Urbex su questa mappa.<\/a><\/p>","protected":false},"featured_media":49134,"template":"","meta":[],"product_brand":[],"product_cat":[226,1092,322,1135,1346,236],"product_tag":[],"class_list":{"0":"post-48859","1":"product","2":"type-product","3":"status-publish","4":"has-post-thumbnail","6":"product_cat-france","7":"product_cat-haute-garonne-31","8":"product_cat-location-packs","9":"product_cat-maps-france","10":"product_cat-maps-occitanie","11":"product_cat-occitanie","13":"first","14":"instock","15":"virtual","16":"taxable","17":"purchasable","18":"product-type-simple"},"jetpack_sharing_enabled":true,"_links":{"self":[{"href":"https:\/\/urbex.direct\/it\/wp-json\/wp\/v2\/product\/48859","targetHints":{"allow":["GET"]}}],"collection":[{"href":"https:\/\/urbex.direct\/it\/wp-json\/wp\/v2\/product"}],"about":[{"href":"https:\/\/urbex.direct\/it\/wp-json\/wp\/v2\/types\/product"}],"wp:featuredmedia":[{"embeddable":true,"href":"https:\/\/urbex.direct\/it\/wp-json\/wp\/v2\/media\/49134"}],"wp:attachment":[{"href":"https:\/\/urbex.direct\/it\/wp-json\/wp\/v2\/media?parent=48859"}],"wp:term":[{"taxonomy":"product_brand","embeddable":true,"href":"https:\/\/urbex.direct\/it\/wp-json\/wp\/v2\/product_brand?post=48859"},{"taxonomy":"product_cat","embeddable":true,"href":"https:\/\/urbex.direct\/it\/wp-json\/wp\/v2\/product_cat?post=48859"},{"taxonomy":"product_tag","embeddable":true,"href":"https:\/\/urbex.direct\/it\/wp-json\/wp\/v2\/product_tag?post=48859"}],"curies":[{"name":"wp","href":"https:\/\/api.w.org\/{rel}","templated":true}]}}