{"id":48854,"date":"2023-09-21T09:10:39","date_gmt":"2023-09-21T08:10:39","guid":{"rendered":"https:\/\/urbex.direct\/?post_type=product&#038;p=48854"},"modified":"2024-06-20T08:55:58","modified_gmt":"2024-06-20T07:55:58","slug":"mappa-di-localizzazione-seine-maritime-76-france","status":"publish","type":"product","link":"https:\/\/urbex.direct\/it\/product\/location-map-seine-maritime-76-france\/","title":{"rendered":"Mappa Urbex Francia, Normandia: Seine-Maritime (76) (Accesso per 1 anno)"},"content":{"rendered":"<p>Questa mappa contiene le seguenti localit\u00e0:<\/p>\n<ul><li>Usine Gyblanc<\/li><li>Maison Maresco<\/li><li>Piscine Tournesol 7<\/li><li>Cimeti\u00e8re de Trains R<\/li><li>Chai \u00e0 Vin<\/li><li>Chateau Feerie<\/li><li>Manoir Nightmare<\/li><li>Ch\u00e2teau de l'emmur\u00e9 \/ Ch\u00e2teau des Ducs<\/li><li>Sporthall perduto<\/li><li>Usine Diep<\/li><li>Usine Blang<\/li><li>Villa Morisque \/ Manoir Atlas<\/li><li>Maison du croyant<\/li><li>Manoir de la t\u00eate br\u00fbl\u00e9e<\/li><li>Presso il vigneron<\/li><li>Maison Rase<\/li><li>Manoir de la Prairie<\/li><li>Castello d'Antiville<\/li><li>Le vieil atelier<\/li><li>Maison bout du monde<\/li><li>Maison Mitoyenne<\/li><li>Viadotto fantasma<\/li><\/ul>","protected":false},"excerpt":{"rendered":"<p>Questa mappa urbex fornisce tutte le postazioni di esplorazione urbana (urbex) in<strong> Francia, <\/strong><strong>Normandia<\/strong><strong>: Seine-Maritime (76).<\/strong> Questa mappa dei luoghi perduti rimarr\u00e0 aggiornata e accessibile per almeno 365 giorni dopo l'acquisto.<\/p>\n<p>Questa mappa ha attualmente 22 dei luoghi pi\u00f9 unici per l'esplorazione urbana in Francia, Normandia: Seine-Maritime (76) ed \u00e8 accessibile da qualsiasi luogo grazie alla nostra mappa di facile utilizzo.<strong>.<\/strong><\/p>\n<p><strong>Se siete gi\u00e0 in possesso di questo pacchetto, potete accedervi tramite <a href=\"\/it\/il-mio-conto\/area-soci\/43905\/il-mio-contenuto-associativo\/\">Le mie mappe &gt; Visualizza.<\/a><\/strong><\/p>\n<p><a href=\"#tab-description\">Elenco di tutte le localit\u00e0 Urbex su questa mappa.<\/a><\/p>","protected":false},"featured_media":49137,"template":"","meta":[],"product_brand":[],"product_cat":[226,322,1135,1344,234,1072],"product_tag":[],"class_list":{"0":"post-48854","1":"product","2":"type-product","3":"status-publish","4":"has-post-thumbnail","6":"product_cat-france","7":"product_cat-location-packs","8":"product_cat-maps-france","9":"product_cat-maps-normandie","10":"product_cat-normandie","11":"product_cat-seine-maritime-76","13":"first","14":"instock","15":"virtual","16":"taxable","17":"purchasable","18":"product-type-simple"},"jetpack_sharing_enabled":true,"_links":{"self":[{"href":"https:\/\/urbex.direct\/it\/wp-json\/wp\/v2\/product\/48854","targetHints":{"allow":["GET"]}}],"collection":[{"href":"https:\/\/urbex.direct\/it\/wp-json\/wp\/v2\/product"}],"about":[{"href":"https:\/\/urbex.direct\/it\/wp-json\/wp\/v2\/types\/product"}],"wp:featuredmedia":[{"embeddable":true,"href":"https:\/\/urbex.direct\/it\/wp-json\/wp\/v2\/media\/49137"}],"wp:attachment":[{"href":"https:\/\/urbex.direct\/it\/wp-json\/wp\/v2\/media?parent=48854"}],"wp:term":[{"taxonomy":"product_brand","embeddable":true,"href":"https:\/\/urbex.direct\/it\/wp-json\/wp\/v2\/product_brand?post=48854"},{"taxonomy":"product_cat","embeddable":true,"href":"https:\/\/urbex.direct\/it\/wp-json\/wp\/v2\/product_cat?post=48854"},{"taxonomy":"product_tag","embeddable":true,"href":"https:\/\/urbex.direct\/it\/wp-json\/wp\/v2\/product_tag?post=48854"}],"curies":[{"name":"wp","href":"https:\/\/api.w.org\/{rel}","templated":true}]}}