{"id":48828,"date":"2023-09-20T09:56:25","date_gmt":"2023-09-20T08:56:25","guid":{"rendered":"https:\/\/urbex.direct\/?post_type=product&#038;p=48828"},"modified":"2024-06-20T08:42:09","modified_gmt":"2024-06-20T07:42:09","slug":"mappa-della-posizione-finistere-29-france","status":"publish","type":"product","link":"https:\/\/urbex.direct\/it\/product\/location-map-finistere-29-france\/","title":{"rendered":"Mappa Urbex Francia, Bretagne: Finist\u00e8re (29) (Accesso per 1 anno)"},"content":{"rendered":"<p>Questa mappa contiene le seguenti localit\u00e0:<\/p>\n\n\n\n<ul><li>Sanatorio Dangih \/ Huelgoat<\/li><li>Riparatore di automobili<\/li><li>Chateau Gargouilles<\/li><li>Parco Jurastel<\/li><li>Prigione di Pontaniou Frankreich<\/li><li>Maison de l'Architecte<\/li><li>Albergo Beausejour<\/li><li>Navi fantasma<\/li><li>Le Cimetiere de Bateaux<\/li><li>Gite Roz Trefeux<\/li><li>Ch\u00e2teau Jaycee Dugard \/ Castello Jaycee Dugard<\/li><li>Scuola Papa Denke<\/li><li>Couvent des n\u00e9cessiteux<\/li><li>Maison Folles<\/li><li>Sanatori grand air<\/li><li>Maison du d\u00e9molisseur<\/li><li>Castello dei Druidi<\/li><li>Residenza malvagia<\/li><li>Maison Derniere Danse<\/li><li>Fabbrica sulla spiaggia<\/li><li>Maison de l'anglais en for\u00eat<\/li><li>Maison vide pontla<\/li><li>Relitto verde<\/li><li>Un sacco di Forti con un carro armato 1<\/li><li>Un sacco di Forti con un carro armato 2<\/li><li>Un sacco di forti con un carro armato 3 - Il carro armato<\/li><li>Un sacco di Forti con un carro armato 4<\/li><li>Un sacco di Forti con un carro armato 5<\/li><li>Un sacco di Forti con un carro armato 6<\/li><li>Un sacco di Forti con un carro armato 7<\/li><li>20 anni di naufragi<\/li><li>Maison Palm<\/li><li>Bateaux oubli\u00e9s<\/li><li>I relitti rossi \/ I due sopravvissuti \/ Les deux survivants<\/li><\/ul>","protected":false},"excerpt":{"rendered":"<p>Questa mappa urbex fornisce tutte le postazioni di esplorazione urbana (urbex) in<strong> Francia, Bretagna: Finist\u00e8re (29).<\/strong> Questa mappa dei luoghi perduti rimarr\u00e0 aggiornata e accessibile per almeno 365 giorni dopo l'acquisto.<\/p>\n<p>Questa mappa presenta attualmente 34 delle pi\u00f9 singolari location per l'esplorazione urbana in Francia, Bretagne: Finist\u00e8re (29) ed \u00e8 accessibile da qualsiasi luogo grazie alla nostra mappa facile da usare.<strong>.<\/p>\n<p><\/strong><strong>Se siete gi\u00e0 in possesso di questo pacchetto, potete accedervi tramite <a href=\"\/it\/il-mio-conto\/area-soci\/43905\/il-mio-contenuto-associativo\/\">Le mie mappe &gt; Visualizza.<\/a><\/strong><strong><\/p>\n<p><\/strong><a href=\"#tab-description\">Elenco di tutte le localit\u00e0 Urbex su questa mappa.<\/a><\/p>","protected":false},"featured_media":49060,"template":"","meta":[],"product_brand":[],"product_cat":[229,1040,226,322,1339,1135],"product_tag":[],"class_list":{"0":"post-48828","1":"product","2":"type-product","3":"status-publish","4":"has-post-thumbnail","6":"product_cat-bretagne","7":"product_cat-finistere-29","8":"product_cat-france","9":"product_cat-location-packs","10":"product_cat-maps-bretagne","11":"product_cat-maps-france","13":"first","14":"instock","15":"virtual","16":"taxable","17":"purchasable","18":"product-type-simple"},"jetpack_sharing_enabled":true,"_links":{"self":[{"href":"https:\/\/urbex.direct\/it\/wp-json\/wp\/v2\/product\/48828","targetHints":{"allow":["GET"]}}],"collection":[{"href":"https:\/\/urbex.direct\/it\/wp-json\/wp\/v2\/product"}],"about":[{"href":"https:\/\/urbex.direct\/it\/wp-json\/wp\/v2\/types\/product"}],"wp:featuredmedia":[{"embeddable":true,"href":"https:\/\/urbex.direct\/it\/wp-json\/wp\/v2\/media\/49060"}],"wp:attachment":[{"href":"https:\/\/urbex.direct\/it\/wp-json\/wp\/v2\/media?parent=48828"}],"wp:term":[{"taxonomy":"product_brand","embeddable":true,"href":"https:\/\/urbex.direct\/it\/wp-json\/wp\/v2\/product_brand?post=48828"},{"taxonomy":"product_cat","embeddable":true,"href":"https:\/\/urbex.direct\/it\/wp-json\/wp\/v2\/product_cat?post=48828"},{"taxonomy":"product_tag","embeddable":true,"href":"https:\/\/urbex.direct\/it\/wp-json\/wp\/v2\/product_tag?post=48828"}],"curies":[{"name":"wp","href":"https:\/\/api.w.org\/{rel}","templated":true}]}}