{"id":48826,"date":"2023-09-20T09:55:21","date_gmt":"2023-09-20T08:55:21","guid":{"rendered":"https:\/\/urbex.direct\/?post_type=product&#038;p=48826"},"modified":"2024-06-20T08:40:10","modified_gmt":"2024-06-20T07:40:10","slug":"mappa-della-posizione-rhone-69-francia","status":"publish","type":"product","link":"https:\/\/urbex.direct\/it\/product\/location-map-rhone-69-france\/","title":{"rendered":"Mappa Urbex Francia, Alvernia-Rodano-Alpi: Rodano (69) (Accesso per 1 anno)"},"content":{"rendered":"<p>Questa mappa contiene le seguenti localit\u00e0:<\/p>\n<ul><li>Eglise Demi-Lune<\/li><li>Usine du Lion<\/li><li>Maison Belleroche<\/li><li>Castello di Saoudien \/ Castello di Saoudien<\/li><li>Petit de zone Industrielle<\/li><li>Lidl perduto<\/li><li>Manoir Immense<\/li><li>Grande Maison Ancienne de Retraite<\/li><li>Albergo del Monarca<\/li><li>Grand Usine<\/li><li>Lasciare l'universit\u00e0<\/li><li>V\u00e9randa de V\u00e9g\u00e9tation<\/li><li>Antica Maison de Retraite<\/li><li>Ristorante LR<\/li><li>Mini Maison<\/li><li>Maison D\u00e9pottiore<\/li><li>Vieille Petite Gare Abandonn\u00e9e<\/li><li>Grande Gare Abandonn\u00e9e<\/li><li>Maison Super Maman<\/li><li>Chateau Acide<\/li><li>La fabbrica dell'auto<\/li><li>Grand garage sans toit<\/li><li>L'ultima resistenza \/ Le Dernier Combat<\/li><li>Villa Mourir<\/li><li>Maison de la R\u00e9publique<\/li><li>Maison Ouadjet<\/li><li>Stazione Radio DD<\/li><li>Maison Brouette<\/li><li>Eb\u00e9nisterie de Marcel<\/li><li>Treni del Rodano<\/li><\/ul>","protected":false},"excerpt":{"rendered":"<p>Questa mappa urbex fornisce tutte le postazioni di esplorazione urbana (urbex) in<strong> Francia, Alvernia-Rodano-Alpi, Rodano (69).<\/strong> Questa mappa dei luoghi perduti rimarr\u00e0 aggiornata e accessibile per almeno 365 giorni dopo l'acquisto.<\/p>\n<p>Questa mappa contiene attualmente 30 delle pi\u00f9 singolari location per l'esplorazione urbana in Francia, Auvergne-Rh\u00f4ne-Alps: Rodano (69) ed \u00e8 accessibile da qualsiasi luogo grazie alla nostra mappa facile da usare.<strong>.<\/strong><\/p>\n<p><strong>Se siete gi\u00e0 in possesso di questo pacchetto, potete accedervi tramite <a href=\"\/it\/il-mio-conto\/area-soci\/43905\/il-mio-contenuto-associativo\/\">Le mie mappe &gt; Visualizza.<\/a><\/strong><\/p>\n<p><a href=\"#tab-description\">Elenco di tutte le localit\u00e0 Urbex su questa mappa.<\/a><\/p>","protected":false},"featured_media":49129,"template":"","meta":[],"product_brand":[],"product_cat":[227,226,322,1336,1135,1009],"product_tag":[],"class_list":{"0":"post-48826","1":"product","2":"type-product","3":"status-publish","4":"has-post-thumbnail","6":"product_cat-auvergne-rhone-alps","7":"product_cat-france","8":"product_cat-location-packs","9":"product_cat-maps-auvergne-rhone-alps","10":"product_cat-maps-france","11":"product_cat-rhone-69","13":"first","14":"instock","15":"virtual","16":"taxable","17":"purchasable","18":"product-type-simple"},"jetpack_sharing_enabled":true,"_links":{"self":[{"href":"https:\/\/urbex.direct\/it\/wp-json\/wp\/v2\/product\/48826","targetHints":{"allow":["GET"]}}],"collection":[{"href":"https:\/\/urbex.direct\/it\/wp-json\/wp\/v2\/product"}],"about":[{"href":"https:\/\/urbex.direct\/it\/wp-json\/wp\/v2\/types\/product"}],"wp:featuredmedia":[{"embeddable":true,"href":"https:\/\/urbex.direct\/it\/wp-json\/wp\/v2\/media\/49129"}],"wp:attachment":[{"href":"https:\/\/urbex.direct\/it\/wp-json\/wp\/v2\/media?parent=48826"}],"wp:term":[{"taxonomy":"product_brand","embeddable":true,"href":"https:\/\/urbex.direct\/it\/wp-json\/wp\/v2\/product_brand?post=48826"},{"taxonomy":"product_cat","embeddable":true,"href":"https:\/\/urbex.direct\/it\/wp-json\/wp\/v2\/product_cat?post=48826"},{"taxonomy":"product_tag","embeddable":true,"href":"https:\/\/urbex.direct\/it\/wp-json\/wp\/v2\/product_tag?post=48826"}],"curies":[{"name":"wp","href":"https:\/\/api.w.org\/{rel}","templated":true}]}}