{"id":48823,"date":"2023-09-20T09:52:11","date_gmt":"2023-09-20T08:52:11","guid":{"rendered":"https:\/\/urbex.direct\/?post_type=product&#038;p=48823"},"modified":"2024-06-20T08:39:15","modified_gmt":"2024-06-20T07:39:15","slug":"mappa-drome-26-francia","status":"publish","type":"product","link":"https:\/\/urbex.direct\/it\/product\/location-map-drome-26-france\/","title":{"rendered":"Mappa Urbex Francia, Alvernia-Rodano-Alpi: Dr\u00f4me (26) (Accesso per 1 anno)"},"content":{"rendered":"<p>Questa mappa contiene le seguenti localit\u00e0:<\/p>\n\n\n\n<ul><li>Universit\u00e0 Uzi<\/li><li>Discoteca Freya<\/li><li>Il treno del boogie \/ Treni abbandonati II<\/li><li>Motel M \/ Motel des Vignes<\/li><li>Usine Gary Ridgway<\/li><li>Manoir des Vignes<\/li><li>La fabbrica di Avrela \/ Usine Gangster<\/li><li>Nave dell'Apocalisse \/ Barca della ruggine<\/li><li>Ferme 1800<\/li><li>Manoir du Coureur \/ Manoir Renault<\/li><li>Bo\u00eete de Nuit 1862<\/li><li>L'infermiera sexy<\/li><li>Albergo Parker<\/li><li>Usine Jourdan<\/li><\/ul>","protected":false},"excerpt":{"rendered":"<p>Questa mappa urbex fornisce tutte le postazioni di esplorazione urbana (urbex) in<strong> Francia, Alvernia-Rodano-Alpi, Dr\u00f4me (26).<\/strong> Questa mappa dei luoghi perduti rimarr\u00e0 aggiornata e accessibile per almeno 365 giorni dopo l'acquisto.<\/p>\n<p>Questa mappa presenta attualmente 14 delle pi\u00f9 singolari location per l'esplorazione urbana in Francia, Auvergne-Rh\u00f4ne-Alps: Dr\u00f4me (26) ed \u00e8 accessibile da qualsiasi luogo grazie alla nostra mappa facile da usare.<strong>.<\/p>\n<p><\/strong><strong>Se siete gi\u00e0 in possesso di questo pacchetto, potete accedervi tramite <a href=\"\/it\/il-mio-conto\/area-soci\/43905\/il-mio-contenuto-associativo\/\">Le mie mappe &gt; Visualizza.<\/a><\/strong><strong><\/p>\n<p><\/strong><a href=\"#tab-description\">Elenco di tutte le localit\u00e0 Urbex su questa mappa.<\/a><\/p>","protected":false},"featured_media":49124,"template":"","meta":[],"product_brand":[],"product_cat":[227,1006,226,322,1336,1135],"product_tag":[],"class_list":{"0":"post-48823","1":"product","2":"type-product","3":"status-publish","4":"has-post-thumbnail","6":"product_cat-auvergne-rhone-alps","7":"product_cat-drome-26","8":"product_cat-france","9":"product_cat-location-packs","10":"product_cat-maps-auvergne-rhone-alps","11":"product_cat-maps-france","13":"first","14":"instock","15":"virtual","16":"taxable","17":"purchasable","18":"product-type-simple"},"jetpack_sharing_enabled":true,"_links":{"self":[{"href":"https:\/\/urbex.direct\/it\/wp-json\/wp\/v2\/product\/48823","targetHints":{"allow":["GET"]}}],"collection":[{"href":"https:\/\/urbex.direct\/it\/wp-json\/wp\/v2\/product"}],"about":[{"href":"https:\/\/urbex.direct\/it\/wp-json\/wp\/v2\/types\/product"}],"wp:featuredmedia":[{"embeddable":true,"href":"https:\/\/urbex.direct\/it\/wp-json\/wp\/v2\/media\/49124"}],"wp:attachment":[{"href":"https:\/\/urbex.direct\/it\/wp-json\/wp\/v2\/media?parent=48823"}],"wp:term":[{"taxonomy":"product_brand","embeddable":true,"href":"https:\/\/urbex.direct\/it\/wp-json\/wp\/v2\/product_brand?post=48823"},{"taxonomy":"product_cat","embeddable":true,"href":"https:\/\/urbex.direct\/it\/wp-json\/wp\/v2\/product_cat?post=48823"},{"taxonomy":"product_tag","embeddable":true,"href":"https:\/\/urbex.direct\/it\/wp-json\/wp\/v2\/product_tag?post=48823"}],"curies":[{"name":"wp","href":"https:\/\/api.w.org\/{rel}","templated":true}]}}