{"id":37569,"date":"2021-12-19T16:32:55","date_gmt":"2021-12-19T16:32:55","guid":{"rendered":"https:\/\/urbex.direct\/?post_type=product&#038;p=37569"},"modified":"2025-05-27T19:57:57","modified_gmt":"2025-05-27T18:57:57","slug":"mappa-della-posizione-fr-normandie","status":"publish","type":"product","link":"https:\/\/urbex.direct\/it\/product\/location-map-fr-normandie\/","title":{"rendered":"Mappa Urbex Francia, Normandia (Accesso per 1 o 2 anni)"},"content":{"rendered":"<p>Questa mappa contiene le seguenti localit\u00e0:<\/p>\n\n\n\n<ul><li>Manoir Dalida<\/li><li>Usine Mathis<\/li><li>Chateau Eva &amp; Co<\/li><li>Cappella dei Piloti<\/li><li>Hopitall Plaza<\/li><li>Ancien Cimeti\u00e8re<\/li><li>Castello del Cur\u00e9<\/li><li>Manoir du Nomade \/ Maison Foresti\u00e8re<\/li><li>Manoir Franc ma\u00e7on<\/li><li>Maison Cat<\/li><li>Ferme effondenti<\/li><li>Maison Cadran \/ Maison vieille cuisini\u00e8re<\/li><li>Manoir Nazi<\/li><li>Usine Fromage Maxi<\/li><li>Manoir Cardhu Manoir Cardhu<\/li><li>Maison Meslin<\/li><li>Maison des Duckers<\/li><li>Maison Canop\u00e9e verte<\/li><li>Il laboratorio segreto<\/li><li>L'eglise d\u00e9saffect\u00e9e<\/li><li>Azienda Ornaise<\/li><li>Chateau Trop Vert<\/li><li>La Maison Ronces<\/li><li>Maison Brique Rouge<\/li><li>Edipo Usino<\/li><li>Usine Dynamite<\/li><li>Le belle rovine della chiesa<\/li><li>Usine FP<\/li><li>Fabbrica di nani<\/li><li>Maison Coss \/ Maison Lamia<\/li><li>Eglise du Rouge Monde<\/li><li>Miniera di Erebor<\/li><li>Maison la Vache<\/li><li>Maison des Livres Calvados<\/li><li>Manoir Tong<\/li><li>La vita nella fattoria<\/li><li>Fattoria degli asciugamani<\/li><li>Maison \u00e0 colombages<\/li><li>Ferme avec portail rouge<\/li><li>Manoir du Melomane (Il vero)<\/li><li>Albergo Britney<\/li><li>Maison Jores<\/li><li>Chateau LB<\/li><li>Maison Piano Blanc<\/li><li>Abbaye GR<\/li><li>Maison Hazelnut<\/li><li>Usine Cote<\/li><li>Manoir Damocl\u00e8s<\/li><li>Manoir Lemeunier<\/li><li>Auberge Artemis \/ Hotel Artemis<\/li><li>Maison du Chat<\/li><li>Arthur e i Minimei<\/li><li>Orphelinat Romania<\/li><li>Albergo Railere<\/li><li>Maison d'angle verte<\/li><li>Ch\u00e2teau Hiboux<\/li><li>Manoir Jonques \/ Manoir Monarchie<\/li><li>Uso della carta per arrotolare le sigarette<\/li><li>Rottamazione auto<\/li><li>Usine Leo<\/li><li>Grande Usine Textile<\/li><li>Fours Rouge<\/li><li>Auto sommerse<\/li><li>Maison nascosta 4<\/li><li>Chateau PSP<\/li><li>Chateau Villa Dilme<\/li><li>Azienda Magnifique<\/li><li>Chateau Anzeray<\/li><li>Chateau des Singes<\/li><li>Garage Jaguar<\/li><li>Maison Bernou<\/li><li>Manoir Jules<\/li><li>Manoir Christelle<\/li><li>Chateau des Bustes<\/li><li>Ch\u00e2teau Japonais<\/li><li>Manoir Crochet \/ Maison Broderie \/ Maison Autotunne \/ Maison Peluche<\/li><li>Manoir du Riche Physicien<\/li><li>Maison du Taxidermiste<\/li><li>Manoir du Chien Mort<\/li><li>Maison Sentier \/ Maison du Chasseur<\/li><li>Manoir Haringford \/ La stanza 2.0<\/li><li>Manoir Simca<\/li><li>Maison Paulette \/ Maison Dames<\/li><li>Manoir des Lumieres<\/li><li>Maison vie Sauvage<\/li><li>Maison Synth\u00e9 \/ Villa Rose<\/li><li>Maison des fr\u00e8res jumeaux<\/li><li>Ch\u00e2teau des enfants perdus<\/li><li>Maison Tete de Chien<\/li><li>Cimentiere des Fous<\/li><li>Manoir Freya<\/li><li>Maison Peugeot<\/li><li>Villa T<\/li><li>L'azienda del D\u00e9sespoir<\/li><li>Maison Avre<\/li><li>Maison Firedamage<\/li><li>Maison Ginger<\/li><li>Fienili da cortile<\/li><li>Il museo ferroviario incendiato<\/li><li>Stockage du raisin<\/li><li>Grange de la brocanteuse<\/li><li>Maison Turret<\/li><li>Maison du m\u00e9canicien<\/li><li>Maison WE<\/li><li>La fattoria degli accaparratori<\/li><li>Usine Gyblanc<\/li><li>Maison Maresco<\/li><li>Piscine Tournesol 7<\/li><li>Cimeti\u00e8re de Trains R<\/li><li>Chai \u00e0 Vin<\/li><li>Chateau Feerie<\/li><li>Manoir Nightmare<\/li><li>Ch\u00e2teau de l'emmur\u00e9 \/ Ch\u00e2teau des Ducs<\/li><li>Sporthall perduto<\/li><li>Usine Diep<\/li><li>Usine Blang<\/li><li>Villa Morisque \/ Manoir Atlas<\/li><li>Maison du croyant<\/li><li>Manoir de la t\u00eate br\u00fbl\u00e9e<\/li><li>Presso il vigneron<\/li><li>Maison Rase<\/li><li>Manoir de la Prairie<\/li><li>Castello d'Antiville<\/li><li>Le vieil atelier<\/li><li>Maison bout du monde<\/li><li>Maison Mitoyenne<\/li><li>Viadotto fantasma<\/li><\/ul>","protected":false},"excerpt":{"rendered":"<p>Questa mappa urbex fornisce tutte le postazioni di esplorazione urbana (urbex) in<strong> Francia, <\/strong><strong>Normandia<\/strong><strong>.<\/strong> Questa mappa dei luoghi perduti rimarr\u00e0 aggiornata e accessibile per almeno 365 giorni dopo l'acquisto.<\/p>\n<p>Questa mappa presenta attualmente 127 dei luoghi pi\u00f9 unici per l'esplorazione urbana in Francia e in Normandia ed \u00e8 accessibile da qualsiasi luogo con la nostra mappa facile da usare.<strong>.<\/p>\n<p><\/strong><strong>Se siete gi\u00e0 in possesso di questo pacchetto, potete accedervi tramite <a href=\"\/it\/il-mio-conto\/area-soci\/43905\/il-mio-contenuto-associativo\/\">Le mie mappe &gt; Visualizza.<\/a><\/strong><strong><\/p>\n<p><\/strong><a href=\"#tab-description\">Elenco di tutte le localit\u00e0 Urbex su questa mappa.<\/a><\/p>","protected":false},"featured_media":48149,"template":"","meta":[],"product_brand":[],"product_cat":[226,322,1135,1344,234],"product_tag":[323],"class_list":{"0":"post-37569","1":"product","2":"type-product","3":"status-publish","4":"has-post-thumbnail","6":"product_cat-france","7":"product_cat-location-packs","8":"product_cat-maps-france","9":"product_cat-maps-normandie","10":"product_cat-normandie","11":"product_tag-locationpack","13":"first","14":"instock","15":"taxable","16":"shipping-taxable","17":"purchasable","18":"product-type-variable"},"jetpack_sharing_enabled":true,"_links":{"self":[{"href":"https:\/\/urbex.direct\/it\/wp-json\/wp\/v2\/product\/37569","targetHints":{"allow":["GET"]}}],"collection":[{"href":"https:\/\/urbex.direct\/it\/wp-json\/wp\/v2\/product"}],"about":[{"href":"https:\/\/urbex.direct\/it\/wp-json\/wp\/v2\/types\/product"}],"wp:featuredmedia":[{"embeddable":true,"href":"https:\/\/urbex.direct\/it\/wp-json\/wp\/v2\/media\/48149"}],"wp:attachment":[{"href":"https:\/\/urbex.direct\/it\/wp-json\/wp\/v2\/media?parent=37569"}],"wp:term":[{"taxonomy":"product_brand","embeddable":true,"href":"https:\/\/urbex.direct\/it\/wp-json\/wp\/v2\/product_brand?post=37569"},{"taxonomy":"product_cat","embeddable":true,"href":"https:\/\/urbex.direct\/it\/wp-json\/wp\/v2\/product_cat?post=37569"},{"taxonomy":"product_tag","embeddable":true,"href":"https:\/\/urbex.direct\/it\/wp-json\/wp\/v2\/product_tag?post=37569"}],"curies":[{"name":"wp","href":"https:\/\/api.w.org\/{rel}","templated":true}]}}