{"id":37559,"date":"2021-12-19T16:04:11","date_gmt":"2021-12-19T16:04:11","guid":{"rendered":"https:\/\/urbex.direct\/?post_type=product&#038;p=37559"},"modified":"2025-05-27T19:55:19","modified_gmt":"2025-05-27T18:55:19","slug":"mappa-della-posizione-fr-ile-de-france","status":"publish","type":"product","link":"https:\/\/urbex.direct\/it\/product\/location-map-fr-ile-de-france\/","title":{"rendered":"Urbex Map France, \u00cele-de-France (accesso per 1 o 2 anni)"},"content":{"rendered":"<p>Questa mappa contiene le seguenti localit\u00e0:<\/p>\n\n\n\n<ul><li>Supermercato P<\/li><li>Le Petite Ceinture<\/li><li>Usine Meltingburg<\/li><li>Ch\u00e2teau Baia<\/li><li>Le Poisson Dore<\/li><li>Industrie abbandonate<\/li><li>Piscine<\/li><li>Chateau Tennis<\/li><li>Manoir Colima\u00e7on<\/li><li>Ospedale MJ<\/li><li>Maison de Clinique \/ Maison Cham<\/li><li>Batterie de Guerre<\/li><li>Castello di Faisans<\/li><li>Castello Popkov<\/li><li>Ch\u00e2teau Gryffondor \/ Ch\u00e2teau Social<\/li><li>Domaine de la Renaissance<\/li><li>Maison Jungle<\/li><li>La Soupe Aux Choux<\/li><li>Garage pittoresco \/ Garage Rolls<\/li><li>Cimitero dei Bateaux Madelaine<\/li><li>Maison Skyzo<\/li><li>Sans toit<\/li><li>Ch\u00e2teau Mesrine<\/li><li>Stockage ospedaliero<\/li><li>Cimitero degli autobus<\/li><li>Chiesa di Indiana Jones<\/li><li>Castello Bien-\u00eatre<\/li><li>Ferme con grandi serre<\/li><li>Piscine la Plage<\/li><li>Impianto di utilizzo<\/li><li>Ufficio giudiziario<\/li><li>Cappella della Principessa Titine<\/li><li>Castello Bonifatius<\/li><li>Villa Melodie \/ Maison Docteur du Harp<\/li><li>Parco acquatico<\/li><li>Bordel Allemand<\/li><li>Villa Popova<\/li><li>Chateau des Cr\u00eapes<\/li><li>Forte HB<\/li><li>Manoir de Mr Hugo<\/li><li>L'albergo dei dannati<\/li><li>La Maison du Preux<\/li><li>Maison de retraite Israel Lipski<\/li><li>Cappella blu nella foresta<\/li><li>Maison Tonnerre<\/li><li>Maison du lapin Rose<\/li><li>Torre perduta<\/li><li>Jardinerie<\/li><li>Usine Viardoss<\/li><li>Maison Sentier<\/li><li>Campo dell'aeronautica militare<\/li><li>Maison de l'\u00e9clusier<\/li><li>Hangar d'Orgia<\/li><li>Maison Norman<\/li><li>Stazione di Pompage<\/li><li>Uffici Liberi<\/li><li>Usine JK<\/li><li>Ospedale CB<\/li><li>Maxi obitorio<\/li><li>HippoDr\u00f4me<\/li><li>Maison Alphonse Daudet<\/li><li>Manoir H\u00e9l\u00e8ne<\/li><li>Chateau Barbusse<\/li><li>Ch\u00e2teau du Chat Mort<\/li><li>Gare Atrigo \/ Gare Wissous<\/li><li>Piscine Abandonn\u00e9e<\/li><li>Mattatoio<\/li><li>Grill perduto<\/li><li>Centro d&#039;artista<\/li><li>Circo V \/ Scuola di circo<\/li><li>Manoir Trois Colonnes<\/li><li>Ch\u00e2teau Foss\u00e9<\/li><li>Chateau \u00e0 L&#039;horloge<\/li><li>Ch\u00e2teau Hitler<\/li><li>Zoo del Generale<\/li><li>Orphelinat Futuro<\/li><li>Villa Barby<\/li><li>Franc etoupes<\/li><li>Chateau \u00e9toupes<\/li><li>Villa voisine<\/li><li>Sistema Usine X<\/li><li>Villa Ongaria<\/li><li>Monastero al Moine<\/li><li>Morgue Dead \/ Morgue Braindead \/ Morgue mort c\u00e9r\u00e9brale<\/li><li>Ch\u00e2teau Malfrat \/ Ch\u00e2teau au buste rouge<\/li><li>Centro di lavoro<\/li><li>Villa tour de contr\u00f4le<\/li><li>L'infanzia di GIF<\/li><li>Maison des marais<\/li><li>Manoir Casanova<\/li><li>Petit Pavillon<\/li><li>Maison Champion<\/li><li>Battaglie di barche fluviali<\/li><li>Gare Perdue ES<\/li><li>Gare abbandonate<\/li><li>Scuola di Architettura<\/li><li>Maison Confiture \/ Maison du Pauvre<\/li><li>Chateau de la Solitude \/ Chateau Chocolat<\/li><li>Manoir de l'Artiste<\/li><li>Usine Nobel<\/li><li>Asilo Tillie Klimek \/ Asilo Tillie Klimek<\/li><li>Preludio dell'obitorio<\/li><li>Laboratorio CNRS<\/li><li>Conservatorio Atrigo<\/li><li>Morgue de la Cervelle<\/li><li>Maison des Cardinaux<\/li><li>Ruine G<\/li><li>Sanatorio del Vexin 2<\/li><li>Azienda di servizi turistici<\/li><li>Sanatorio Carnelle<\/li><li>Mirapolis<\/li><li>Distilleria<\/li><li>5 Cin\u00e9ma<\/li><li>Maison de l'Estropi\u00e9<\/li><li>Villa Scarface<\/li><li>Manoir de l'institutrice<\/li><li>Manoir Salon Jaune<\/li><li>Manoir aux fleurs<\/li><li>Ospedale privato<\/li><li>Maisons Twiny<\/li><li>Auberge Clos-Tourelle<\/li><li>Carriera con le onde<\/li><li>Carriera V2<\/li><li>Usine Antoine<\/li><li>Maison Haravilliers<\/li><li>Ferme R2087 \/ Urbex ferme Go\u00e9lette<\/li><li>Maison Tuile bleue<\/li><li>Maison Rhus<\/li><li>Maison Autre<\/li><li>Piscine Hasard<\/li><li>Il manoir des enfants d'Oise<\/li><li>Maison twin bis<\/li><li>Premi\u00e8re Maison<\/li><li>2e Maison<\/li><li>Villa Chanterive<\/li><li>Maison Horloge<\/li><li>Cimeti\u00e8re de voitures<\/li><li>La grande maison de campagne oubli\u00e9e<\/li><li>Villa Coco<\/li><li>Castello di Tarzan<\/li><\/ul>","protected":false},"excerpt":{"rendered":"<p>Questa mappa urbex fornisce tutte le postazioni di esplorazione urbana (urbex) in<strong> Francia, <\/strong><strong>\u00cele-de-France<\/strong><strong>.<\/strong> Questa mappa dei luoghi perduti rimarr\u00e0 aggiornata e accessibile per almeno 365 giorni dopo l'acquisto.<\/p>\n<p>Questa mappa contiene attualmente 140 dei luoghi pi\u00f9 unici per l'esplorazione urbana in Francia, \u00cele-de-France ed \u00e8 accessibile da qualsiasi luogo con la nostra mappa facile da usare.<strong>.<\/p>\n<p><\/strong><strong>Se siete gi\u00e0 in possesso di questo pacchetto, potete accedervi tramite <a href=\"\/it\/il-mio-conto\/area-soci\/43905\/il-mio-contenuto-associativo\/\">Le mie mappe &gt; Visualizza.<\/a><\/strong><strong><\/p>\n<p><\/strong><a href=\"#tab-description\">Elenco di tutte le localit\u00e0 Urbex su questa mappa.<\/a><\/p>","protected":false},"featured_media":48148,"template":"","meta":[],"product_brand":[],"product_cat":[226,233,322,1135,1343],"product_tag":[323],"class_list":{"0":"post-37559","1":"product","2":"type-product","3":"status-publish","4":"has-post-thumbnail","6":"product_cat-france","7":"product_cat-ile-de-france","8":"product_cat-location-packs","9":"product_cat-maps-france","10":"product_cat-maps-ile-de-france","11":"product_tag-locationpack","13":"first","14":"instock","15":"taxable","16":"shipping-taxable","17":"purchasable","18":"product-type-variable"},"jetpack_sharing_enabled":true,"_links":{"self":[{"href":"https:\/\/urbex.direct\/it\/wp-json\/wp\/v2\/product\/37559","targetHints":{"allow":["GET"]}}],"collection":[{"href":"https:\/\/urbex.direct\/it\/wp-json\/wp\/v2\/product"}],"about":[{"href":"https:\/\/urbex.direct\/it\/wp-json\/wp\/v2\/types\/product"}],"wp:featuredmedia":[{"embeddable":true,"href":"https:\/\/urbex.direct\/it\/wp-json\/wp\/v2\/media\/48148"}],"wp:attachment":[{"href":"https:\/\/urbex.direct\/it\/wp-json\/wp\/v2\/media?parent=37559"}],"wp:term":[{"taxonomy":"product_brand","embeddable":true,"href":"https:\/\/urbex.direct\/it\/wp-json\/wp\/v2\/product_brand?post=37559"},{"taxonomy":"product_cat","embeddable":true,"href":"https:\/\/urbex.direct\/it\/wp-json\/wp\/v2\/product_cat?post=37559"},{"taxonomy":"product_tag","embeddable":true,"href":"https:\/\/urbex.direct\/it\/wp-json\/wp\/v2\/product_tag?post=37559"}],"curies":[{"name":"wp","href":"https:\/\/api.w.org\/{rel}","templated":true}]}}