{"id":37428,"date":"2021-12-15T08:37:15","date_gmt":"2021-12-15T08:37:15","guid":{"rendered":"https:\/\/urbex.direct\/?post_type=product&#038;p=37428"},"modified":"2025-05-27T19:49:43","modified_gmt":"2025-05-27T18:49:43","slug":"mappa-della-posizione-fr-grand-est","status":"publish","type":"product","link":"https:\/\/urbex.direct\/it\/product\/location-map-fr-grand-est\/","title":{"rendered":"Urbex Map France, Grand Est (Accesso per 1 o 2 anni)"},"content":{"rendered":"<p>Questa mappa contiene le seguenti localit\u00e0:<\/p>\n\n\n\n<ul><li>Albergo Jaur\u00e8s<\/li><li>Maison de l'oncle Michel<\/li><li>Usine Phil<\/li><li>Ferme Frappant<\/li><li>Maison au Landau<\/li><li>Forte di Givet<\/li><li>Ferme de la Rose<\/li><li>Usine TG<\/li><li>Castello Oniepronko<\/li><li>Castello Jamais Le M\u00eame<\/li><li>Usine LF<\/li><li>Maison Buco<\/li><li>Cimitero degli aerei<\/li><li>Ch\u00e2teau Bourgeois<\/li><li>Ch\u00e2teau de la chaise<\/li><li>Tr\u00e9sor de Guerre<\/li><li>Azienda Saint-Julien<\/li><li>Fabbrica di piedi<\/li><li>Villa Tarcas<\/li><li>Veicoli persi<\/li><li>Ancien Aerodrome<\/li><li>Usine Malfoy \/ La grande fabbrica abbandonata<\/li><li>Cappella dei Morti \/ Chapelle des Morts<\/li><li>Chateau Hector \/ Castello del Presidente<\/li><li>Maisons Fiesta \/ Maison Jumelles<\/li><li>La collezione di bagnoli<\/li><li>Maison d'Alekse\u00ef \/ Collezione di automobili<\/li><li>Manoir petroucka \/ Maison Russia \/ Maison Poudine<\/li><li>Casa anni '90 \/ Timecapsule anni '90<\/li><li>La discoteca Tipi<\/li><li>Maison PapiPapi<\/li><li>Le rep\u00e8re des Pirates \/ Cimitero delle barche<\/li><li>Ristorante de Castor<\/li><li>Maison moineaux<\/li><li>Teinturerie des Moines<\/li><li>Scuola 1934<\/li><li>Maison Alcohol Addict<\/li><li>Manoir de la Discorde<\/li><li>Scuola Parigi Dakar<\/li><li>Manoir aux Canons \/ Maison Billard<\/li><li>Circuito R<\/li><li>Villa Matusalem<\/li><li>Azienda vinicola e castello abbandonato<\/li><li>Maison Aux Poupees<\/li><li>Garage Bavarois<\/li><li>L'aeroporto abbandonato<\/li><li>La Minoterie<\/li><li>Carta di C<\/li><li>Manoir du Philosophe<\/li><li>Villa Marianne<\/li><li>Albergo V\u00e9randa<\/li><li>Villa du Pont<\/li><li>I treni dimenticati<\/li><li>Chiesa Rosa<\/li><li>Maison Monospace<\/li><li>Maison Aurora<\/li><li>Albergo di Pompieri<\/li><li>Cappella di Hindu<\/li><li>Ch\u00e2teau Ravinel<\/li><li>Sanatorio Simone Weber<\/li><li>Bunker Cr<\/li><li>Usine Scaf Oner 2.0<\/li><li>Pneus et cendres<\/li><li>Ristorante Chino<\/li><li>Maison Gonzalez<\/li><li>Maison HangMan<\/li><li>Uso dell'aria liquida<\/li><li>Borsa Maison<\/li><li>Maison Houpelle<\/li><li>Fornello Maison<\/li><li>Maison du sculpteur<\/li><li>Maison Casper<\/li><li>Maison Turchese<\/li><li>Maison Binouze<\/li><li>Esploso del Forte B<\/li><li>La grande caserma della pace<\/li><li>Le mauvais chenil<\/li><li>Altoforno caduto \/ HFC<\/li><li>Ufficio troppo cresciuto<\/li><li>Usine pluvieuse \/ Usine Rainy<\/li><li>Manoir du m\u00e9galomane<\/li><li>Forte di Frouard<\/li><li>Azienda mineraria<\/li><li>Usine Gouvy<\/li><li>Maison Crocker<\/li><li>Fattoria di merda<\/li><li>Fabbrica di carta<\/li><li>Forte di Dio<\/li><li>Cappella Pap\u00e9terie<\/li><li>Maison Benn<\/li><li>Miniera Bunker<\/li><li>Bunker V<\/li><li>Bunker K<\/li><li>Lavori elettrici<\/li><li>Travaux d'Aliens<\/li><li>Caserma d' Ange<\/li><li>Maginotbunker Grande opera di Rochonvillers<\/li><li>HFX<\/li><li>Forteresse de Guerre<\/li><li>Campo della morte<\/li><li>U Verlagerung Saar<\/li><li>Puits Simon<\/li><li>Ferme Edouard<\/li><li>Maison du Passionn\u00e9<\/li><li>Miniera dei Grimpeurs<\/li><li>Casino Royale<\/li><li>Gare di Stroff<\/li><li>Base Militare degli Ingegneri di Guerra<\/li><li>La piscina d'herbe<\/li><li>Maison Kaltbach<\/li><li>Hangar con veicoli<\/li><li>Lo Chalet Vinyll<\/li><li>Centro di mobilit\u00e0 abbandonato<\/li><li>Gare HB<\/li><li>Cabina del cacciatore<\/li><li>Maison pl\u00e2trage<\/li><li>Maison du Maquetiste<\/li><li>Piscine Fronti\u00e8re<\/li><li>Centro medico H<\/li><li>Case della giungla e della liana \/ Les Maisons Savane et Peluche<\/li><li>Manor Accrobranche \/ Casa sull'albero<\/li><li>Manoir General<\/li><li>Villa Des Ours<\/li><li>Hotel della chiusa \/ Hotel del porto<\/li><li>La Caserma Lunga<\/li><li>Usine Coloree \/ Segheria W<\/li><li>Manoir des Anglais \/ Il nuovo maniero inglese<\/li><li>La Petite Maison dans la Prairie<\/li><li>Immagine della Maison<\/li><li>Maison Fanatique des oiseaux<\/li><li>La sala delle feste \/ Th\u00e9atre du chien<\/li><li>Le Tram jaune \/ Il tram giallo<\/li><li>Cimeti\u00e8re sur la colline \/ Cimitero sulla collina<\/li><li>Maison Piscine<\/li><li>La casa del collezionista di libri<\/li><li>Usine Robinot<\/li><li>Clinica delle Fonti<\/li><li>Albergo Hant\u00e9e d'Hippolyte<\/li><li>Castelli Ulrich<\/li><li>Chiesa di Montanha<\/li><li>Hotel de Luxe<\/li><li>Clinica del Diavolo<\/li><li>Albergo du Loup<\/li><li>Chateau G<\/li><li>Maison Cigarette<\/li><li>Miniera B<\/li><li>Cimeti\u00e8re des L\u00e9gendes<\/li><li>Villa della Madre Rossa<\/li><li>Usine FTech \/ Piccola fabbrica Fecht<\/li><li>Fabbrica Cirva<\/li><li>Papeterie Riccobo<\/li><li>Villa Larue<\/li><li>Maison Durand<\/li><li>Ch\u00e2teau du D\u00e9m\u00e9nageur<\/li><li>Ch\u00e2teau des Fraises<\/li><li>Maison Jean-Marie<\/li><li>Maison Satanique<\/li><li>Case di macellazione<\/li><li>Villa Am\u00e9lie<\/li><li>Usine Blanchiment<\/li><li>Castello della Marchesa di Brinvilliers<\/li><li>Casa del carro<\/li><li>Maison 72<\/li><li>Albergo Weidman<\/li><li>Ch\u00e2teau Muet<\/li><li>Filature D\u00e9meusur\u00e9e<\/li><li>Albergo William Bonin<\/li><li>Albergo Vasili Komaroff<\/li><li>Manoir La Vache<\/li><li>Chapelle B \/ Chapelle des Loups<\/li><li>Scierie Abandonn\u00e9e<\/li><li>Maison Intacte<\/li><li>Maison Vroom<\/li><li>Maison du Gutty<\/li><li>Maison Tisseuse<\/li><li>Le caf\u00e9 73 \/ Bistrot 1973<\/li><li>Casa di Babbo Natale<\/li><\/ul>","protected":false},"excerpt":{"rendered":"<p>Questa mappa urbex fornisce tutte le postazioni di esplorazione urbana (urbex) in<strong> Francia, <\/strong><strong>Grand Est<\/strong><strong>.<\/strong> Questa mappa dei luoghi perduti rimarr\u00e0 aggiornata e accessibile per almeno 365 giorni dopo l'acquisto.<\/p>\n<p>This map has currently 177 of the most unique urban exploring locations in France, Grand Est and is accessible from anywhere with our easy to use map<strong>.<\/p>\n<p><\/strong><strong>Se siete gi\u00e0 in possesso di questo pacchetto, potete accedervi tramite <a href=\"\/it\/il-mio-conto\/area-soci\/43905\/il-mio-contenuto-associativo\/\">Le mie mappe &gt; Visualizza.<\/a><\/strong><\/p>","protected":false},"featured_media":48147,"template":"","meta":[],"product_brand":[],"product_cat":[226,231,322,1135,1341],"product_tag":[],"class_list":{"0":"post-37428","1":"product","2":"type-product","3":"status-publish","4":"has-post-thumbnail","6":"product_cat-france","7":"product_cat-grand-est","8":"product_cat-location-packs","9":"product_cat-maps-france","10":"product_cat-maps-grand-est","12":"first","13":"instock","14":"taxable","15":"shipping-taxable","16":"purchasable","17":"product-type-variable"},"jetpack_sharing_enabled":true,"_links":{"self":[{"href":"https:\/\/urbex.direct\/it\/wp-json\/wp\/v2\/product\/37428","targetHints":{"allow":["GET"]}}],"collection":[{"href":"https:\/\/urbex.direct\/it\/wp-json\/wp\/v2\/product"}],"about":[{"href":"https:\/\/urbex.direct\/it\/wp-json\/wp\/v2\/types\/product"}],"wp:featuredmedia":[{"embeddable":true,"href":"https:\/\/urbex.direct\/it\/wp-json\/wp\/v2\/media\/48147"}],"wp:attachment":[{"href":"https:\/\/urbex.direct\/it\/wp-json\/wp\/v2\/media?parent=37428"}],"wp:term":[{"taxonomy":"product_brand","embeddable":true,"href":"https:\/\/urbex.direct\/it\/wp-json\/wp\/v2\/product_brand?post=37428"},{"taxonomy":"product_cat","embeddable":true,"href":"https:\/\/urbex.direct\/it\/wp-json\/wp\/v2\/product_cat?post=37428"},{"taxonomy":"product_tag","embeddable":true,"href":"https:\/\/urbex.direct\/it\/wp-json\/wp\/v2\/product_tag?post=37428"}],"curies":[{"name":"wp","href":"https:\/\/api.w.org\/{rel}","templated":true}]}}