{"id":34508,"date":"2021-11-03T08:04:09","date_gmt":"2021-11-03T08:04:09","guid":{"rendered":"https:\/\/urbex.direct\/product\/autodromo-tm\/"},"modified":"2024-08-22T08:46:31","modified_gmt":"2024-08-22T07:46:31","slug":"autodromo-tm","status":"publish","type":"product","link":"https:\/\/urbex.direct\/it\/product\/autodromo-tm\/","title":{"rendered":"Autodromo TM"},"content":{"rendered":"<p>Feedback 08-2024 Questa pista \u00e8 molto conosciuta tra gli esploratori della Catalogna. Sfortunatamente, il luogo \u00e8 sorvegliato e le persone vivono all'interno. I proprietari sono stanchi delle persone che entrano illegalmente nei locali, quindi stanno intraprendendo un'azione legale. Inoltre, il sito pu\u00f2 essere visitato legalmente poich\u00e9 \u00e8 disponibile per l'affitto e viene utilizzato per riprese cinematografiche e riunioni. Pertanto, stanno cercando di liberare il sito dagli \"esploratori urbex\". Si potrebbe considerare questo luogo come (RIP), dal momento che \u00e8 praticamente impossibile entrarvi senza il permesso dei proprietari (e loro non permettono l'ingresso a nessun individuo).\u00a0<\/p>","protected":false},"excerpt":{"rendered":"<p>Nessun accesso<\/p>","protected":false},"featured_media":58032,"template":"","meta":[],"product_brand":[],"product_cat":[288,282],"product_tag":[44],"class_list":{"0":"post-34508","1":"product","2":"type-product","3":"status-publish","4":"has-post-thumbnail","6":"product_cat-catalonia","7":"product_cat-spain","8":"product_tag-geenurbex","10":"first","11":"outofstock","12":"downloadable","13":"taxable","14":"shipping-taxable","15":"purchasable","16":"product-type-simple"},"jetpack_sharing_enabled":true,"_links":{"self":[{"href":"https:\/\/urbex.direct\/it\/wp-json\/wp\/v2\/product\/34508","targetHints":{"allow":["GET"]}}],"collection":[{"href":"https:\/\/urbex.direct\/it\/wp-json\/wp\/v2\/product"}],"about":[{"href":"https:\/\/urbex.direct\/it\/wp-json\/wp\/v2\/types\/product"}],"wp:featuredmedia":[{"embeddable":true,"href":"https:\/\/urbex.direct\/it\/wp-json\/wp\/v2\/media\/58032"}],"wp:attachment":[{"href":"https:\/\/urbex.direct\/it\/wp-json\/wp\/v2\/media?parent=34508"}],"wp:term":[{"taxonomy":"product_brand","embeddable":true,"href":"https:\/\/urbex.direct\/it\/wp-json\/wp\/v2\/product_brand?post=34508"},{"taxonomy":"product_cat","embeddable":true,"href":"https:\/\/urbex.direct\/it\/wp-json\/wp\/v2\/product_cat?post=34508"},{"taxonomy":"product_tag","embeddable":true,"href":"https:\/\/urbex.direct\/it\/wp-json\/wp\/v2\/product_tag?post=34508"}],"curies":[{"name":"wp","href":"https:\/\/api.w.org\/{rel}","templated":true}]}}