{"id":260,"date":"2021-03-02T15:16:51","date_gmt":"2021-03-02T15:16:51","guid":{"rendered":"https:\/\/urbex.direct\/product\/heavy-metal\/"},"modified":"2026-02-01T19:48:10","modified_gmt":"2026-02-01T19:48:10","slug":"heavy-metal","status":"publish","type":"product","link":"https:\/\/urbex.direct\/it\/product\/heavy-metal\/","title":{"rendered":"Metallo pesante \/ Cockerill Sambre Chertal"},"content":{"rendered":"","protected":false},"excerpt":{"rendered":"<p>La demolizione \u00e8 iniziata!<\/p>\n<p>Heavy Metal, ooit een metaal fabriek in de rook van Luik maar door de crisis van 2008 in zwaar weer terechtgekomen en sinds 2011 zijn de deuren gesloten. Questa immensa localit\u00e0 ci ha regalato una clientela forte. Tutto \u00e8 qui pi\u00f9 grande, pi\u00f9 grande o pi\u00f9 grande.<\/p>","protected":false},"featured_media":60638,"template":"","meta":[],"product_brand":[],"product_cat":[197,201],"product_tag":[41,44],"class_list":{"0":"post-260","1":"product","2":"type-product","3":"status-publish","4":"has-post-thumbnail","6":"product_cat-belgium","7":"product_cat-liege","8":"product_tag-coordinaten","9":"product_tag-geenurbex","11":"first","12":"outofstock","13":"downloadable","14":"taxable","15":"shipping-taxable","16":"purchasable","17":"product-type-simple"},"jetpack_sharing_enabled":true,"_links":{"self":[{"href":"https:\/\/urbex.direct\/it\/wp-json\/wp\/v2\/product\/260","targetHints":{"allow":["GET"]}}],"collection":[{"href":"https:\/\/urbex.direct\/it\/wp-json\/wp\/v2\/product"}],"about":[{"href":"https:\/\/urbex.direct\/it\/wp-json\/wp\/v2\/types\/product"}],"wp:featuredmedia":[{"embeddable":true,"href":"https:\/\/urbex.direct\/it\/wp-json\/wp\/v2\/media\/60638"}],"wp:attachment":[{"href":"https:\/\/urbex.direct\/it\/wp-json\/wp\/v2\/media?parent=260"}],"wp:term":[{"taxonomy":"product_brand","embeddable":true,"href":"https:\/\/urbex.direct\/it\/wp-json\/wp\/v2\/product_brand?post=260"},{"taxonomy":"product_cat","embeddable":true,"href":"https:\/\/urbex.direct\/it\/wp-json\/wp\/v2\/product_cat?post=260"},{"taxonomy":"product_tag","embeddable":true,"href":"https:\/\/urbex.direct\/it\/wp-json\/wp\/v2\/product_tag?post=260"}],"curies":[{"name":"wp","href":"https:\/\/api.w.org\/{rel}","templated":true}]}}