{"id":14643,"date":"2021-07-03T16:00:30","date_gmt":"2021-07-03T15:00:30","guid":{"rendered":"https:\/\/urbex.direct\/?post_type=product&#038;p=14643"},"modified":"2025-05-16T23:37:19","modified_gmt":"2025-05-16T22:37:19","slug":"mappa-della-posizione-be-namur","status":"publish","type":"product","link":"https:\/\/urbex.direct\/it\/product\/location-map-be-namur\/","title":{"rendered":"Mappa Urbex Belgio: Namur (Accesso per 1 o 2 anni)"},"content":{"rendered":"<p>Questa mappa contiene le seguenti localit\u00e0: <ul><li>Maison en lisi\u00e8re de for\u00eat<\/li><li>Caff\u00e8 Uccello<\/li><li>Hangar Du Baron<\/li><li>Chateau Blanchisserie<\/li><li>Chiesa SV<\/li><li>Stazione di terra<\/li><li>Artista Instituteur Chasseur<\/li><li>Maison Colombine<\/li><li>Stazione Reale<\/li><li>Usine Lucky Luke<\/li><li>Usine PRB<\/li><li>Maison Warisoulx<\/li><li>Treni della Seconda Guerra Mondiale<\/li><li>Chapelle aux Orties<\/li><li>Cimitero delle Volkswagen \/ La Foret aux Volkswagen Coccinelle<\/li><li>Sedie ad albero<\/li><li>Forte C<\/li><li>Maison Chapeau Buse<\/li><li>Pensione della Cascata<\/li><li>Treno a vapore<\/li><li>Usine Biker<\/li><li>Porto perduto<\/li><li>Manoir de la Par<\/li><li>L'antica scuola dei bambini<\/li><li>Auto da collezione<\/li><li>Quattro \u00e0 chaux<\/li><li>Il castello di carte \/ Maison Tarot<\/li><li>Ardoiserie de b<\/li><li>Edificio di gara abbandonato<\/li><li>Utilizzo degli articoli per i manager<\/li><li>Sedie Maison<\/li><li>La Grande Rovina del Castello<\/li><li>Forte spettrale S<\/li><li>Piscine Bonsoir \/ Piscine Ivoire<\/li><li>Il fienile della decadenza<\/li><li>Chateau Miele<\/li><li>Avvio della Cappella della Decadenza<\/li><li>Grill disordinato<\/li><li>Barca dimenticata<\/li><li>Campeggio nella foresta<\/li><li>Ferme Inter<\/li><li>Green Car House<\/li><li>Ruine T<\/li><li>Rifugio del treno nazista \/ Binari fantasma<\/li><li>Pub Bleu<\/li><li>Ecole Plastic<\/li><\/ul><\/p>","protected":false},"excerpt":{"rendered":"<p>Questa mappa urbex fornisce tutte le postazioni di esplorazione urbana (urbex) in<strong> Belgio, Namur.<\/strong> Questa mappa dei luoghi perduti rimarr\u00e0 aggiornata e accessibile per almeno 365 giorni dopo l'acquisto. <\/p>\n<p>This map has currently 46 of the most unique urban exploring locations in Belgium: Namur and is accessible from anywhere with our easy to use map<strong>. <\/p>\n<p><\/strong><strong>Se siete gi\u00e0 in possesso di questo pacchetto, potete accedervi tramite <a href=\"\/it\/il-mio-conto\/area-soci\/43905\/il-mio-contenuto-associativo\/\">Le mie mappe &gt; Visualizza.<\/a><\/strong> <\/p>\n<p><a href=\"#tab-description\">Elenco di tutte le localit\u00e0 Urbex su questa mappa.<\/a><\/p>","protected":false},"featured_media":48136,"template":"","meta":[],"product_brand":[],"product_cat":[197,322,1134,203],"product_tag":[323],"class_list":{"0":"post-14643","1":"product","2":"type-product","3":"status-publish","4":"has-post-thumbnail","6":"product_cat-belgium","7":"product_cat-location-packs","8":"product_cat-maps-belgium","9":"product_cat-namur","10":"product_tag-locationpack","12":"first","13":"instock","14":"taxable","15":"shipping-taxable","16":"purchasable","17":"product-type-variable"},"jetpack_sharing_enabled":true,"_links":{"self":[{"href":"https:\/\/urbex.direct\/it\/wp-json\/wp\/v2\/product\/14643","targetHints":{"allow":["GET"]}}],"collection":[{"href":"https:\/\/urbex.direct\/it\/wp-json\/wp\/v2\/product"}],"about":[{"href":"https:\/\/urbex.direct\/it\/wp-json\/wp\/v2\/types\/product"}],"wp:featuredmedia":[{"embeddable":true,"href":"https:\/\/urbex.direct\/it\/wp-json\/wp\/v2\/media\/48136"}],"wp:attachment":[{"href":"https:\/\/urbex.direct\/it\/wp-json\/wp\/v2\/media?parent=14643"}],"wp:term":[{"taxonomy":"product_brand","embeddable":true,"href":"https:\/\/urbex.direct\/it\/wp-json\/wp\/v2\/product_brand?post=14643"},{"taxonomy":"product_cat","embeddable":true,"href":"https:\/\/urbex.direct\/it\/wp-json\/wp\/v2\/product_cat?post=14643"},{"taxonomy":"product_tag","embeddable":true,"href":"https:\/\/urbex.direct\/it\/wp-json\/wp\/v2\/product_tag?post=14643"}],"curies":[{"name":"wp","href":"https:\/\/api.w.org\/{rel}","templated":true}]}}