{"id":14638,"date":"2021-07-03T15:38:22","date_gmt":"2021-07-03T14:38:22","guid":{"rendered":"https:\/\/urbex.direct\/?post_type=product&#038;p=14638"},"modified":"2025-06-17T20:21:09","modified_gmt":"2025-06-17T19:21:09","slug":"mappa-della-posizione-belgio-tutte-le-regioni","status":"publish","type":"product","link":"https:\/\/urbex.direct\/it\/product\/location-map-belgium-all-regions\/","title":{"rendered":"Urbex Map Belgio: Tutte le regioni (accesso per 1 o 2 anni)"},"content":{"rendered":"<h1 class=\"wp-block-heading\">Navigare nei siti di esplorazione urbana del Belgio<\/h1>\n\n\n\n<p>Siete degli avventurieri nel cuore? Siete sempre alla ricerca di esperienze uniche che soddisfino la vostra voglia di avventura? Non cercate oltre la nostra Urbex Location Map Belgium, che presenta tutti i luoghi nascosti per l'esplorazione urbana in tutto il Paese, compresi gli aggiornamenti, e facilmente navigabili sul vostro telefono, tablet o PC.<\/p>\n\n\n\n<h2 class=\"wp-block-heading\">Scoprite i gioielli urbani nascosti in tutto il Belgio<\/h2>\n\n\n\n<p>Con la nostra mappa dei luoghi Urbex, potrete esplorare l'affascinante mondo dell'esplorazione urbana in Belgio, dagli inquietanti e decadenti edifici abbandonati, fabbriche e siti industriali, ai tunnel sotterranei nascosti e ai siti storici dimenticati. La nostra mappa include tutti i luoghi difficili da trovare e non accessibili con i mezzi tradizionali, permettendovi di soddisfare il vostro spirito avventuroso e di esplorare luoghi che non sapevate esistessero.<\/p>\n\n\n\n<h2 class=\"wp-block-heading\">Scatenate l'esploratore che \u00e8 in voi con la nostra mappa di localizzazione Urbex<\/h2>\n\n\n\n<p>La nostra Urbex Location Map \u00e8 un must per ogni esploratore urbano, sia che si tratti di un professionista esperto o di un principiante. Con tutti i luoghi in un unico posto, potete facilmente pianificare la vostra prossima avventura e scoprire nuovi luoghi da esplorare. Che siate alla ricerca di una scarica di adrenalina o che vogliate semplicemente provare il brivido di scoprire gemme nascoste, la nostra Urbex Location Map \u00e8 lo strumento perfetto per voi.<\/p>\n\n\n\n<h2 class=\"wp-block-heading\">Vivere i luoghi urbani abbandonati del Belgio come mai prima d'ora<\/h2>\n\n\n\n<p>La nostra Urbex Location Map vi accompagna in un viaggio attraverso il mondo nascosto e dimenticato dell'esplorazione urbana. Dalle fabbriche abbandonate e i siti industriali, agli ospedali abbandonati e i castelli dimenticati, la nostra mappa vi permette di vivere questi luoghi come mai prima d'ora. Grazie agli aggiornamenti regolari e alla facilit\u00e0 di navigazione, potrete esplorare questi siti in tutta tranquillit\u00e0, sapendo di avere a portata di mano le informazioni pi\u00f9 aggiornate.<\/p>","protected":false},"excerpt":{"rendered":"<p>Questa mappa urbex fornisce tutte le postazioni di esplorazione urbana (urbex) in<strong> Belgio, Tutte le regioni.<\/strong> Questa mappa dei luoghi perduti rimarr\u00e0 aggiornata e accessibile per almeno 365 giorni dopo l'acquisto.<\/p>\n<p class=\"p1\">This map has currently 717 of the most unique urban exploring locations in Belgium: All Regions and is accessible from anywhere with our easy to use map<strong>.<\/p>\n<p><\/strong><strong>Se siete gi\u00e0 in possesso di questo pacchetto, potete accedervi tramite <a href=\"\/it\/il-mio-conto\/area-soci\/43905\/il-mio-contenuto-associativo\/\">Le mie mappe &gt; Visualizza.<\/a><\/strong><\/p>","protected":false},"featured_media":48133,"template":"","meta":[],"product_brand":[],"product_cat":[198,197,204,205,199,201,200,322,202,1134,203,206,207],"product_tag":[323],"class_list":{"0":"post-14638","1":"product","2":"type-product","3":"status-publish","4":"has-post-thumbnail","6":"product_cat-antwerp","7":"product_cat-belgium","8":"product_cat-east-flanders","9":"product_cat-flemish-brabant","10":"product_cat-hainaut","11":"product_cat-liege","12":"product_cat-limburg-be","13":"product_cat-location-packs","14":"product_cat-luxembourg-be","15":"product_cat-maps-belgium","16":"product_cat-namur","17":"product_cat-walloon-brabant","18":"product_cat-west-flanders","19":"product_tag-locationpack","21":"first","22":"instock","23":"taxable","24":"shipping-taxable","25":"purchasable","26":"product-type-variable"},"jetpack_sharing_enabled":true,"_links":{"self":[{"href":"https:\/\/urbex.direct\/it\/wp-json\/wp\/v2\/product\/14638","targetHints":{"allow":["GET"]}}],"collection":[{"href":"https:\/\/urbex.direct\/it\/wp-json\/wp\/v2\/product"}],"about":[{"href":"https:\/\/urbex.direct\/it\/wp-json\/wp\/v2\/types\/product"}],"wp:featuredmedia":[{"embeddable":true,"href":"https:\/\/urbex.direct\/it\/wp-json\/wp\/v2\/media\/48133"}],"wp:attachment":[{"href":"https:\/\/urbex.direct\/it\/wp-json\/wp\/v2\/media?parent=14638"}],"wp:term":[{"taxonomy":"product_brand","embeddable":true,"href":"https:\/\/urbex.direct\/it\/wp-json\/wp\/v2\/product_brand?post=14638"},{"taxonomy":"product_cat","embeddable":true,"href":"https:\/\/urbex.direct\/it\/wp-json\/wp\/v2\/product_cat?post=14638"},{"taxonomy":"product_tag","embeddable":true,"href":"https:\/\/urbex.direct\/it\/wp-json\/wp\/v2\/product_tag?post=14638"}],"curies":[{"name":"wp","href":"https:\/\/api.w.org\/{rel}","templated":true}]}}