{"id":1195,"date":"2021-03-02T20:51:56","date_gmt":"2021-03-02T20:51:56","guid":{"rendered":"https:\/\/urbex.direct\/product\/maison-pipo\/"},"modified":"2022-02-15T19:44:18","modified_gmt":"2022-02-15T19:44:18","slug":"maison-pipo","status":"publish","type":"product","link":"https:\/\/urbex.direct\/it\/product\/maison-pipo\/","title":{"rendered":"Maison Pipo \/ Maison Cox \/ Napoleon Bug"},"content":{"rendered":"","protected":false},"excerpt":{"rendered":"<p>L'auto non c'\u00e8 pi\u00f9, la demolizione \u00e8 iniziata<\/p>","protected":false},"featured_media":1192,"template":"","meta":[],"product_brand":[],"product_cat":[197,200],"product_tag":[41,44],"class_list":{"0":"post-1195","1":"product","2":"type-product","3":"status-publish","4":"has-post-thumbnail","6":"product_cat-belgium","7":"product_cat-limburg-be","8":"product_tag-coordinaten","9":"product_tag-geenurbex","11":"first","12":"outofstock","13":"downloadable","14":"taxable","15":"shipping-taxable","16":"purchasable","17":"product-type-simple"},"jetpack_sharing_enabled":true,"_links":{"self":[{"href":"https:\/\/urbex.direct\/it\/wp-json\/wp\/v2\/product\/1195","targetHints":{"allow":["GET"]}}],"collection":[{"href":"https:\/\/urbex.direct\/it\/wp-json\/wp\/v2\/product"}],"about":[{"href":"https:\/\/urbex.direct\/it\/wp-json\/wp\/v2\/types\/product"}],"wp:featuredmedia":[{"embeddable":true,"href":"https:\/\/urbex.direct\/it\/wp-json\/wp\/v2\/media\/1192"}],"wp:attachment":[{"href":"https:\/\/urbex.direct\/it\/wp-json\/wp\/v2\/media?parent=1195"}],"wp:term":[{"taxonomy":"product_brand","embeddable":true,"href":"https:\/\/urbex.direct\/it\/wp-json\/wp\/v2\/product_brand?post=1195"},{"taxonomy":"product_cat","embeddable":true,"href":"https:\/\/urbex.direct\/it\/wp-json\/wp\/v2\/product_cat?post=1195"},{"taxonomy":"product_tag","embeddable":true,"href":"https:\/\/urbex.direct\/it\/wp-json\/wp\/v2\/product_tag?post=1195"}],"curies":[{"name":"wp","href":"https:\/\/api.w.org\/{rel}","templated":true}]}}