{"id":11876,"date":"2021-04-15T13:21:48","date_gmt":"2021-04-15T12:21:48","guid":{"rendered":"https:\/\/urbex.direct\/product\/telepherique-des-pyrenees\/"},"modified":"2023-11-16T09:40:20","modified_gmt":"2023-11-16T09:40:20","slug":"teleferico-des-pyrenees","status":"publish","type":"product","link":"https:\/\/urbex.direct\/it\/product\/telepherique-des-pyrenees\/","title":{"rendered":"T\u00e9l\u00e9ph\u00e9rique des Pyr\u00e9n\u00e9es"},"content":{"rendered":"","protected":false},"excerpt":{"rendered":"","protected":false},"featured_media":50407,"template":"","meta":[],"product_brand":[],"product_cat":[226,1095,236],"product_tag":[41],"class_list":{"0":"post-11876","1":"product","2":"type-product","3":"status-publish","4":"has-post-thumbnail","6":"product_cat-france","7":"product_cat-hautes-pyrenees-65","8":"product_cat-occitanie","9":"product_tag-coordinaten","11":"first","12":"instock","13":"downloadable","14":"taxable","15":"shipping-taxable","16":"purchasable","17":"product-type-simple"},"jetpack_sharing_enabled":true,"_links":{"self":[{"href":"https:\/\/urbex.direct\/it\/wp-json\/wp\/v2\/product\/11876","targetHints":{"allow":["GET"]}}],"collection":[{"href":"https:\/\/urbex.direct\/it\/wp-json\/wp\/v2\/product"}],"about":[{"href":"https:\/\/urbex.direct\/it\/wp-json\/wp\/v2\/types\/product"}],"wp:featuredmedia":[{"embeddable":true,"href":"https:\/\/urbex.direct\/it\/wp-json\/wp\/v2\/media\/50407"}],"wp:attachment":[{"href":"https:\/\/urbex.direct\/it\/wp-json\/wp\/v2\/media?parent=11876"}],"wp:term":[{"taxonomy":"product_brand","embeddable":true,"href":"https:\/\/urbex.direct\/it\/wp-json\/wp\/v2\/product_brand?post=11876"},{"taxonomy":"product_cat","embeddable":true,"href":"https:\/\/urbex.direct\/it\/wp-json\/wp\/v2\/product_cat?post=11876"},{"taxonomy":"product_tag","embeddable":true,"href":"https:\/\/urbex.direct\/it\/wp-json\/wp\/v2\/product_tag?post=11876"}],"curies":[{"name":"wp","href":"https:\/\/api.w.org\/{rel}","templated":true}]}}