{"id":15789,"date":"2021-08-21T20:04:59","date_gmt":"2021-08-21T19:04:59","guid":{"rendered":"https:\/\/urbex.direct\/refund_returns\/"},"modified":"2021-08-21T20:04:59","modified_gmt":"2021-08-21T19:04:59","slug":"rimborso_rimborsi","status":"publish","type":"page","link":"https:\/\/urbex.direct\/it\/refund_returns\/","title":{"rendered":"Politica di rimborso e restituzione"},"content":{"rendered":"<p><b>Questa \u00e8 una pagina di esempio.<\/b><\/p>\n\n\n\n<h3>Panoramica<\/h3>\n\n\n\n<p>La nostra politica di rimborso e restituzione dura 30 giorni. Se sono trascorsi 30 giorni dall'acquisto, non possiamo offrire un rimborso completo o una sostituzione.<\/p>\n\n\n\n<p>Per poter effettuare un reso, l'articolo deve essere inutilizzato e nelle stesse condizioni in cui \u00e8 stato ricevuto. Deve inoltre essere nella confezione originale.<\/p>\n\n\n\n<p>Diversi tipi di merce non possono essere restituiti. I prodotti deperibili come alimenti, fiori, giornali o riviste non possono essere restituiti. Non accettiamo inoltre prodotti intimi o sanitari, materiali pericolosi, liquidi o gas infiammabili.<\/p>\n\n\n\n<p>Ulteriori articoli non restituibili:<\/p>\n\n\n\n<ul class=\"wp-block-list\">\n<li>Carte regalo<\/li>\n<li>Prodotti software scaricabili<\/li>\n<li>Alcuni articoli per la salute e la cura della persona<\/li>\n<\/ul>\n\n\n\n<p>Per completare il reso, \u00e8 necessaria una ricevuta o una prova d'acquisto.<\/p>\n\n\n\n<p>Non rispedire l'acquisto al produttore.<\/p>\n\n\n\n<p>In alcune situazioni vengono concessi solo rimborsi parziali:<\/p>\n\n\n\n<ul class=\"wp-block-list\">\n<li>Libro con evidenti segni d'uso<\/li>\n<li>CD, DVD, cassette VHS, software, videogiochi, cassette o dischi in vinile che sono stati aperti.<\/li>\n<li>Qualsiasi articolo non in condizioni originali, danneggiato o mancante di parti per motivi non dovuti a un nostro errore.<\/li>\n<li>Qualsiasi articolo restituito dopo pi\u00f9 di 30 giorni dalla consegna.<\/li>\n<\/ul>\n\n\n\n<h2>Rimborsi<\/h2>\n\n\n\n<p>Una volta ricevuto e ispezionato il vostro reso, vi invieremo un'e-mail per notificarvi che abbiamo ricevuto l'articolo restituito. Vi comunicheremo inoltre l'approvazione o il rifiuto del rimborso.<\/p>\n\n\n\n<p>Se il rimborso viene approvato, verr\u00e0 elaborato e un credito verr\u00e0 automaticamente applicato alla carta di credito o al metodo di pagamento originale entro un certo numero di giorni.<\/p>\n\n\n\n<b>Rimborsi in ritardo o mancati<\/b>\n\n\n\n<p>Se non avete ancora ricevuto il rimborso, controllate di nuovo il vostro conto bancario.<\/p>\n\n\n\n<p>Contattate quindi la societ\u00e0 che gestisce la vostra carta di credito: potrebbe volerci un po' di tempo prima che il rimborso venga ufficialmente inviato.<\/p>\n\n\n\n<p>Contattare quindi la propria banca. Spesso ci sono dei tempi di elaborazione prima che il rimborso venga pubblicato.<\/p>\n\n\n\n<p>Se avete fatto tutto questo e non avete ancora ricevuto il rimborso, contattateci a {indirizzo e-mail}.<\/p>\n\n\n\n<b>Articoli in vendita<\/b>\n\n\n\n<p>Possono essere rimborsati solo gli articoli a prezzo normale. Gli articoli in saldo non possono essere rimborsati.<\/p>\n\n\n\n<h2>Scambi<\/h2>\n\n\n\n<p>Sostituiamo gli articoli solo se sono difettosi o danneggiati. Se si desidera sostituire l'articolo con un altro dello stesso tipo, inviare un'e-mail a {indirizzo e-mail} e spedire l'articolo a: {indirizzo fisico}.<\/p>\n\n\n\n<h2>Regali<\/h2>\n\n\n\n<p>Se l'articolo \u00e8 stato contrassegnato come regalo al momento dell'acquisto e spedito direttamente a voi, riceverete un credito per il valore del vostro reso. Una volta ricevuto l'articolo restituito, vi verr\u00e0 spedito un buono regalo.<\/p>\n\n\n\n<p>Se l'articolo non \u00e8 stato contrassegnato come regalo al momento dell'acquisto, o se chi ha fatto il regalo si \u00e8 fatto spedire l'ordine per consegnarlo in seguito, invieremo un rimborso a chi ha fatto il regalo e verr\u00e0 a conoscenza del vostro reso.<\/p>\n\n\n\n<h2>Resi di spedizione<\/h2>\n\n\n\n<p>Per restituire il prodotto, \u00e8 necessario spedirlo a: {indirizzo fisico}.<\/p>\n\n\n\n<p>Le spese di spedizione per la restituzione dell'articolo sono a carico del cliente. Le spese di spedizione non sono rimborsabili. Se si riceve un rimborso, il costo della spedizione di ritorno sar\u00e0 detratto dal rimborso.<\/p>\n\n\n\n<p>A seconda del luogo di residenza, i tempi di consegna del prodotto scambiato possono variare.<\/p>\n\n\n\n<p>Se si restituiscono articoli pi\u00f9 costosi, si consiglia di utilizzare un servizio di spedizione tracciabile o di acquistare un'assicurazione sulla spedizione. Non garantiamo di ricevere l'articolo restituito.<\/p>\n\n\n\n<h2>Avete bisogno di aiuto?<\/h2>\n\n\n\n<p>Contattateci all'indirizzo {email} per domande relative a rimborsi e restituzioni.<\/p>","protected":false},"excerpt":{"rendered":"<p>This is a sample page. Overview Our refund and returns policy lasts 30 days. If 30 days have passed since your purchase, we can\u2019t offer you a full refund or exchange. To be eligible for a return, your item must be unused and in the same condition that you received it. It must also be [&hellip;]<\/p>\n","protected":false},"author":1,"featured_media":0,"parent":0,"menu_order":0,"comment_status":"closed","ping_status":"closed","template":"","meta":{"footnotes":""},"class_list":["post-15789","page","type-page","status-publish","hentry"],"jetpack_sharing_enabled":true,"_links":{"self":[{"href":"https:\/\/urbex.direct\/it\/wp-json\/wp\/v2\/pages\/15789","targetHints":{"allow":["GET"]}}],"collection":[{"href":"https:\/\/urbex.direct\/it\/wp-json\/wp\/v2\/pages"}],"about":[{"href":"https:\/\/urbex.direct\/it\/wp-json\/wp\/v2\/types\/page"}],"author":[{"embeddable":true,"href":"https:\/\/urbex.direct\/it\/wp-json\/wp\/v2\/users\/1"}],"replies":[{"embeddable":true,"href":"https:\/\/urbex.direct\/it\/wp-json\/wp\/v2\/comments?post=15789"}],"version-history":[{"count":0,"href":"https:\/\/urbex.direct\/it\/wp-json\/wp\/v2\/pages\/15789\/revisions"}],"wp:attachment":[{"href":"https:\/\/urbex.direct\/it\/wp-json\/wp\/v2\/media?parent=15789"}],"curies":[{"name":"wp","href":"https:\/\/api.w.org\/{rel}","templated":true}]}}