{"id":801,"date":"2021-03-02T20:48:44","date_gmt":"2021-03-02T20:48:44","guid":{"rendered":"https:\/\/urbex.direct\/product\/bloso-hofstade\/"},"modified":"2026-03-21T08:35:52","modified_gmt":"2026-03-21T08:35:52","slug":"bloso-hofstade","status":"publish","type":"product","link":"https:\/\/urbex.direct\/fr\/product\/bloso-hofstade\/","title":{"rendered":"Bloso Hofstade \/ Piscine Bloso"},"content":{"rendered":"","protected":false},"excerpt":{"rendered":"<p>Bloso Domein Hofstade, cr\u00e9\u00e9 en 1937, \u00e9tait alors la plus grande ville ouverte d'Europe. Ce site a eu de plus en plus de fonctions au fil des ans et est \u00e9galement entre les mains des Duitsers, ce qui est devenu le plus important dans l'histoire du tiers-monde. Depuis 1990, la maison est bien entretenue et compl\u00e8tement r\u00e9nov\u00e9e par la nature. Il s'agit d'une magnifique construction rustique.<\/p>","protected":false},"featured_media":795,"template":"","meta":[],"product_brand":[],"product_cat":[197,205],"product_tag":[41],"class_list":{"0":"post-801","1":"product","2":"type-product","3":"status-publish","4":"has-post-thumbnail","6":"product_cat-belgium","7":"product_cat-flemish-brabant","8":"product_tag-coordinaten","10":"first","11":"instock","12":"downloadable","13":"taxable","14":"shipping-taxable","15":"purchasable","16":"product-type-simple"},"jetpack_sharing_enabled":true,"_links":{"self":[{"href":"https:\/\/urbex.direct\/fr\/wp-json\/wp\/v2\/product\/801","targetHints":{"allow":["GET"]}}],"collection":[{"href":"https:\/\/urbex.direct\/fr\/wp-json\/wp\/v2\/product"}],"about":[{"href":"https:\/\/urbex.direct\/fr\/wp-json\/wp\/v2\/types\/product"}],"wp:featuredmedia":[{"embeddable":true,"href":"https:\/\/urbex.direct\/fr\/wp-json\/wp\/v2\/media\/795"}],"wp:attachment":[{"href":"https:\/\/urbex.direct\/fr\/wp-json\/wp\/v2\/media?parent=801"}],"wp:term":[{"taxonomy":"product_brand","embeddable":true,"href":"https:\/\/urbex.direct\/fr\/wp-json\/wp\/v2\/product_brand?post=801"},{"taxonomy":"product_cat","embeddable":true,"href":"https:\/\/urbex.direct\/fr\/wp-json\/wp\/v2\/product_cat?post=801"},{"taxonomy":"product_tag","embeddable":true,"href":"https:\/\/urbex.direct\/fr\/wp-json\/wp\/v2\/product_tag?post=801"}],"curies":[{"name":"wp","href":"https:\/\/api.w.org\/{rel}","templated":true}]}}