{"id":65110,"date":"2025-08-25T19:25:18","date_gmt":"2025-08-25T18:25:18","guid":{"rendered":"https:\/\/urbex.direct\/product\/le-fabricant-de-pantoufles-de-pantoffel-maker\/"},"modified":"2026-03-28T08:46:07","modified_gmt":"2026-03-28T08:46:07","slug":"le-fabricant-de-pantoufles-de-pantoffel-maker","status":"publish","type":"product","link":"https:\/\/urbex.direct\/fr\/product\/le-fabricant-de-pantoufles-de-pantoffel-maker\/","title":{"rendered":"Le fabricant de pantoufles \/ De Pantoffel Maker"},"content":{"rendered":"","protected":false},"excerpt":{"rendered":"<p>Dans un coin oubli\u00e9 de la Flandre occidentale se trouve cette ancienne fabrique de pantoufles. La poussi\u00e8re recouvre la machine \u00e0 coudre Singer et les formes en bois, t\u00e9moins silencieux d'une \u00e9poque o\u00f9 l'artisanat et le travail se rencontraient ici tous les jours.<\/p>","protected":false},"featured_media":65105,"template":"","meta":[],"product_brand":[],"product_cat":[197,207],"product_tag":[],"class_list":{"0":"post-65110","1":"product","2":"type-product","3":"status-publish","4":"has-post-thumbnail","6":"product_cat-belgium","7":"product_cat-west-flanders","9":"first","10":"instock","11":"downloadable","12":"taxable","13":"shipping-taxable","14":"purchasable","15":"product-type-simple"},"jetpack_sharing_enabled":true,"_links":{"self":[{"href":"https:\/\/urbex.direct\/fr\/wp-json\/wp\/v2\/product\/65110","targetHints":{"allow":["GET"]}}],"collection":[{"href":"https:\/\/urbex.direct\/fr\/wp-json\/wp\/v2\/product"}],"about":[{"href":"https:\/\/urbex.direct\/fr\/wp-json\/wp\/v2\/types\/product"}],"wp:featuredmedia":[{"embeddable":true,"href":"https:\/\/urbex.direct\/fr\/wp-json\/wp\/v2\/media\/65105"}],"wp:attachment":[{"href":"https:\/\/urbex.direct\/fr\/wp-json\/wp\/v2\/media?parent=65110"}],"wp:term":[{"taxonomy":"product_brand","embeddable":true,"href":"https:\/\/urbex.direct\/fr\/wp-json\/wp\/v2\/product_brand?post=65110"},{"taxonomy":"product_cat","embeddable":true,"href":"https:\/\/urbex.direct\/fr\/wp-json\/wp\/v2\/product_cat?post=65110"},{"taxonomy":"product_tag","embeddable":true,"href":"https:\/\/urbex.direct\/fr\/wp-json\/wp\/v2\/product_tag?post=65110"}],"curies":[{"name":"wp","href":"https:\/\/api.w.org\/{rel}","templated":true}]}}