{"id":62368,"date":"2025-04-05T13:36:00","date_gmt":"2025-04-05T12:36:00","guid":{"rendered":"https:\/\/urbex.direct\/product\/concrete-factory-in-the-forest\/"},"modified":"2025-12-27T12:37:15","modified_gmt":"2025-12-27T12:37:15","slug":"concrete-factory-in-the-forest","status":"publish","type":"product","link":"https:\/\/urbex.direct\/fr\/product\/concrete-factory-in-the-forest\/","title":{"rendered":"Fabrique de b\u00e9ton dans la for\u00eat"},"content":{"rendered":"<p>Coordonn\u00e9es Urbex<\/p>","protected":false},"excerpt":{"rendered":"<p>Coordonn\u00e9es Urbex<\/p>","protected":false},"featured_media":62367,"template":"","meta":[],"product_brand":[],"product_cat":[1300,291],"product_tag":[],"class_list":{"0":"post-62368","1":"product","2":"type-product","3":"status-publish","4":"has-post-thumbnail","6":"product_cat-central-bohemian-czech-republic","7":"product_cat-czech-republic","9":"first","10":"instock","11":"downloadable","12":"taxable","13":"shipping-taxable","14":"purchasable","15":"product-type-simple"},"jetpack_sharing_enabled":true,"_links":{"self":[{"href":"https:\/\/urbex.direct\/fr\/wp-json\/wp\/v2\/product\/62368","targetHints":{"allow":["GET"]}}],"collection":[{"href":"https:\/\/urbex.direct\/fr\/wp-json\/wp\/v2\/product"}],"about":[{"href":"https:\/\/urbex.direct\/fr\/wp-json\/wp\/v2\/types\/product"}],"wp:featuredmedia":[{"embeddable":true,"href":"https:\/\/urbex.direct\/fr\/wp-json\/wp\/v2\/media\/62367"}],"wp:attachment":[{"href":"https:\/\/urbex.direct\/fr\/wp-json\/wp\/v2\/media?parent=62368"}],"wp:term":[{"taxonomy":"product_brand","embeddable":true,"href":"https:\/\/urbex.direct\/fr\/wp-json\/wp\/v2\/product_brand?post=62368"},{"taxonomy":"product_cat","embeddable":true,"href":"https:\/\/urbex.direct\/fr\/wp-json\/wp\/v2\/product_cat?post=62368"},{"taxonomy":"product_tag","embeddable":true,"href":"https:\/\/urbex.direct\/fr\/wp-json\/wp\/v2\/product_tag?post=62368"}],"curies":[{"name":"wp","href":"https:\/\/api.w.org\/{rel}","templated":true}]}}