{"id":62125,"date":"2025-03-17T20:45:44","date_gmt":"2025-03-17T20:45:44","guid":{"rendered":"https:\/\/urbex.direct\/?post_type=product&#038;p=62125"},"modified":"2025-03-18T19:50:43","modified_gmt":"2025-03-18T19:50:43","slug":"carte-de-chasse-aux-fantomes-3-0","status":"publish","type":"product","link":"https:\/\/urbex.direct\/fr\/product\/ghost-hunting-map-3-0\/","title":{"rendered":"Carte de chasse aux fant\u00f4mes 3.0"},"content":{"rendered":"","protected":false},"excerpt":{"rendered":"<p data-start=\"56\" data-end=\"173\"><strong data-start=\"56\" data-end=\"167\">Le guide ultime des lieux paranormaux en Belgique, aux Pays-Bas et en Allemagne<\/strong> \ud83d\udc7b\ud83d\uddfa\ufe0f<\/p>\n<p data-start=\"175\" data-end=\"468\">Pr\u00eat pour une nouvelle aventure paranormale ? <strong data-start=\"213\" data-end=\"238\">Carte de chasse aux fant\u00f4mes 3.0<\/strong> est l\u00e0, et c'est la carte la plus compl\u00e8te et la plus d\u00e9taill\u00e9e que vous puissiez trouver ! Cette carte unique en son genre vous guidera vers les <strong data-start=\"355\" data-end=\"398\">Les lieux les plus effrayants et les plus myst\u00e9rieux<\/strong> \u00e0 travers la Belgique, les Pays-Bas et les zones frontali\u00e8res de l'Allemagne. \ud83c\udf0d\u2728<\/p>\n<p data-start=\"470\" data-end=\"790\">Avec plus de <strong data-start=\"480\" data-end=\"507\">Plus de 70 points chauds paranormaux<\/strong>Vous pouvez embarquer pour un voyage dans des lieux qui ont \u00e9t\u00e9 soigneusement \u00e9tudi\u00e9s par des experts de l'Union europ\u00e9enne. <strong data-start=\"586\" data-end=\"616\">chasseurs de fant\u00f4mes professionnels<\/strong> et les amateurs passionn\u00e9s. Cette carte a \u00e9t\u00e9 \u00e9labor\u00e9e de mani\u00e8re experte par une \u00e9quipe de chercheurs en paranormal, ce qui vous garantit de ne visiter que les endroits les plus intrigants et les plus effrayants ! \ud83d\udc40\ud83d\udd0d<\/p>\n<h3 data-start=\"792\" data-end=\"823\">Pourquoi cette carte est-elle si sp\u00e9ciale ?<\/h3>\n<ul data-start=\"824\" data-end=\"1061\">\n<li data-start=\"824\" data-end=\"889\"><strong data-start=\"826\" data-end=\"846\">31 nouveaux sites<\/strong>\u00a0\u00e0 ne pas manquer !<\/li>\n<li data-start=\"890\" data-end=\"996\"><strong data-start=\"892\" data-end=\"908\">42 sites<\/strong> des \u00e9ditions pr\u00e9c\u00e9dentes (V1 et V2) ont \u00e9t\u00e9 rajout\u00e9es, pour que vous ne manquiez rien. \ud83d\udd04<\/li>\n<\/ul>\n<p data-start=\"1063\" data-end=\"1202\">Alors, qu'attendez-vous ? Prenez votre \u00e9quipement, amenez vos amis et aventurez-vous dans des lieux o\u00f9 l'histoire et le surnaturel s'entrechoquent. \ud83d\udc80\ud83c\udf2b\ufe0f<\/p>\n<p data-start=\"1204\" data-end=\"1281\"><strong data-start=\"1204\" data-end=\"1229\">Carte de chasse aux fant\u00f4mes 3.0<\/strong> est un outil indispensable pour tout chasseur de fant\u00f4mes s\u00e9rieux !<\/p>","protected":false},"featured_media":62142,"template":"","meta":[],"product_brand":[],"product_cat":[322,1134,1136],"product_tag":[834,323],"class_list":{"0":"post-62125","1":"product","2":"type-product","3":"status-publish","4":"has-post-thumbnail","6":"product_cat-location-packs","7":"product_cat-maps-belgium","8":"product_cat-maps-the-netherlands","9":"product_tag-excellence","10":"product_tag-locationpack","12":"first","13":"instock","14":"taxable","15":"shipping-taxable","16":"purchasable","17":"product-type-simple"},"jetpack_sharing_enabled":true,"_links":{"self":[{"href":"https:\/\/urbex.direct\/fr\/wp-json\/wp\/v2\/product\/62125","targetHints":{"allow":["GET"]}}],"collection":[{"href":"https:\/\/urbex.direct\/fr\/wp-json\/wp\/v2\/product"}],"about":[{"href":"https:\/\/urbex.direct\/fr\/wp-json\/wp\/v2\/types\/product"}],"wp:featuredmedia":[{"embeddable":true,"href":"https:\/\/urbex.direct\/fr\/wp-json\/wp\/v2\/media\/62142"}],"wp:attachment":[{"href":"https:\/\/urbex.direct\/fr\/wp-json\/wp\/v2\/media?parent=62125"}],"wp:term":[{"taxonomy":"product_brand","embeddable":true,"href":"https:\/\/urbex.direct\/fr\/wp-json\/wp\/v2\/product_brand?post=62125"},{"taxonomy":"product_cat","embeddable":true,"href":"https:\/\/urbex.direct\/fr\/wp-json\/wp\/v2\/product_cat?post=62125"},{"taxonomy":"product_tag","embeddable":true,"href":"https:\/\/urbex.direct\/fr\/wp-json\/wp\/v2\/product_tag?post=62125"}],"curies":[{"name":"wp","href":"https:\/\/api.w.org\/{rel}","templated":true}]}}