{"id":61824,"date":"2025-03-09T19:15:15","date_gmt":"2025-03-09T19:15:15","guid":{"rendered":"https:\/\/urbex.direct\/?post_type=product&#038;p=61824"},"modified":"2025-05-22T20:32:16","modified_gmt":"2025-05-22T19:32:16","slug":"urbex-map-royaume-uni-toutes-les-regions-1-an-dacces","status":"publish","type":"product","link":"https:\/\/urbex.direct\/fr\/product\/urbex-map-united-kingdom-all-regions-1-year-access\/","title":{"rendered":"Urbex Map Royaume-Uni et Irlande Toutes les r\u00e9gions (1 ou 2 ans d'acc\u00e8s)"},"content":{"rendered":"<p>Cette carte contient les lieux suivants : <ul><li>Manoir Freeman<\/li><li>Hippodrome de Hulme<\/li><li>Bienvenue \u00e0 l'h\u00f4tel Paradise<\/li><li>Maison de la guerre froide<\/li><li>Site de l'accident de Boeing<\/li><li>Atelier de formation en for\u00eat<\/li><li>\u00c9cole de la Loge<\/li><li>Le th\u00e9\u00e2tre Jumanji<\/li><li>La maison des disparus<\/li><li>Les 5 grands<\/li><li>NHS Asylum<\/li><li>Fort de Cliffe<\/li><li>Sous-marin rouill\u00e9<\/li><li>Maison de l'artilleur<\/li><li>La maison du cimeti\u00e8re<\/li><li>Ferme du ch\u00e2teau<\/li><li>La fourmili\u00e8re du Hobbit<\/li><li>Ville fant\u00f4me inachev\u00e9e<\/li><li>Piscine froide de Piramid<\/li><li>\u00c9glise William 45<\/li><li>Naufrage DB<\/li><li>Maison Uperflow<\/li><li>Temple souterrain<\/li><li>La Maison du Temple d'Or<\/li><li>Le grand hangar \u00e0 poterie<\/li><li>L'usine de croisement<\/li><li>La mine de charbon oubli\u00e9e<\/li><li>Chapelle de Loxley<\/li><li>Usine d'outils<\/li><li>L'entrep\u00f4t marin<\/li><li>Universit\u00e9 perdue<\/li><li>Ferme sexy<\/li><li>Ch\u00e2teau de Cambusnethan<\/li><li>Ch\u00e2teau de Loudoun<\/li><li>L'h\u00f4pital Gartloch<\/li><li>H\u00f4tel Ragdoll<\/li><li>Le ch\u00e2teau sur la falaise<\/li><li>Une autre ruine de ch\u00e2teau<\/li><li>Le Dal Ruine<\/li><li>Le port de la Torpille<\/li><li>Mine de cuivre Elba<\/li><li>Ch\u00e2teau TTL<\/li><li>Station radar GH<\/li><li>La petite maison pr\u00e8s du rail<\/li><li>L'usine de munitions<\/li><li>L'usine de munitions 2<\/li><li>Manoir Allasons<\/li><li>Centrale \u00e9lectrique de Forest<\/li><li>Backyard Factory<\/li><li>Maison de camp militaire<\/li><li>Tour de contr\u00f4le<\/li><li>H\u00f4pital East Fortune<\/li><li>Chambre des repr\u00e9sentants<\/li><li>H\u00f4pital br\u00fbl\u00e9<\/li><li>L'incroyable ruine du manoir<\/li><li>Ruine du ch\u00e2teau de l'h\u00f4pital<\/li><li>Les vestiges d'un ch\u00e2teau<\/li><li>L'ancien s\u00e9minaire abandonn\u00e9<\/li><li>Maison en feuilles<\/li><li>Manoir de Baron Hill<\/li><li>Chapelle Salem<\/li><li>La maison du point de contr\u00f4le<\/li><li>La gare routi\u00e8re<\/li><li>Maison du collectionneur de voitures<\/li><li>Maison autour du monde<\/li><li>Maison de l'oubli<\/li><li>Cimeti\u00e8re et ruine d'\u00e9glise<\/li><li>Le ch\u00e2teau vide<\/li><li>Ch\u00e2teau Gwyn<\/li><li>Le n\u00e9gociant en p\u00e9trole<\/li><li>L'\u00e9glise dans la jungle<\/li><li>Village des contes de f\u00e9es de la Petite Italie<\/li><li>Brik Works<\/li><li>Maison des pignons effrayants<\/li><li>Caserne des Anges<\/li><li>Resident Evil Mansion<\/li><li>Moulin \u00e0 temps<\/li><li>Ferme Tornado<\/li><li>Le ch\u00e2teau du soldat<\/li><li>La maison perdue de l'amour<\/li><li>Maison de la foi<\/li><li>Ch\u00e2teau de Saint-Georges<\/li><li>L'asile pour autistes<\/li><li>L'asile de la piscine<\/li><li>Le phare du cin\u00e9ma<\/li><li>Maison des pianos<\/li><li>La maison de la veuve<\/li><li>Ferme des v\u00e9t\u00e9rans<\/li><li>H\u00f4pital de l'enfer<\/li><li>Maison Tyrone<\/li><li>\u00c9glise Nivea<\/li><li>Ruine du ch\u00e2teau d'Ivy<\/li><li>Ch\u00e2teau Ruine G<\/li><li>La grande \u00e9glise envahie par la v\u00e9g\u00e9tation<\/li><li>Ruine du ch\u00e2teau Agha<\/li><li>Ch\u00e2teau de Mossy Kerry<\/li><li>Fort Colloseum<\/li><li>Colloseum Fort 2<\/li><li>La ferme sur la falaise<\/li><li>L'ancienne tour de signalisation<\/li><li>La ruine de l'\u00e9glise avec quelques tombes<\/li><li>Tour de guet Clif<\/li><li>Les anciens puits de la mine de cuivre<\/li><li>Maison de la voiture blanche dans l'arbuste<\/li><li>Villa inachev\u00e9e<\/li><li>Maison de r\u00e9serve<\/li><li>Usine Malcolm<\/li><li>Vieux ch\u00e2teau de Droma<\/li><li>Ch\u00e2teau Celtic Echoes<\/li><li>Usine et villa incendi\u00e9es<\/li><li>Le pont bris\u00e9<\/li><li>Tours silencieuses de l'Irlande<\/li><li>Ferme faible<\/li><li>L'atelier de la nature<\/li><li>Une autre mine de cuivre en ruine<\/li><li>Maison d'automne<\/li><li>Le domaine du ch\u00e2teau<\/li><li>Manoir du politicien<\/li><li>Le manoir oubli\u00e9<\/li><li>Perdu depuis 10 ans Maison<\/li><li>L'\u00e9pave sur la plage<\/li><li>L'\u00e9glise perdue dans les collines<\/li><li>B\u00e2timent des tombes en d\u00e9composition<\/li><li>Pub de peintures<\/li><li>Fort au sommet<\/li><li>Les vestiges du ch\u00e2teau sur la falaise<\/li><li>Maison Cardo<\/li><li>Ch\u00e2teau \u00e0 toit vert<\/li><li>Retour \u00e0 la nature<\/li><li>Le cimeti\u00e8re et les ruines<\/li><li>Centrale \u00e9lectrique de Waterside<\/li><li>La maison de la rivi\u00e8re oubli\u00e9e<\/li><li>Affaires inachev\u00e9es<\/li><li>Halls industriels perdus<\/li><li>La ruine de la petite \u00e9glise<\/li><li>Maison Bally [Maison[<\/li><\/ul><\/p>","protected":false},"excerpt":{"rendered":"<p>Cette carte de l'urbex vous fournit tous les lieux d'exploration urbaine (urbex) dans les pays suivants <strong>Royaume-Uni et Irlande, Toutes les r\u00e9gions<\/strong><strong>.<\/strong> <\/p>\n<p>Cette carte des lieux perdus restera mise \u00e0 jour et accessible pendant au moins 365 jours apr\u00e8s l'achat. <\/p>\n<p>Cette carte pr\u00e9sente actuellement 136 des lieux d'exploration urbaine les plus uniques d'Irlande et est accessible depuis n'importe quel endroit gr\u00e2ce \u00e0 notre carte facile \u00e0 utiliser.<strong>. <\/p>\n<p><\/strong><strong>Si vous avez d\u00e9j\u00e0 ce pack, vous pouvez y acc\u00e9der via <\/strong><a href=\"\/fr\/mon-compte-2-2\/espace-membres\/43905\/le-contenu-de-mon-adhesion\/\"><strong>Mes cartes &gt; Afficher.<\/strong><\/a> <\/p>\n<p><a href=\"#tab-description\">Liste de tous les sites Urbex sur cette carte.<\/a><\/p>","protected":false},"featured_media":61828,"template":"","meta":[],"product_brand":[],"product_cat":[242,322,1401,293],"product_tag":[],"class_list":{"0":"post-61824","1":"product","2":"type-product","3":"status-publish","4":"has-post-thumbnail","6":"product_cat-ireland","7":"product_cat-location-packs","8":"product_cat-maps-united-kingdom","9":"product_cat-united-kingdom","11":"first","12":"instock","13":"taxable","14":"shipping-taxable","15":"purchasable","16":"product-type-variable"},"jetpack_sharing_enabled":true,"_links":{"self":[{"href":"https:\/\/urbex.direct\/fr\/wp-json\/wp\/v2\/product\/61824","targetHints":{"allow":["GET"]}}],"collection":[{"href":"https:\/\/urbex.direct\/fr\/wp-json\/wp\/v2\/product"}],"about":[{"href":"https:\/\/urbex.direct\/fr\/wp-json\/wp\/v2\/types\/product"}],"wp:featuredmedia":[{"embeddable":true,"href":"https:\/\/urbex.direct\/fr\/wp-json\/wp\/v2\/media\/61828"}],"wp:attachment":[{"href":"https:\/\/urbex.direct\/fr\/wp-json\/wp\/v2\/media?parent=61824"}],"wp:term":[{"taxonomy":"product_brand","embeddable":true,"href":"https:\/\/urbex.direct\/fr\/wp-json\/wp\/v2\/product_brand?post=61824"},{"taxonomy":"product_cat","embeddable":true,"href":"https:\/\/urbex.direct\/fr\/wp-json\/wp\/v2\/product_cat?post=61824"},{"taxonomy":"product_tag","embeddable":true,"href":"https:\/\/urbex.direct\/fr\/wp-json\/wp\/v2\/product_tag?post=61824"}],"curies":[{"name":"wp","href":"https:\/\/api.w.org\/{rel}","templated":true}]}}