{"id":60330,"date":"2024-12-30T11:30:58","date_gmt":"2024-12-30T11:30:58","guid":{"rendered":"https:\/\/urbex.direct\/?post_type=product&#038;p=60330"},"modified":"2025-05-27T20:14:57","modified_gmt":"2025-05-27T19:14:57","slug":"urbex-map-spain-all-regions-1-year-access","status":"publish","type":"product","link":"https:\/\/urbex.direct\/fr\/product\/urbex-map-spain-all-regions-1-year-access\/","title":{"rendered":"Urbex Map Espagne Toutes les r\u00e9gions (1 an ou 2 acc\u00e8s)"},"content":{"rendered":"<p>Cette carte contient les lieux suivants : <ul><li>Casa del M\u00e9dico<\/li><li>Bunkeranlage<\/li><li>H\u00f4tel Miramar<\/li><li>Villa Olivera<\/li><li>Bo\u00eete de nuit Lapsus<\/li><li>Mas Carles<\/li><li>Castillo Jov\u00e9<\/li><li>C-65 Restaurant \/ Resto R<\/li><li>Castillo Torre<\/li><li>Manufacture de tabac<\/li><li>Pr\u00e9vention de la grippe aviaire<\/li><li>Karting<\/li><li>H\u00f4tel Les Ferreses<\/li><li>Palais C\u00e9leste<\/li><li>Balneario Termas la Puda<\/li><li>Colonia Cementera<\/li><li>El pueblo del Japon\u00e9s \/ Japan Town<\/li><li>Base militaire Loran<\/li><li>Puti Club de Carretera<\/li><li>Plaza de Toros<\/li><li>Fabrica AP<\/li><li>Hostal del Gato Momificado<\/li><li>Masia del Soldado<\/li><li>Ruina Can Busquets<\/li><li>Gazoline A<\/li><li>Coches mimetizados con la Naturaleza \/ Voitures camoufl\u00e9es<\/li><li>H\u00f4tel Panik<\/li><li>H\u00f4tel de los Ciervos<\/li><li>Villa Josefa<\/li><li>Casa Lila<\/li><li>La mansi\u00f3n del Crimen<\/li><li>El Moli Vell<\/li><li>Antiguo Matadero Tordera<\/li><li>Castillo Mas Rissech<\/li><li>Masia de las Fantas<\/li><li>Maison des 100 ans<\/li><li>Teneria Moderna Franco Espa\u00f1ola<\/li><li>Le d\u00e9part de l'artiste<\/li><li>Mansion del Conde<\/li><li>Abandon de l'\u00e9tablissement<\/li><li>Textil La Blava<\/li><li>Club Nautico<\/li><li>Radio Liberty<\/li><li>Mansion de la Mariona<\/li><li>L'optique des piliers<\/li><li>Aquapark Sitges<\/li><li>Cementera de la Gran Cupula<\/li><li>Site de Vallcarca<\/li><li>Discoth\u00e8que centrale<\/li><li>Ville des Muchachos<\/li><li>Fabrica de Harina Gualda<\/li><li>Chalet de la rata Muerta<\/li><li>Colonia Textil<\/li><li>Village perdu A<\/li><li>Casa del Piano<\/li><li>Casa Carro Blanco<\/li><li>Colonia Minera<\/li><li>Iglesia Perfecto<\/li><li>Citro\u00ebn 2cv<\/li><li>Masia Numero 20<\/li><li>Masia del 1817<\/li><li>Manutention \u00e0 l'aide d'une estanque<\/li><li>Mutua Abandonada<\/li><li>Piscines avec Futbolin<\/li><li>Masia de las Monedas<\/li><li>La fabrication des cartouches<\/li><li>La mansu\u00e9tude d'Anabelle<\/li><li>Discoth\u00e8que Pach\u00e1<\/li><li>Piscinas Canad\u00e1 Park<\/li><li>Mansion de las ratas muertas<\/li><li>Masia de los Templarios<\/li><li>Urbanisation Abandonada<\/li><li>Masia 1909<\/li><li>H\u00f4tel de los horrores<\/li><li>H\u00f4tel Prost\u00edbulo<\/li><li>Chiringuito de la Piscina<\/li><li>Terrain de sport avec piscine<\/li><li>Les Bunes<\/li><li>Petit panier de pisos<\/li><li>Maison de ma\u00eetre et maison des ma\u00eetres<\/li><li>Casa de los espectros<\/li><li>Cuarteles<\/li><li>H\u00f4tel particulier avec discoth\u00e8que<\/li><li>Discoth\u00e8que P<\/li><li>Casa de el Torero<\/li><li>Corbera de l'Ebre<\/li><li>Campo de golf<\/li><li>Fabrica Abandonada<\/li><li>La mansu\u00e9tude<\/li><li>Fabrica EC<\/li><li>Castillo Abuelo<\/li><li>Pueblo abandonado M<\/li><li>Discoth\u00e8que LV<\/li><li>Carruajes<\/li><li>Hangar Coches Lekar<\/li><li>Fabrications abandonn\u00e9es<\/li><li>Pueblo Abandonado NT<\/li><li>Restaurant Arrasado<\/li><li>Station d'\u00e9puration des eaux us\u00e9es<\/li><li>Fabrica de Tejidos<\/li><li>Casa de molino abandonada<\/li><li>Mas\u00eda Palomas<\/li><li>Fabrication de la machine \u00e0 imprimer<\/li><li>Casa Gioconda<\/li><li>Gran Hotel de la A<\/li><li>Chalet del Acantilado<\/li><li>H\u00f4tel Abandonado<\/li><li>La casa Fantasma<\/li><li>Restaurant El Gran Ca\u00f1on<\/li><li>Restaurant de banquets<\/li><li>Discoth\u00e8que Tutan<\/li><li>Torre del Fang<\/li><li>Masia can Ballot<\/li><li>Police Pirine<\/li><li>Harinera F.O.R.<\/li><li>Masia del Vendedor<\/li><li>Colonia La Farinera<\/li><li>Mas\u00eda La Vall<\/li><li>Masia Castellnou de la Plana<\/li><li>Mansion del suicida \/ El Tint<\/li><li>Poblado SR<\/li><li>Masia Decay<\/li><li>Masia Losing Zorrillo<\/li><li>Masia Camas Voladorad<\/li><li>Ermita<\/li><li>Mini Falangista<\/li><li>Disco MF<\/li><li>Teatre Bel<\/li><li>Agriculture + Baln\u00e9aire<\/li><li>Mas\u00eda y Capilla Blanca<\/li><li>Fabrication d'armatures<\/li><li>Fabrica Ortopedia<\/li><li>Entreprise d'Embutidos<\/li><li>Fabrica Quimicos<\/li><li>EL Pueblo Conejo<\/li><li>G\u00e9riatrie de l'oubli<\/li><li>Fabrica Intorfrisa<\/li><li>Fabrica Siniestra<\/li><li>Industrie textile<\/li><li>H\u00f4tel playa<\/li><li>Fabrica Textil Abandonada<\/li><li>Restaurante \/ Mas\u00eda abandonado<\/li><li>Discoth\u00e8que Petada<\/li><li>Mas Lost Village<\/li><li>Colonia Soldevilla<\/li><li>Cabaret las Aguilas<\/li><li>Fabrica del plazon<\/li><li>\u00c9cole du se\u00f1or Antonio<\/li><li>La fabrica de la Grua<\/li><li>Discoth\u00e8que Arcus<\/li><li>Discoth\u00e8que H<\/li><li>Villa del 1949<\/li><li>Fabrica Textil Doble<\/li><li>Fabrica del Coche<\/li><li>Fabrica piso Unico<\/li><li>H\u00f4pital del Carmen<\/li><li>Fabrica quimica el Peligro<\/li><li>Hostal Solitario<\/li><li>Fabrica de las Variedades<\/li><li>Fabrica ladrillos Premium<\/li><li>H\u00f4tel Cabaret<\/li><li>Polvor\u00edn<\/li><li>Fabrica Metalera<\/li><li>Piso con fitness<\/li><li>Petite maison de Monta\u00f1a<\/li><li>Masia del noble<\/li><li>Masia de la serpiente<\/li><li>Granja historica<\/li><li>3 Cazas - MIG<\/li><li>La maison du soleil<\/li><li>Autocares Abandonados \/ Taller<\/li><li>Masia de las Verduras<\/li><li>Masia Murcielagos<\/li><li>Piscina abandonada y canchas de tenis<\/li><li>Hermita Tumbas Abandonadas<\/li><li>Maison Urbex<\/li><li>Masias Gurb<\/li><li>Colonia Textil + Casas<\/li><li>Masias Oris<\/li><li>Masia Voltrega<\/li><li>Viviendas Colonia<\/li><li>Masia Hermita<\/li><li>Masia Salort<\/li><li>Masia de las Ollas<\/li><li>Finca La Porxada<\/li><li>Termica centrale<\/li><li>Antigue Casa Bodega<\/li><li>Masia Barriles<\/li><li>Casas de los comisarios<\/li><li>Guide Motos Clasicas<\/li><li>Casa de las cristaleras<\/li><li>Casa de los gatos<\/li><li>Biof\u00e1brica<\/li><li>Castillo moderno<\/li><li>Can Rosis<\/li><li>Can Sol<\/li><li>La mas\u00eda del cuchillo<\/li><li>Fabrica pl\u00e1sticos del incidente<\/li><li>H\u00f4tel del Fallecido<\/li><li>Viviendas Oscuras<\/li><li>Carruaje abandonado<\/li><li>Orfanato Intacto<\/li><li>Tuneladora Metro<\/li><li>Cementerio Real Abanadonado<\/li><li>Centre de lutte contre la tuberculose<\/li><li>Hibernadero Abandonado<\/li><li>Colonia Textil H<\/li><li>Campo Golf Abandonado<\/li><li>Casa de los senyores montgros<\/li><li>Casa de los abuelos<\/li><li>Piscina P<\/li><li>Casas de viejos trabajadores<\/li><li>L'\u00e9tonnante villa<\/li><li>Monasterio H<\/li><li>Parc \u00e0 th\u00e8me perdu T<\/li><li>H\u00f4pital Abandonado<\/li><li>Abattoir de Cordoue \/ Matadero de C\u00f3rdoba<\/li><li>Convento LS<\/li><li>Les trains de montagne<\/li><li>Ville fant\u00f4me pa\u00efenne<\/li><li>Convento Bajan<\/li><li>La granja milagrosa<\/li><li>Finca IBA<\/li><li>Gloria desvanecida<\/li><li>Petite tour du ch\u00e2teau<\/li><li>L'industrie perdue<\/li><li>Mega Mansi\u00f3n Inacabada<\/li><li>Abandoned Olive Village \/ Pueblo de olivos abandonado<\/li><li>Cementera Abandonada \/ Factory Tim Burton<\/li><li>Tren Carcas \/ Train Carcas<\/li><li>Salle des Abysses<\/li><li>Talleres de minas \/ Mines Workshops<\/li><li>La mina del director \/ La mine du r\u00e9alisateur<\/li><li>\u00c9glise du Cortijo<\/li><li>Mina de oro \/ Gold Mine<\/li><li>Disco Aqua<\/li><li>H\u00f4tel Triton<\/li><li>Aer\u00f3dromo de monta\u00f1a \/ A\u00e9rodrome de montagne<\/li><li>Village perdu d'Esco<\/li><li>Centrale \u00e9lectrique A<\/li><li>Fabrica Aragon<\/li><li>H\u00f4tel Zuper<\/li><li>H\u00f4tel Ode<\/li><li>Maison Pino<\/li><li>Fabrica Juan<\/li><li>Maison Renco<\/li><li>Castillo de F<\/li><li>Village perdu de San Marco<\/li><li>Village perdu de Los Planos<\/li><li>Village perdu de San Miguel<\/li><li>Village perdu L<\/li><li>Village perdu de Yesa<\/li><li>Fabrica De Oro Y Plata<\/li><li>Balneario Jiloca<\/li><li>Fabrica de Jabones<\/li><li>Bano Del Rey<\/li><li>Casa Dueno Fabrica Oro y Plata<\/li><li>Cajas de Vichy<\/li><li>Mansion de la Carretera<\/li><li>Polideportivo<\/li><li>Casa cubierta de maleza<\/li><li>La asombrosa ruina \/ La ruine \u00e9tonnante<\/li><li>La Casa del Pilar \/ La maison du Pilar<\/li><li>Fabrica de Porcelana<\/li><li>Complejo Residencial<\/li><li>Ba\u00f1o Japonesa \/ Japanese Bathroom Maison Heaven<\/li><li>Antiguo UCA Asturias<\/li><li>La piscifactor\u00eda antique<\/li><li>Sanatorio rojo y amarillo \/ Sanatorium rouge et jaune<\/li><li>Casa Templaria<\/li><li>L'aldea de los gnomos<\/li><li>L'aldea de los gnomos 2<\/li><li>T\u00e9n\u00e8bres profondes<\/li><li>Fort Calvi\u00e0<\/li><li>H\u00f4tel Vallgornera<\/li><li>Nova Valldemossa<\/li><li>Palais Alcudia<\/li><li>Fabrika Zagal<\/li><li>L'espace de la mission<\/li><li>Fort Disco<\/li><li>Appartements inachev\u00e9s<\/li><li>Restaurant TX \/ Restaurant Cesar<\/li><li>Torre de Otxate<\/li><li>El Caballo Perdido<\/li><li>Granja Quemada<\/li><li>Centrale nucl\u00e9aire L<\/li><li>Coll\u00e8ge intact<\/li><li>Manoir S<\/li><li>Maison Persienne<\/li><li>Petit ch\u00e2teau<\/li><li>Casa pais vasco<\/li><li>Torre del Pajarito \/ Bird Tower Maison<\/li><li>Bodega del eco<\/li><li>Ancienne antenne satellite<\/li><li>La Iglesia del Sanatorio de Abades<\/li><li>H\u00f4tel Anjaza \/ H\u00f4tel Y<\/li><li>H\u00f4tel Fajana \/ H\u00f4tel Neptune<\/li><li>Hacienda<\/li><li>Iglesia Levator<\/li><li>H\u00f4tel Azu<\/li><li>Bateau BT<\/li><li>Barrage perdu<\/li><li>Village perdu LF<\/li><li>Barrage perdu 2<\/li><li>H\u00f4tel Skeleton<\/li><li>Manoir Santos Pianos<\/li><li>Ville de Villacreces<\/li><li>\u00c9glise de La Fuente<\/li><li>Fabrique d'acier<\/li><li>Entreprise Harinas<\/li><li>Piramide Italiana<\/li><li>Sanatorio de V<\/li><li>Colonie infantile General Varela<\/li><li>Laboratoire photographique<\/li><li>F\u00e1brica S<\/li><li>Casa de los criados<\/li><li>Fabrication de papier<\/li><li>Maison La Botica<\/li><li>\u00c9cole Regina Pacis<\/li><li>Celda 211<\/li><li>Le manoir des peintres<\/li><li>Molino fantasma<\/li><li>Station-service fant\u00f4me<\/li><li>Club Jen<\/li><li>F\u00e1brica derrumbada \/ Collapsed Factory<\/li><li>La station fantastique<\/li><li>la siguiente parada<\/li><li>Granja solitaria \/ Ferme solitaire<\/li><li>La gasolinera de la vieja escuela \/ La station-service de la vieille \u00e9cole<\/li><li>The Coal and Iron Mine \/ La mina de carb\u00f3n y hierro<\/li><li>Les casernes dans la for\u00eat \/ Los cuarteles en el bosque<\/li><li>Ville fant\u00f4me C<\/li><li>F\u00e1brica de arbustos \/ Bush Factory<\/li><li>La mina de la muerte \/ La mine de la mort<\/li><li>La mina de la muerte \/ La mine de la mort 2<\/li><li>La mina de la muerte \/ La mine de la mort 3<\/li><li>Ville fant\u00f4me de Villar<\/li><li>The Big Mine Machine \/ La gran m\u00e1quina minera<\/li><li>La maison de la mine abandonn\u00e9e<\/li><li>Hotel at the Water \/ Hotel en el agua<\/li><li>Le village magique de la fronti\u00e8re \/ El Pueblo M\u00e1gico de la Frontera<\/li><li>Casa Estaban<\/li><li>The Mining Age of Tungston 1<\/li><li>The Mining Age of Tungston 2<\/li><li>Entreprise KK<\/li><li>Le Club K<\/li><li>Chargement du charbon<\/li><li>Ancienne usine de min\u00e9raux<\/li><li>Mine d'\u00e9meraude<\/li><li>H\u00f4tel Milenial<\/li><li>Casa El Campillo<\/li><li>D\u00e9tour mortel<\/li><li>Couvent de la Floride<\/li><li>Casa Di Aduala<\/li><li>Fabrique de la nature<\/li><li>Emplacement sans voie d'acc\u00e8s<\/li><li>Perdus \u00e0 jamais\/ Perdido para sempre<\/li><li>Sanatorio de Oza<\/li><li>Casas B<\/li><li>La boite de las mil Vidrieras \/ Macrodiscoteca la Vidriera<\/li><li>Ville du cirque<\/li><li>Castello Grido<\/li><li>La F\u00e1brica en la playa 1<\/li><li>La F\u00e1brica en la playa 2<\/li><li>Ceramic Plant Ramon \/ Planta de Cer\u00e1mica Ramon<\/li><li>Maison Moldy Piano \/ Maison Gestapo<\/li><li>Old car house \/ Casa de coches antiguos<\/li><li>The Watermill Factory \/ La f\u00e1brica de molinos de agua<\/li><li>Le vieux centre de vill\u00e9giature \/ El viejo complejo<\/li><li>Ville fant\u00f4me SV \/ Ciudad fantasma SV<\/li><li>Shutter House \/ Casa de persianas<\/li><li>Casa de la arboleda<\/li><li>Casa Boen<\/li><li>Casa Veranda<\/li><li>Casa Bell<\/li><li>La grande prison<\/li><li>Ateliers de fabrication<\/li><li>Art de la c\u00e9ramique<\/li><li>Seafront Batteries \/ Bater\u00edas frente al mar<\/li><li>SS Graffity Base \/ Base de graffiti SS<\/li><li>Bakery Company \/ Compa\u00f1\u00eda de panader\u00eda<\/li><li>The Plant House \/ La casa de las plantas<\/li><li>Manoir d'Aldea \/ Mansi\u00f3n Aldea<\/li><li>Maison Blink \/ Casa Blink<\/li><li>Swimming Pool Factory \/ F\u00e1brica de piscinas<\/li><li>The Vegitation House \/ La casa de la vegetaci\u00f3n<\/li><li>La petite maison \/ La casita<\/li><li>Ferme Monica \/ Granja M\u00f3nica<\/li><li>Barandilla de la casa \/ Maison Guardrail<\/li><li>Village perdu de La Rioja<\/li><li>Discoth\u00e8que des ann\u00e9es 70-80 \/ Isla Club<\/li><li>Bodegas Breton<\/li><li>Restaurant de bodas<\/li><li>Club de Alterne<\/li><li>Chapelle du 1879<\/li><li>S\u00e9minaire des aum\u00f4niers Escolapios<\/li><li>Le village du vin<\/li><li>Chalet moderne<\/li><li>Sanatorio de la Marina<\/li><li>Palais Pio<\/li><li>Le couvent des graffitis<\/li><li>Estacion las infantas<\/li><li>El Alamin<\/li><li>Le quartier militaire est abandonn\u00e9<\/li><li>Parc Aragon<\/li><li>Pavillons pour cavaliers<\/li><li>H\u00f4pital Oncologique<\/li><li>Casa de las sillas<\/li><li>Casa del soldado<\/li><li>Grand Teatro Abandonado<\/li><li>Mani\u00e8re de faire<\/li><li>H\u00f4pital S<\/li><li>Residencia de Ancianos<\/li><li>Casa de juegos de mesa<\/li><li>Casa 13<\/li><li>The Amazing Villa \/ La villa asombrosa<\/li><li>Piscine M<\/li><li>Maza Mine<\/li><li>War Cannons<\/li><li>Workers Church<\/li><li>Mafia mineral wash house<\/li><li>Gold Rush Mine<\/li><li>Les vestiges d'une mine dystopique<\/li><li>L'h\u00f4tel Consul<\/li><li>Le march\u00e9 noir<\/li><li>The Old Priest Ruin<\/li><li>Aso Castle<\/li><li>Ghost Town All<\/li><li>Collapsed Olive Farm<\/li><li>Ruines Usine d'armes<\/li><li>Fort de guerre<\/li><li>Gare perdue C<\/li><li>Aserradero<\/li><li>H\u00f4tel H<\/li><li>Fabrica bidones<\/li><li>Boutique de produits<\/li><li>Psiquiatrico de Cheste<\/li><li>Mas Blau<\/li><li>Pr\u00e9vention des risques li\u00e9s \u00e0 l'eau de Busot<\/li><li>Fabrique de poup\u00e9es en porcelaine<\/li><li>Colonia de S E<\/li><li>Palacete Modernista<\/li><li>Balneario<\/li><li>Centrale Termica<\/li><li>Antigua Fabrica de Conservas<\/li><li>Villa Pepito<\/li><li>Polvorin Turia<\/li><li>Antigua Cementera<\/li><li>Discoth\u00e8que 80's<\/li><li>Fabrication de papier<\/li><li>H\u00f4tel particulier 1878<\/li><li>Palacio Arabe \/ Palais arabe<\/li><li>H\u00f4tel de Hormig\u00f3n<\/li><li>Maison Doctor<\/li><li>H\u00f4pital abandonn\u00e9 de Leprosos<\/li><\/ul><\/p>","protected":false},"excerpt":{"rendered":"<p>Cette carte de l'urbex vous fournit tous les lieux d'exploration urbaine (urbex) dans les pays suivants<strong> Espagne, Toutes les r\u00e9gions. <\/strong>Cette carte des lieux perdus restera mise \u00e0 jour et accessible pendant au moins 365 jours apr\u00e8s l'achat. <\/p>\n<p>This map has currently 455 of the most unique urban exploring locations in Spain: Catalonia and is accessible from anywhere with our easy to use map<strong>. <\/p>\n<p><\/strong><strong>Si vous avez d\u00e9j\u00e0 ce pack, vous pouvez y acc\u00e9der via <a href=\"\/fr\/mon-compte-2-2\/espace-membres\/43905\/le-contenu-de-mon-adhesion\/\">Mes cartes &gt; Afficher.<\/a><\/strong> <a href=\"#tab-description\">Liste de tous les sites Urbex sur cette carte.<\/a><\/p>","protected":false},"featured_media":60548,"template":"","meta":[],"product_brand":[],"product_cat":[322,1139,282],"product_tag":[],"class_list":{"0":"post-60330","1":"product","2":"type-product","3":"status-publish","4":"has-post-thumbnail","6":"product_cat-location-packs","7":"product_cat-maps-spain","8":"product_cat-spain","10":"first","11":"instock","12":"taxable","13":"shipping-taxable","14":"purchasable","15":"product-type-variable"},"jetpack_sharing_enabled":true,"_links":{"self":[{"href":"https:\/\/urbex.direct\/fr\/wp-json\/wp\/v2\/product\/60330","targetHints":{"allow":["GET"]}}],"collection":[{"href":"https:\/\/urbex.direct\/fr\/wp-json\/wp\/v2\/product"}],"about":[{"href":"https:\/\/urbex.direct\/fr\/wp-json\/wp\/v2\/types\/product"}],"wp:featuredmedia":[{"embeddable":true,"href":"https:\/\/urbex.direct\/fr\/wp-json\/wp\/v2\/media\/60548"}],"wp:attachment":[{"href":"https:\/\/urbex.direct\/fr\/wp-json\/wp\/v2\/media?parent=60330"}],"wp:term":[{"taxonomy":"product_brand","embeddable":true,"href":"https:\/\/urbex.direct\/fr\/wp-json\/wp\/v2\/product_brand?post=60330"},{"taxonomy":"product_cat","embeddable":true,"href":"https:\/\/urbex.direct\/fr\/wp-json\/wp\/v2\/product_cat?post=60330"},{"taxonomy":"product_tag","embeddable":true,"href":"https:\/\/urbex.direct\/fr\/wp-json\/wp\/v2\/product_tag?post=60330"}],"curies":[{"name":"wp","href":"https:\/\/api.w.org\/{rel}","templated":true}]}}